{"id":93679,"date":"2024-11-01T21:24:11","date_gmt":"2024-11-01T19:24:11","guid":{"rendered":"https:\/\/staging5.peach-pump.com\/products\/smede-tajice-obrnuti-savovi\/"},"modified":"2025-07-31T00:09:07","modified_gmt":"2025-07-30T22:09:07","slug":"smede-tajice-obrnuti-savovi","status":"publish","type":"product","link":"https:\/\/staging5.peach-pump.com\/hr\/products\/smede-tajice-obrnuti-savovi\/","title":{"rendered":"Sme\u0111e tajice s 3D obrnutim \u0161avovima"},"content":{"rendered":"<p>\u017denske sportske sme\u0111e tajice sa spektakularnim 3D obrnutim \u0161avovima. Ovaj model je modernog dizajna, \u0161avovi prate obline tijela i oblikuju ga. Materijal tajica je mekan i elasti\u010dan, daje potpunu slobodu kretanja i udobnost tijekom bavljenja sportom, ima skrivenu gumicu i na taj na\u010din izdu\u017euje figuru. Tajice su dostupne u tri moderne boje za sezonu, mogu se kombinirati sa sportskim grudnjakom u istom uzorku.   <\/p>\n<ul>\n<li>Elasti\u010dna tkanina<\/li>\n<li>Toplinski zape\u010da\u0107en logo Peach Pump na prednjoj strani nogavice<\/li>\n<li>Spektakularni 3D \u0161avovi<\/li>\n<li>Skrivena gumica struka<\/li>\n<li>Materijal koji upija vlagu<\/li>\n<li>Bez Peachy efekat<\/li>\n<\/ul>\n<p>Sastav: 80% poliester 20% elastan<\/p>\n<p>Proizvod se mo\u017ee prati na temperaturi do 30 stupnjeva, molimo nemojte koristiti izbjeljiva\u010d niti kemijsko \u010di\u0161\u0107enje.<\/p>\n<p>Manekenka na fotografiji visoka je 178 cm, te\u0161ka 54 kg i nosi veli\u010dinu S.<\/p>\n<p>Koristite tablice za odabir to\u010dne veli\u010dine.<\/p>\n<p>&nbsp;<\/p>\n","protected":false},"excerpt":{"rendered":"<p>\u017denske sportske sme\u0111e tajice sa spektakularnim 3D obrnutim \u0161avovima. Ovaj model je modernog dizajna, \u0161avovi prate obline tijela i oblikuju ga. Materijal tajica je mekan i elasti\u010dan, daje potpunu slobodu kretanja i udobnost tijekom bavljenja sportom, ima skrivenu gumicu i na taj na\u010din izdu\u017euje figuru. Tajice su dostupne u tri moderne boje za sezonu, mogu [&hellip;]<\/p>\n","protected":false},"featured_media":91874,"comment_status":"open","ping_status":"closed","template":"","meta":[],"product_brand":[],"product_cat":[136,293],"product_tag":[],"class_list":{"0":"post-93679","1":"product","2":"type-product","3":"status-publish","4":"has-post-thumbnail","6":"product_cat-zenske-sportske-tajice","7":"product_cat-zenske-tajice-duge","8":"pa_cviat-smede","9":"pa_razmer-l-hr","10":"pa_razmer-m-hr","11":"pa_razmer-s-hr-2","12":"inventories-world","13":"inventories-uk","15":"first","16":"instock","17":"sale","18":"taxable","19":"shipping-taxable","20":"purchasable","21":"product-type-variable"},"_links":{"self":[{"href":"https:\/\/staging5.peach-pump.com\/hr\/wp-json\/wp\/v2\/product\/93679","targetHints":{"allow":["GET"]}}],"collection":[{"href":"https:\/\/staging5.peach-pump.com\/hr\/wp-json\/wp\/v2\/product"}],"about":[{"href":"https:\/\/staging5.peach-pump.com\/hr\/wp-json\/wp\/v2\/types\/product"}],"replies":[{"embeddable":true,"href":"https:\/\/staging5.peach-pump.com\/hr\/wp-json\/wp\/v2\/comments?post=93679"}],"version-history":[{"count":1,"href":"https:\/\/staging5.peach-pump.com\/hr\/wp-json\/wp\/v2\/product\/93679\/revisions"}],"predecessor-version":[{"id":108820,"href":"https:\/\/staging5.peach-pump.com\/hr\/wp-json\/wp\/v2\/product\/93679\/revisions\/108820"}],"wp:featuredmedia":[{"embeddable":true,"href":"https:\/\/staging5.peach-pump.com\/hr\/wp-json\/wp\/v2\/media\/91874"}],"wp:attachment":[{"href":"https:\/\/staging5.peach-pump.com\/hr\/wp-json\/wp\/v2\/media?parent=93679"}],"wp:term":[{"taxonomy":"product_brand","embeddable":true,"href":"https:\/\/staging5.peach-pump.com\/hr\/wp-json\/wp\/v2\/product_brand?post=93679"},{"taxonomy":"product_cat","embeddable":true,"href":"https:\/\/staging5.peach-pump.com\/hr\/wp-json\/wp\/v2\/product_cat?post=93679"},{"taxonomy":"product_tag","embeddable":true,"href":"https:\/\/staging5.peach-pump.com\/hr\/wp-json\/wp\/v2\/product_tag?post=93679"}],"curies":[{"name":"wp","href":"https:\/\/api.w.org\/{rel}","templated":true}]}}