{"id":93671,"date":"2024-11-01T21:40:40","date_gmt":"2024-11-01T19:40:40","guid":{"rendered":"https:\/\/staging5.peach-pump.com\/products\/plavi-sportski-grudnjak-obrnuti-savovi\/"},"modified":"2025-07-23T07:23:44","modified_gmt":"2025-07-23T05:23:44","slug":"plavi-sportski-grudnjak-obrnuti-savovi","status":"publish","type":"product","link":"https:\/\/staging5.peach-pump.com\/hr\/products\/plavi-sportski-grudnjak-obrnuti-savovi\/","title":{"rendered":"Tamnoplavi sportski grudnjak s 3D obrnutim \u0161avovima"},"content":{"rendered":"<p>Tamnoplavi sportski grudnjak sa spektakularnim 3D obrnutim \u0161avovima i tankim naramenicama. Dizajn sportskog grudnjaka je moderan, ima podstava s lifting efektom koja se mo\u017ee skinuti. Materijal je mekan i elasti\u010dan te daje osje\u0107aj komfora i udobnosti tijekom treninga. Sportski grudnjak je dostupane u tri moderne boje za sezonu, a mo\u017ee se kombinirati s tajicama u istom uzorku.   <\/p>\n<ul>\n<li>Moderan dizajn<\/li>\n<li>Elasti\u010dna tkanina<\/li>\n<li>Spektakularni 3D \u0161avovi<\/li>\n<li>Podstava s push-up efektom koja se mo\u017ee skinuti<\/li>\n<li>Tanke naramenice<\/li>\n<li>Toplinski za\u010de\u010da\u0107en logo Peach Pump na bo\u010dnoj strani sportskog grudnjaka<\/li>\n<li>Materijal koji upija vlagu<\/li>\n<\/ul>\n<p>Sastav: 80% poliester 20% elastan<\/p>\n<p>Grudnjak se mo\u017ee prati na temperaturi do 30 stupnjeva, molimo nemojte koristiti izbjeljiva\u010d niti kemijsko \u010di\u0161\u0107enje.<\/p>\n<p>Manekenka na fotografiji visoka je 178 cm, te\u0161ka 54 kg i nosi veli\u010dinu S.<\/p>\n<p>Koristite tablice za odabir to\u010dne veli\u010dine.<\/p>\n","protected":false},"excerpt":{"rendered":"<p>Tamnoplavi sportski grudnjak sa spektakularnim 3D obrnutim \u0161avovima i tankim naramenicama. Dizajn sportskog grudnjaka je moderan, ima podstava s lifting efektom koja se mo\u017ee skinuti. Materijal je mekan i elasti\u010dan te daje osje\u0107aj komfora i udobnosti tijekom treninga. Sportski grudnjak je dostupane u tri moderne boje za sezonu, a mo\u017ee se kombinirati s tajicama u [&hellip;]<\/p>\n","protected":false},"featured_media":91945,"comment_status":"open","ping_status":"closed","template":"","meta":[],"product_brand":[],"product_cat":[341],"product_tag":[],"class_list":{"0":"post-93671","1":"product","2":"type-product","3":"status-publish","4":"has-post-thumbnail","6":"product_cat-sportski-grudnjaci","7":"pa_cviat-plava","8":"pa_razmer-l-hr","9":"pa_razmer-m-hr","10":"pa_razmer-s-hr-2","11":"inventories-world","12":"inventories-uk","14":"first","15":"instock","16":"sale","17":"taxable","18":"shipping-taxable","19":"purchasable","20":"product-type-variable"},"_links":{"self":[{"href":"https:\/\/staging5.peach-pump.com\/hr\/wp-json\/wp\/v2\/product\/93671","targetHints":{"allow":["GET"]}}],"collection":[{"href":"https:\/\/staging5.peach-pump.com\/hr\/wp-json\/wp\/v2\/product"}],"about":[{"href":"https:\/\/staging5.peach-pump.com\/hr\/wp-json\/wp\/v2\/types\/product"}],"replies":[{"embeddable":true,"href":"https:\/\/staging5.peach-pump.com\/hr\/wp-json\/wp\/v2\/comments?post=93671"}],"version-history":[{"count":1,"href":"https:\/\/staging5.peach-pump.com\/hr\/wp-json\/wp\/v2\/product\/93671\/revisions"}],"predecessor-version":[{"id":111319,"href":"https:\/\/staging5.peach-pump.com\/hr\/wp-json\/wp\/v2\/product\/93671\/revisions\/111319"}],"wp:featuredmedia":[{"embeddable":true,"href":"https:\/\/staging5.peach-pump.com\/hr\/wp-json\/wp\/v2\/media\/91945"}],"wp:attachment":[{"href":"https:\/\/staging5.peach-pump.com\/hr\/wp-json\/wp\/v2\/media?parent=93671"}],"wp:term":[{"taxonomy":"product_brand","embeddable":true,"href":"https:\/\/staging5.peach-pump.com\/hr\/wp-json\/wp\/v2\/product_brand?post=93671"},{"taxonomy":"product_cat","embeddable":true,"href":"https:\/\/staging5.peach-pump.com\/hr\/wp-json\/wp\/v2\/product_cat?post=93671"},{"taxonomy":"product_tag","embeddable":true,"href":"https:\/\/staging5.peach-pump.com\/hr\/wp-json\/wp\/v2\/product_tag?post=93671"}],"curies":[{"name":"wp","href":"https:\/\/api.w.org\/{rel}","templated":true}]}}