{"id":93667,"date":"2024-11-01T21:47:40","date_gmt":"2024-11-01T19:47:40","guid":{"rendered":"https:\/\/staging5.peach-pump.com\/products\/smedi-sportski-grudnjak-obrnuti-savovi\/"},"modified":"2025-07-31T00:09:06","modified_gmt":"2025-07-30T22:09:06","slug":"smedi-sportski-grudnjak-obrnuti-savovi","status":"publish","type":"product","link":"https:\/\/staging5.peach-pump.com\/hr\/products\/smedi-sportski-grudnjak-obrnuti-savovi\/","title":{"rendered":"Sme\u0111i sportski grudnjak s 3D obrnutim \u0161avovima"},"content":{"rendered":"<p>Sme\u0111i sportski grudnjak sa spektakularnim 3D obrnutim \u0161avovima i tankim naramenicama. Dizajn sportskog grudnjaka je moderan, ima podstavu s lifting efektom koja se mo\u017ee skinuti. Materijal je mekan i elasti\u010dan te daje osje\u0107aj komfora i udobnosti tijekom treninga. Sportski grudnjak je dostupan u tri moderne boje za sezonu, a mo\u017ee se kombinirati s tajicama u istom uzorku.   <\/p>\n<ul>\n<li>Moderan dizajn<\/li>\n<li>Elasti\u010dna tkanina<\/li>\n<li>Spektakularni 3D \u0161avovi<\/li>\n<li>Podstava s push-up efektom koja se mo\u017ee skinuti<\/li>\n<li>Tanke naramenice<\/li>\n<li>Toplinski za\u010de\u010da\u0107en logo Peach Pump na bo\u010dnoj strani sportskog grudnjaka<\/li>\n<li>Materijal koji upija vlagu<\/li>\n<\/ul>\n<p>Sastav: 80% poliester 20% elastan<\/p>\n<p>Grudnjak se mo\u017ee prati na temperaturi do 30 stupnjeva, molimo nemojte koristiti izbjeljiva\u010d niti kemijsko \u010di\u0161\u0107enje.<\/p>\n<p>Manekenka na fotografiji visoka je 178 cm, te\u0161ka 54 kg i nosi veli\u010dinu S.<\/p>\n<p>Koristite tablice za odabir to\u010dne veli\u010dine.<\/p>\n","protected":false},"excerpt":{"rendered":"<p>Sme\u0111i sportski grudnjak sa spektakularnim 3D obrnutim \u0161avovima i tankim naramenicama. Dizajn sportskog grudnjaka je moderan, ima podstavu s lifting efektom koja se mo\u017ee skinuti. Materijal je mekan i elasti\u010dan te daje osje\u0107aj komfora i udobnosti tijekom treninga. Sportski grudnjak je dostupan u tri moderne boje za sezonu, a mo\u017ee se kombinirati s tajicama u [&hellip;]<\/p>\n","protected":false},"featured_media":91985,"comment_status":"open","ping_status":"closed","template":"","meta":[],"product_brand":[],"product_cat":[341],"product_tag":[],"class_list":{"0":"post-93667","1":"product","2":"type-product","3":"status-publish","4":"has-post-thumbnail","6":"product_cat-sportski-grudnjaci","7":"pa_cviat-smede","8":"pa_razmer-l-hr","9":"pa_razmer-m-hr","10":"pa_razmer-s-hr-2","11":"inventories-world","12":"inventories-uk","14":"first","15":"instock","16":"sale","17":"taxable","18":"shipping-taxable","19":"purchasable","20":"product-type-variable"},"_links":{"self":[{"href":"https:\/\/staging5.peach-pump.com\/hr\/wp-json\/wp\/v2\/product\/93667","targetHints":{"allow":["GET"]}}],"collection":[{"href":"https:\/\/staging5.peach-pump.com\/hr\/wp-json\/wp\/v2\/product"}],"about":[{"href":"https:\/\/staging5.peach-pump.com\/hr\/wp-json\/wp\/v2\/types\/product"}],"replies":[{"embeddable":true,"href":"https:\/\/staging5.peach-pump.com\/hr\/wp-json\/wp\/v2\/comments?post=93667"}],"version-history":[{"count":1,"href":"https:\/\/staging5.peach-pump.com\/hr\/wp-json\/wp\/v2\/product\/93667\/revisions"}],"predecessor-version":[{"id":111330,"href":"https:\/\/staging5.peach-pump.com\/hr\/wp-json\/wp\/v2\/product\/93667\/revisions\/111330"}],"wp:featuredmedia":[{"embeddable":true,"href":"https:\/\/staging5.peach-pump.com\/hr\/wp-json\/wp\/v2\/media\/91985"}],"wp:attachment":[{"href":"https:\/\/staging5.peach-pump.com\/hr\/wp-json\/wp\/v2\/media?parent=93667"}],"wp:term":[{"taxonomy":"product_brand","embeddable":true,"href":"https:\/\/staging5.peach-pump.com\/hr\/wp-json\/wp\/v2\/product_brand?post=93667"},{"taxonomy":"product_cat","embeddable":true,"href":"https:\/\/staging5.peach-pump.com\/hr\/wp-json\/wp\/v2\/product_cat?post=93667"},{"taxonomy":"product_tag","embeddable":true,"href":"https:\/\/staging5.peach-pump.com\/hr\/wp-json\/wp\/v2\/product_tag?post=93667"}],"curies":[{"name":"wp","href":"https:\/\/api.w.org\/{rel}","templated":true}]}}