{"id":87544,"date":"2024-08-27T14:26:32","date_gmt":"2024-08-27T12:26:32","guid":{"rendered":"https:\/\/staging5.peach-pump.com\/products\/plavi-sportski-grudnjak-bijele-naramenice\/"},"modified":"2025-07-30T09:43:21","modified_gmt":"2025-07-30T07:43:21","slug":"plavi-sportski-grudnjak-bijele-naramenice","status":"publish","type":"product","link":"https:\/\/staging5.peach-pump.com\/hr\/products\/plavi-sportski-grudnjak-bijele-naramenice\/","title":{"rendered":"Plavi sportski grudnjak s bijelim naramenicama"},"content":{"rendered":"<p>Plavi poprsje s bijelim naramenicama i podstavom s lifting efektom. Ovaj model izra\u0111en je od elasti\u010dne, prozra\u010dne tkanine koja odvodi vlagu od tijela i omogu\u0107uje potpunu slobodu kretanja tijekom vje\u017ebanja. Podstava grudnjaka se mo\u017ee skinuti i ima toplinski zavaren logotip &#8220;Peach Pump&#8221; na prednjoj strani. Mo\u017ee se kombinirati s kratkim klinovima u istom uzorku ili s jednobojnim dugim klinovima.   <\/p>\n<p>Svje\u017ei prijedlog uz koji \u0107ete se osje\u0107ati lijepo i seksi.<\/p>\n<p>O sportskom grudnjaku :<\/p>\n<ul>\n<li> Podstava koja se mo\u017ee ukloniti<\/li>\n<li> Push-up efekt<\/li>\n<li> Velika elasti\u010dnost<\/li>\n<li> Toplinski zape\u010da\u0107eni logo Peach Pump na prednjem dijelu grudnjaka<\/li>\n<li> Materijal koji odvodi vlagu od tijela<\/li>\n<\/ul>\n<p>Sastav: 80% poliester 20% elastan<\/p>\n<p>Grudnjak se mo\u017ee prati na temperaturi do 30 stupnjeva, preporu\u010dljivo ga je okrenuti naopa\u010dke prilikom pranja, nemojte koristiti izbjeljiva\u010d ili kemijsko \u010di\u0161\u0107enje.<\/p>\n<p>Manekenka na fotografiji visoka je 180 cm, te\u0161ka 56 kg i pozira u grudnjaku veli\u010dine S.<\/p>\n<p>Koristite tablice za odabir to\u010dne veli\u010dine.<\/p>\n<p>&nbsp;<\/p>\n<p><a href=\"https:\/\/staging5.peach-pump.com\/wp-content\/uploads\/2024\/06\/Sport-Bras-Peach-Pump-size-chart-800x800.jpg\"><img class=\"alignnone wp-image-80917 \" src=\"https:\/\/staging5.peach-pump.com\/wp-content\/uploads\/2024\/06\/Sport-Bras-Peach-Pump-size-chart-800x800.jpg\" alt=\"\" width=\"543\" height=\"543\" srcset=\"https:\/\/staging5.peach-pump.com\/wp-content\/uploads\/2024\/06\/Sport-Bras-Peach-Pump-size-chart-800x800.jpg 800w, https:\/\/staging5.peach-pump.com\/wp-content\/uploads\/2024\/06\/Sport-Bras-Peach-Pump-size-chart-430x430.jpg 430w, https:\/\/staging5.peach-pump.com\/wp-content\/uploads\/2024\/06\/Sport-Bras-Peach-Pump-size-chart-150x150.jpg 150w, https:\/\/staging5.peach-pump.com\/wp-content\/uploads\/2024\/06\/Sport-Bras-Peach-Pump-size-chart-700x700.jpg 700w, https:\/\/staging5.peach-pump.com\/wp-content\/uploads\/2024\/06\/Sport-Bras-Peach-Pump-size-chart-64x64.jpg 64w, https:\/\/staging5.peach-pump.com\/wp-content\/uploads\/2024\/06\/Sport-Bras-Peach-Pump-size-chart-300x300.jpg 300w, https:\/\/staging5.peach-pump.com\/wp-content\/uploads\/2024\/06\/Sport-Bras-Peach-Pump-size-chart-768x768.jpg 768w, https:\/\/staging5.peach-pump.com\/wp-content\/uploads\/2024\/06\/Sport-Bras-Peach-Pump-size-chart-860x860.jpg 860w, https:\/\/staging5.peach-pump.com\/wp-content\/uploads\/2024\/06\/Sport-Bras-Peach-Pump-size-chart.jpg 1080w\" sizes=\"(max-width: 543px) 100vw, 543px\" \/><\/a><\/p>\n","protected":false},"excerpt":{"rendered":"<p>Plavi poprsje s bijelim naramenicama i podstavom s lifting efektom. Ovaj model izra\u0111en je od elasti\u010dne, prozra\u010dne tkanine koja odvodi vlagu od tijela i omogu\u0107uje potpunu slobodu kretanja tijekom vje\u017ebanja. Podstava grudnjaka se mo\u017ee skinuti i ima toplinski zavaren logotip &#8220;Peach Pump&#8221; na prednjoj strani. Mo\u017ee se kombinirati s kratkim klinovima u istom uzorku ili [&hellip;]<\/p>\n","protected":false},"featured_media":86670,"comment_status":"open","ping_status":"closed","template":"","meta":[],"product_brand":[],"product_cat":[341],"product_tag":[],"class_list":{"0":"post-87544","1":"product","2":"type-product","3":"status-publish","4":"has-post-thumbnail","6":"product_cat-sportski-grudnjaci","7":"pa_cviat-plava","8":"pa_razmer-l-hr","9":"pa_razmer-m-hr","10":"pa_razmer-s-hr-2","11":"inventories-world","12":"inventories-uk","14":"first","15":"instock","16":"taxable","17":"shipping-taxable","18":"purchasable","19":"product-type-variable"},"_links":{"self":[{"href":"https:\/\/staging5.peach-pump.com\/hr\/wp-json\/wp\/v2\/product\/87544","targetHints":{"allow":["GET"]}}],"collection":[{"href":"https:\/\/staging5.peach-pump.com\/hr\/wp-json\/wp\/v2\/product"}],"about":[{"href":"https:\/\/staging5.peach-pump.com\/hr\/wp-json\/wp\/v2\/types\/product"}],"replies":[{"embeddable":true,"href":"https:\/\/staging5.peach-pump.com\/hr\/wp-json\/wp\/v2\/comments?post=87544"}],"version-history":[{"count":1,"href":"https:\/\/staging5.peach-pump.com\/hr\/wp-json\/wp\/v2\/product\/87544\/revisions"}],"predecessor-version":[{"id":108844,"href":"https:\/\/staging5.peach-pump.com\/hr\/wp-json\/wp\/v2\/product\/87544\/revisions\/108844"}],"wp:featuredmedia":[{"embeddable":true,"href":"https:\/\/staging5.peach-pump.com\/hr\/wp-json\/wp\/v2\/media\/86670"}],"wp:attachment":[{"href":"https:\/\/staging5.peach-pump.com\/hr\/wp-json\/wp\/v2\/media?parent=87544"}],"wp:term":[{"taxonomy":"product_brand","embeddable":true,"href":"https:\/\/staging5.peach-pump.com\/hr\/wp-json\/wp\/v2\/product_brand?post=87544"},{"taxonomy":"product_cat","embeddable":true,"href":"https:\/\/staging5.peach-pump.com\/hr\/wp-json\/wp\/v2\/product_cat?post=87544"},{"taxonomy":"product_tag","embeddable":true,"href":"https:\/\/staging5.peach-pump.com\/hr\/wp-json\/wp\/v2\/product_tag?post=87544"}],"curies":[{"name":"wp","href":"https:\/\/api.w.org\/{rel}","templated":true}]}}