{"id":87536,"date":"2024-08-27T13:25:44","date_gmt":"2024-08-27T11:25:44","guid":{"rendered":"https:\/\/staging5.peach-pump.com\/products\/ruzicasti-sportski-grudnjak-bijele-naramenice\/"},"modified":"2025-07-25T20:44:51","modified_gmt":"2025-07-25T18:44:51","slug":"ruzicasti-sportski-grudnjak-bijele-naramenice","status":"publish","type":"product","link":"https:\/\/staging5.peach-pump.com\/hr\/products\/ruzicasti-sportski-grudnjak-bijele-naramenice\/","title":{"rendered":"Ru\u017ei\u010dasti sportski grudnjak s bijelim naramenicama"},"content":{"rendered":"<p>Ru\u017ei\u010dasti sportski grudnjak s bijelim naramenicama i podstavom s efektom podizanja. Ovaj model izra\u0111en je od elasti\u010dnog, disajnog materijala koji odvodi vlagu od tijela i daje potpunu slobodu kretanja tijekom treninga. Podstava za grudnjak se mo\u017ee ukloniti, a na prednjoj strani nalazi se toplinski zape\u010da\u0107eni logo &#8220;Peach Pump&#8221;. Mo\u017ee se kombinirati s kratkim tajicama u istom dezenu ili s jednobojnim dugim tajicama. Svje\u017ei prijedlog uz koji \u0107ete se osje\u0107ati lijepo i seksi.   <\/p>\n<p>O sportskom grudnjaku :<\/p>\n<ul>\n<li> Podstava koja se mo\u017ee ukloniti<\/li>\n<li> Push-up efekt<\/li>\n<li> Velika elasti\u010dnost<\/li>\n<li> Toplinski zape\u010da\u0107eni logo Peach Pump na prednjem dijelu grudnjaka<\/li>\n<li> Materijal koji odvodi vlagu od tijela<\/li>\n<\/ul>\n<p>Sastav: 80% poliester 20% elastan<\/p>\n<p>Grudnjak se mo\u017ee prati na temperaturi do 30 stupnjeva, preporu\u010dljivo ga je okrenuti naopa\u010dke prilikom pranja, nemojte koristiti izbjeljiva\u010d ili kemijsko \u010di\u0161\u0107enje. Manekenka na fotografiji visoka je 180 cm, te\u0161ka 56 kg i pozira s poprsjem veli\u010dine S.<\/p>\n<p>Koristite tablice za odabir to\u010dne veli\u010dine.<\/p>\n<p>&nbsp;<\/p>\n<p><a href=\"https:\/\/staging5.peach-pump.com\/wp-content\/uploads\/2024\/06\/Sport-Bras-Peach-Pump-size-chart-800x800.jpg\"><img class=\"alignnone wp-image-80917 \" src=\"https:\/\/staging5.peach-pump.com\/wp-content\/uploads\/2024\/06\/Sport-Bras-Peach-Pump-size-chart-800x800.jpg\" alt=\"\" width=\"524\" height=\"524\" srcset=\"https:\/\/staging5.peach-pump.com\/wp-content\/uploads\/2024\/06\/Sport-Bras-Peach-Pump-size-chart-800x800.jpg 800w, https:\/\/staging5.peach-pump.com\/wp-content\/uploads\/2024\/06\/Sport-Bras-Peach-Pump-size-chart-430x430.jpg 430w, https:\/\/staging5.peach-pump.com\/wp-content\/uploads\/2024\/06\/Sport-Bras-Peach-Pump-size-chart-150x150.jpg 150w, https:\/\/staging5.peach-pump.com\/wp-content\/uploads\/2024\/06\/Sport-Bras-Peach-Pump-size-chart-700x700.jpg 700w, https:\/\/staging5.peach-pump.com\/wp-content\/uploads\/2024\/06\/Sport-Bras-Peach-Pump-size-chart-64x64.jpg 64w, https:\/\/staging5.peach-pump.com\/wp-content\/uploads\/2024\/06\/Sport-Bras-Peach-Pump-size-chart-300x300.jpg 300w, https:\/\/staging5.peach-pump.com\/wp-content\/uploads\/2024\/06\/Sport-Bras-Peach-Pump-size-chart-768x768.jpg 768w, https:\/\/staging5.peach-pump.com\/wp-content\/uploads\/2024\/06\/Sport-Bras-Peach-Pump-size-chart-860x860.jpg 860w, https:\/\/staging5.peach-pump.com\/wp-content\/uploads\/2024\/06\/Sport-Bras-Peach-Pump-size-chart.jpg 1080w\" sizes=\"(max-width: 524px) 100vw, 524px\" \/><\/a><\/p>\n","protected":false},"excerpt":{"rendered":"<p>Ru\u017ei\u010dasti sportski grudnjak s bijelim naramenicama i podstavom s efektom podizanja. Ovaj model izra\u0111en je od elasti\u010dnog, disajnog materijala koji odvodi vlagu od tijela i daje potpunu slobodu kretanja tijekom treninga. Podstava za grudnjak se mo\u017ee ukloniti, a na prednjoj strani nalazi se toplinski zape\u010da\u0107eni logo &#8220;Peach Pump&#8221;. Mo\u017ee se kombinirati s kratkim tajicama u [&hellip;]<\/p>\n","protected":false},"featured_media":86537,"comment_status":"open","ping_status":"closed","template":"","meta":[],"product_brand":[],"product_cat":[341],"product_tag":[],"class_list":{"0":"post-87536","1":"product","2":"type-product","3":"status-publish","4":"has-post-thumbnail","6":"product_cat-sportski-grudnjaci","7":"pa_cviat-ruzicasta","8":"pa_razmer-l-hr","9":"pa_razmer-m-hr","10":"pa_razmer-s-hr-2","11":"inventories-world","12":"inventories-uk","14":"first","15":"instock","16":"taxable","17":"shipping-taxable","18":"purchasable","19":"product-type-variable"},"_links":{"self":[{"href":"https:\/\/staging5.peach-pump.com\/hr\/wp-json\/wp\/v2\/product\/87536","targetHints":{"allow":["GET"]}}],"collection":[{"href":"https:\/\/staging5.peach-pump.com\/hr\/wp-json\/wp\/v2\/product"}],"about":[{"href":"https:\/\/staging5.peach-pump.com\/hr\/wp-json\/wp\/v2\/types\/product"}],"replies":[{"embeddable":true,"href":"https:\/\/staging5.peach-pump.com\/hr\/wp-json\/wp\/v2\/comments?post=87536"}],"version-history":[{"count":0,"href":"https:\/\/staging5.peach-pump.com\/hr\/wp-json\/wp\/v2\/product\/87536\/revisions"}],"wp:featuredmedia":[{"embeddable":true,"href":"https:\/\/staging5.peach-pump.com\/hr\/wp-json\/wp\/v2\/media\/86537"}],"wp:attachment":[{"href":"https:\/\/staging5.peach-pump.com\/hr\/wp-json\/wp\/v2\/media?parent=87536"}],"wp:term":[{"taxonomy":"product_brand","embeddable":true,"href":"https:\/\/staging5.peach-pump.com\/hr\/wp-json\/wp\/v2\/product_brand?post=87536"},{"taxonomy":"product_cat","embeddable":true,"href":"https:\/\/staging5.peach-pump.com\/hr\/wp-json\/wp\/v2\/product_cat?post=87536"},{"taxonomy":"product_tag","embeddable":true,"href":"https:\/\/staging5.peach-pump.com\/hr\/wp-json\/wp\/v2\/product_tag?post=87536"}],"curies":[{"name":"wp","href":"https:\/\/api.w.org\/{rel}","templated":true}]}}