{"id":78694,"date":"2024-05-06T16:27:06","date_gmt":"2024-05-06T14:27:06","guid":{"rendered":"https:\/\/staging5.peach-pump.com\/products\/bluza-i-kratke-hlace-komplet\/"},"modified":"2025-07-30T13:44:18","modified_gmt":"2025-07-30T11:44:18","slug":"bluza-i-kratke-hlace-komplet","status":"publish","type":"product","link":"https:\/\/staging5.peach-pump.com\/hr\/products\/bluza-i-kratke-hlace-komplet\/","title":{"rendered":"Ru\u017ei\u010dasti sportski komplet bluza i kratke hla\u010de"},"content":{"rendered":"<p>Sportski komplet bluza i kratke hla\u010dice u ru\u017ei\u010dastoj boji. Majica kratkih rukava ima o\u0161tar V-izrez s man\u017eetama i 3D vez Peach Pump. Kratke hla\u010de imaju d\u017eepove sprijeda i Peach Pump vez, imaju vezice koje mogu zategnuti struk za ve\u0107u udobnost i prakti\u010dnost tijekom vje\u017ebanja. Limitirani sportski model Peach Pump u kojem \u0107ete se osje\u0107ati udobno, slobodno i seksi.<\/p>\n<p>O bluzi:<\/p>\n<ul>\n<li>Pamu\u010dna majica<\/li>\n<li>V-izrez s man\u017eetom<\/li>\n<li>3D vez Peach Pump<\/li>\n<li>Slobodan kroj<\/li>\n<li>Kratki rukav<\/li>\n<\/ul>\n<p>O kratkim hla\u010dama:<\/p>\n<ul>\n<li>Pamu\u010dne kratke hla\u010de<\/li>\n<li>Spektakularan dizajn<\/li>\n<li>D\u017eepovi sprijeda<\/li>\n<li>Vez Peach Pump<\/li>\n<li>Vezice za stezanje struka<\/li>\n<\/ul>\n<p>Sastav: 95% pamuk, 5% elastin<\/p>\n<p>Komplet se mo\u017ee prati na temperaturi do 30 stupnjeva, nemojte izbjeljivati \u200b\u200bniti \u010distiti na kemijsko pranje.<\/p>\n<p>Manekenka na fotografiji visoka je 170, te\u0161ka 49 kg i pozira u bluzi veli\u010dine S i kratkim hla\u010dama veli\u010dine S.<\/p>\n<p>Koristite tablice za odabir to\u010dne veli\u010dine.<\/p>\n","protected":false},"excerpt":{"rendered":"<p>Sportski komplet bluza i kratke hla\u010dice u ru\u017ei\u010dastoj boji. Majica kratkih rukava ima o\u0161tar V-izrez s man\u017eetama i 3D vez Peach Pump. Kratke hla\u010de imaju d\u017eepove sprijeda i Peach Pump vez, imaju vezice koje mogu zategnuti struk za ve\u0107u udobnost i prakti\u010dnost tijekom vje\u017ebanja. Limitirani sportski model Peach Pump u kojem \u0107ete se osje\u0107ati udobno, [&hellip;]<\/p>\n","protected":false},"featured_media":76926,"comment_status":"open","ping_status":"closed","template":"","meta":[],"product_brand":[],"product_cat":[342,343],"product_tag":[],"class_list":{"0":"post-78694","1":"product","2":"type-product","3":"status-publish","4":"has-post-thumbnail","6":"product_cat-zenska-sportska-kombinacije","7":"product_cat-kratke-sportske-kombinacije","8":"pa_cviat-ruzicasta","9":"inventories-world","10":"inventories-uk","12":"first","13":"instock","14":"sale","15":"taxable","16":"shipping-taxable","17":"purchasable","18":"product-type-yith_bundle"},"_links":{"self":[{"href":"https:\/\/staging5.peach-pump.com\/hr\/wp-json\/wp\/v2\/product\/78694","targetHints":{"allow":["GET"]}}],"collection":[{"href":"https:\/\/staging5.peach-pump.com\/hr\/wp-json\/wp\/v2\/product"}],"about":[{"href":"https:\/\/staging5.peach-pump.com\/hr\/wp-json\/wp\/v2\/types\/product"}],"replies":[{"embeddable":true,"href":"https:\/\/staging5.peach-pump.com\/hr\/wp-json\/wp\/v2\/comments?post=78694"}],"version-history":[{"count":1,"href":"https:\/\/staging5.peach-pump.com\/hr\/wp-json\/wp\/v2\/product\/78694\/revisions"}],"predecessor-version":[{"id":104155,"href":"https:\/\/staging5.peach-pump.com\/hr\/wp-json\/wp\/v2\/product\/78694\/revisions\/104155"}],"wp:featuredmedia":[{"embeddable":true,"href":"https:\/\/staging5.peach-pump.com\/hr\/wp-json\/wp\/v2\/media\/76926"}],"wp:attachment":[{"href":"https:\/\/staging5.peach-pump.com\/hr\/wp-json\/wp\/v2\/media?parent=78694"}],"wp:term":[{"taxonomy":"product_brand","embeddable":true,"href":"https:\/\/staging5.peach-pump.com\/hr\/wp-json\/wp\/v2\/product_brand?post=78694"},{"taxonomy":"product_cat","embeddable":true,"href":"https:\/\/staging5.peach-pump.com\/hr\/wp-json\/wp\/v2\/product_cat?post=78694"},{"taxonomy":"product_tag","embeddable":true,"href":"https:\/\/staging5.peach-pump.com\/hr\/wp-json\/wp\/v2\/product_tag?post=78694"}],"curies":[{"name":"wp","href":"https:\/\/api.w.org\/{rel}","templated":true}]}}