{"id":78671,"date":"2024-05-01T23:58:47","date_gmt":"2024-05-01T21:58:47","guid":{"rendered":"https:\/\/staging5.peach-pump.com\/products\/zenske-kratke-tajice-crne\/"},"modified":"2025-07-31T13:13:48","modified_gmt":"2025-07-31T11:13:48","slug":"zenske-kratke-tajice-crne","status":"publish","type":"product","link":"https:\/\/staging5.peach-pump.com\/hr\/products\/zenske-kratke-tajice-crne\/","title":{"rendered":"Crne \u017eenske kratke tajice s efektom oblikovanja Peach Pump"},"content":{"rendered":"<p>Sportske \u017eenske kratke tajice vrstu \u201cbiker shorts\u201d u crnoj boji strvorene od be\u0161avne, elasti\u010dne i na dodir meke tkanine. Ovaj model savr\u0161eno oblikuje tijelo, ima \u0161iroki rips pojas s ugraviranim natpisom &#8220;Peach Pump&#8221;, koji nje\u017eno ste\u017ee struk. Tkanina tajica prikriva problemati\u010dna podru\u010dja, odvodi vlagu od tijela i ima elemente koji oblikuju srta\u017enjicu vrstu breskve, za lijepu i gracioznu siluetu. Uz ovaj model osje\u0107at \u0107ete se udobno i samouvjereno. Mo\u017eete kombinirati tajice sa sportskim grudnjakom u istom dezenu ili svoj sportski izgled u\u010diniti istaknutijim i druga\u010dijim uz na\u0161u bogatu kolekciju jakni, sportskih grudnjaka i dodataka.<\/p>\n<ul>\n<li>Visok struk<\/li>\n<li>Tkanina bez \u0161avova<\/li>\n<li>Podi\u017eu, oblikuju, prikrivaju problemati\u010dna podru\u010dja<\/li>\n<li>Rips pojas koji omotava ki\u010dmu.<\/li>\n<li>Peachy efekt<\/li>\n<li>Toplinski zape\u010da\u0107eni natpis &#8220;Peach Pump&#8221; sprijeda<\/li>\n<li>Bez \u0161avova sprijeda<\/li>\n<li>Toplinski zape\u010da\u0107eni logo Peach Pump na stra\u017enjoj strani tajice<\/li>\n<li>Ugravirano Peach Pump na pojasu<\/li>\n<li>Tkanina koja odvodi vlagu s tijela<\/li>\n<\/ul>\n<p>Sastav: 80% poliester 20% elastan<\/p>\n<p>Proizvod se mo\u017ee prati na temperaturi do 30 stupnjeva, molimo nemojte koristiti izbjeljiva\u010d niti kemijsko \u010di\u0161\u0107enje.<\/p>\n<p>Manekenka na fotografiji visoka je 178 cm, te\u0161ka 54 kg i nosi veli\u010dinu S.<\/p>\n<p>Koristite tablice za odabir to\u010dne veli\u010dine.<\/p>\n","protected":false},"excerpt":{"rendered":"<p>Sportske \u017eenske kratke tajice vrstu \u201cbiker shorts\u201d u crnoj boji strvorene od be\u0161avne, elasti\u010dne i na dodir meke tkanine. Ovaj model savr\u0161eno oblikuje tijelo, ima \u0161iroki rips pojas s ugraviranim natpisom &#8220;Peach Pump&#8221;, koji nje\u017eno ste\u017ee struk. Tkanina tajica prikriva problemati\u010dna podru\u010dja, odvodi vlagu od tijela i ima elemente koji oblikuju srta\u017enjicu vrstu breskve, za [&hellip;]<\/p>\n","protected":false},"featured_media":75716,"comment_status":"open","ping_status":"closed","template":"","meta":[],"product_brand":[],"product_cat":[136,196],"product_tag":[],"class_list":{"0":"post-78671","1":"product","2":"type-product","3":"status-publish","4":"has-post-thumbnail","6":"product_cat-zenske-sportske-tajice","7":"product_cat-kratke-tajice","8":"pa_cviat-crno","9":"pa_razmer-l-hr","10":"pa_razmer-m-hr","11":"pa_razmer-s-hr-2","12":"inventories-world","13":"inventories-uk","15":"first","16":"instock","17":"taxable","18":"shipping-taxable","19":"purchasable","20":"product-type-variable"},"_links":{"self":[{"href":"https:\/\/staging5.peach-pump.com\/hr\/wp-json\/wp\/v2\/product\/78671","targetHints":{"allow":["GET"]}}],"collection":[{"href":"https:\/\/staging5.peach-pump.com\/hr\/wp-json\/wp\/v2\/product"}],"about":[{"href":"https:\/\/staging5.peach-pump.com\/hr\/wp-json\/wp\/v2\/types\/product"}],"replies":[{"embeddable":true,"href":"https:\/\/staging5.peach-pump.com\/hr\/wp-json\/wp\/v2\/comments?post=78671"}],"version-history":[{"count":0,"href":"https:\/\/staging5.peach-pump.com\/hr\/wp-json\/wp\/v2\/product\/78671\/revisions"}],"wp:featuredmedia":[{"embeddable":true,"href":"https:\/\/staging5.peach-pump.com\/hr\/wp-json\/wp\/v2\/media\/75716"}],"wp:attachment":[{"href":"https:\/\/staging5.peach-pump.com\/hr\/wp-json\/wp\/v2\/media?parent=78671"}],"wp:term":[{"taxonomy":"product_brand","embeddable":true,"href":"https:\/\/staging5.peach-pump.com\/hr\/wp-json\/wp\/v2\/product_brand?post=78671"},{"taxonomy":"product_cat","embeddable":true,"href":"https:\/\/staging5.peach-pump.com\/hr\/wp-json\/wp\/v2\/product_cat?post=78671"},{"taxonomy":"product_tag","embeddable":true,"href":"https:\/\/staging5.peach-pump.com\/hr\/wp-json\/wp\/v2\/product_tag?post=78671"}],"curies":[{"name":"wp","href":"https:\/\/api.w.org\/{rel}","templated":true}]}}