{"id":73546,"date":"2024-04-06T14:50:01","date_gmt":"2024-04-06T12:50:01","guid":{"rendered":"https:\/\/staging5.peach-pump.com\/?post_type=product&#038;p=73546"},"modified":"2025-07-31T00:35:47","modified_gmt":"2025-07-30T22:35:47","slug":"ruzicaste-zenske-kratke-hlace-s-dzepovima","status":"publish","type":"product","link":"https:\/\/staging5.peach-pump.com\/hr\/products\/ruzicaste-zenske-kratke-hlace-s-dzepovima\/","title":{"rendered":"Ru\u017ei\u010daste \u017eenske kratke hla\u010de s d\u017eepovima"},"content":{"rendered":"<p>Pamu\u010dne ru\u017ei\u010daste \u017eenske kratke hla\u010de. Model ima d\u017eepove sprijeda i Peach Pump vez na d\u017eepu. Kratke hla\u010de imaju vezice koje mogu stegnuti struk za ve\u0107u udobnost i prakti\u010dnost tijekom vje\u017ebanja. Ovaj model se savr\u0161eno poklapa s na\u0161om bluzom s V-izrezom Peach Pump ili kratkim Crop Topom za savr\u0161en zavr\u0161etak izgleda, koji je prikladan i za teretanu, i za slobodno vrijeme.<\/p>\n<ul>\n<li>Pamu\u010dne kratke hla\u010de<\/li>\n<li>Spektakularan dizajn<\/li>\n<li>D\u017eepovi sprijeda<\/li>\n<li>Vez Peach Pump<\/li>\n<li>Vezice za stezanje struka<\/li>\n<\/ul>\n<p>Sastav: 95% pamuk, 5% elastin<\/p>\n<p>Hla\u010de se mogu prati na temperaturi do 30 stupnjeva, nemojte koristiti izbjeljiva\u010d niti kemijsko \u010di\u0161\u0107enje.<\/p>\n<p>Manekenka na slici visoka je 170, te\u0161ka 49 kg i pozira u veli\u010dini S.<\/p>\n<p>Koristite tablice za odabir to\u010dne veli\u010dine.<\/p>\n","protected":false},"excerpt":{"rendered":"<p>Pamu\u010dne ru\u017ei\u010daste \u017eenske kratke hla\u010de. Model ima d\u017eepove sprijeda i Peach Pump vez na d\u017eepu. Kratke hla\u010de imaju vezice koje mogu stegnuti struk za ve\u0107u udobnost i prakti\u010dnost tijekom vje\u017ebanja. Ovaj model se savr\u0161eno poklapa s na\u0161om bluzom s V-izrezom Peach Pump ili kratkim Crop Topom za savr\u0161en zavr\u0161etak izgleda, koji je prikladan i za [&hellip;]<\/p>\n","protected":false},"featured_media":73884,"comment_status":"open","ping_status":"closed","template":"","meta":[],"product_brand":[],"product_cat":[136,196,195],"product_tag":[],"class_list":{"0":"post-73546","1":"product","2":"type-product","3":"status-publish","4":"has-post-thumbnail","6":"product_cat-zenske-sportske-tajice","7":"product_cat-kratke-tajice","8":"product_cat-tajice-s-dzepovima","9":"pa_cviat-ruzicasta","10":"pa_razmer-m-hr","11":"pa_razmer-s-hr-2","12":"inventories-world","13":"inventories-uk","15":"first","16":"instock","17":"sale","18":"taxable","19":"shipping-taxable","20":"purchasable","21":"product-type-variable"},"_links":{"self":[{"href":"https:\/\/staging5.peach-pump.com\/hr\/wp-json\/wp\/v2\/product\/73546","targetHints":{"allow":["GET"]}}],"collection":[{"href":"https:\/\/staging5.peach-pump.com\/hr\/wp-json\/wp\/v2\/product"}],"about":[{"href":"https:\/\/staging5.peach-pump.com\/hr\/wp-json\/wp\/v2\/types\/product"}],"replies":[{"embeddable":true,"href":"https:\/\/staging5.peach-pump.com\/hr\/wp-json\/wp\/v2\/comments?post=73546"}],"version-history":[{"count":1,"href":"https:\/\/staging5.peach-pump.com\/hr\/wp-json\/wp\/v2\/product\/73546\/revisions"}],"predecessor-version":[{"id":111409,"href":"https:\/\/staging5.peach-pump.com\/hr\/wp-json\/wp\/v2\/product\/73546\/revisions\/111409"}],"wp:featuredmedia":[{"embeddable":true,"href":"https:\/\/staging5.peach-pump.com\/hr\/wp-json\/wp\/v2\/media\/73884"}],"wp:attachment":[{"href":"https:\/\/staging5.peach-pump.com\/hr\/wp-json\/wp\/v2\/media?parent=73546"}],"wp:term":[{"taxonomy":"product_brand","embeddable":true,"href":"https:\/\/staging5.peach-pump.com\/hr\/wp-json\/wp\/v2\/product_brand?post=73546"},{"taxonomy":"product_cat","embeddable":true,"href":"https:\/\/staging5.peach-pump.com\/hr\/wp-json\/wp\/v2\/product_cat?post=73546"},{"taxonomy":"product_tag","embeddable":true,"href":"https:\/\/staging5.peach-pump.com\/hr\/wp-json\/wp\/v2\/product_tag?post=73546"}],"curies":[{"name":"wp","href":"https:\/\/api.w.org\/{rel}","templated":true}]}}