{"id":73535,"date":"2024-04-01T00:55:48","date_gmt":"2024-03-31T22:55:48","guid":{"rendered":"https:\/\/staging5.peach-pump.com\/products\/ruzicaste-besavne-tajice-s-efektom-oblikovanja-3\/"},"modified":"2025-07-29T10:45:18","modified_gmt":"2025-07-29T08:45:18","slug":"ruzicaste-besavne-tajice-s-efektom-oblikovanja-3","status":"publish","type":"product","link":"https:\/\/staging5.peach-pump.com\/hr\/products\/ruzicaste-besavne-tajice-s-efektom-oblikovanja-3\/","title":{"rendered":"Ru\u017ei\u010daste be\u0161avne tajice s efektom oblikovanja"},"content":{"rendered":"<p>Ru\u017ei\u010daste be\u0161avne tajice &#8220;pepeo ru\u017ee&#8221;, s omiljenim Peach Pump efektom oblikovanja, savr\u0161eno oblikuju tijelo i stvaraju osje\u0107aj lako\u0107e i udobnosti. Tajice su izra\u0111ene od uske be\u0161avne tkanine, imaju visok struk i rips pojas koji ste\u017ee i oblikuje struk. Ovaj model je prikladan za aerobik ili fitness, s njim \u0107ete se istaknuti i impresionirati svakoga, mo\u017ee se kombinirati sa sportskim grudnjakom u istom dezenu, ili pogledajte ostale na\u0161e prijedloge boja u rubrici &#8211; &#8220;Sportski kompleti&#8221;. Tajice su od u\u017ee tkanine, na\u0161 model nosi veli\u010dinu M.<\/p>\n<ul>\n<li>Visok struk<\/li>\n<li>Tkanina bez \u0161avova<\/li>\n<li>Podi\u017eu, oblikuju, prikrivaju problemati\u010dna podru\u010dja<\/li>\n<li>Rips pojas koji omotava ki\u010dmu.<\/li>\n<li>Peachy efekt<\/li>\n<li>Bez \u0161avova sprijeda<\/li>\n<li>Toplinski zape\u010da\u0107eni logo Peach Pump na stra\u017enjoj strani tajice<\/li>\n<li>Tehnologija za odvo\u0111enje znoja<\/li>\n<\/ul>\n<p>Sastav: 80% poliester 20% elastan.<\/p>\n<p>Proizvod se mo\u017ee prati na temperaturi do 30 stupnjeva, molimo nemojte koristiti izbjeljiva\u010d niti kemijsko \u010di\u0161\u0107enje.<\/p>\n<p>Manekenka na slici je visoka 178 cm, te\u0161ka 54 kg i nosi veli\u010dinu M. Tajice su od uskog materijala.<\/p>\n<p>Koristite tablice za odabir to\u010dne veli\u010dine.<\/p>\n<p><a href=\"https:\/\/staging5.peach-pump.com\/wp-content\/uploads\/2024\/04\/C274427E-CD99-455E-B65B-E536C277DEAA.png\"><img class=\"alignnone wp-image-72322 \" src=\"https:\/\/staging5.peach-pump.com\/wp-content\/uploads\/2024\/04\/C274427E-CD99-455E-B65B-E536C277DEAA.png\" alt=\"\" width=\"627\" height=\"470\" srcset=\"https:\/\/staging5.peach-pump.com\/wp-content\/uploads\/2024\/04\/C274427E-CD99-455E-B65B-E536C277DEAA.png 1024w, https:\/\/staging5.peach-pump.com\/wp-content\/uploads\/2024\/04\/C274427E-CD99-455E-B65B-E536C277DEAA-430x323.png 430w, https:\/\/staging5.peach-pump.com\/wp-content\/uploads\/2024\/04\/C274427E-CD99-455E-B65B-E536C277DEAA-150x113.png 150w, https:\/\/staging5.peach-pump.com\/wp-content\/uploads\/2024\/04\/C274427E-CD99-455E-B65B-E536C277DEAA-700x525.png 700w, https:\/\/staging5.peach-pump.com\/wp-content\/uploads\/2024\/04\/C274427E-CD99-455E-B65B-E536C277DEAA-64x48.png 64w, https:\/\/staging5.peach-pump.com\/wp-content\/uploads\/2024\/04\/C274427E-CD99-455E-B65B-E536C277DEAA-400x300.png 400w, https:\/\/staging5.peach-pump.com\/wp-content\/uploads\/2024\/04\/C274427E-CD99-455E-B65B-E536C277DEAA-768x576.png 768w, https:\/\/staging5.peach-pump.com\/wp-content\/uploads\/2024\/04\/C274427E-CD99-455E-B65B-E536C277DEAA-860x645.png 860w\" sizes=\"(max-width: 627px) 100vw, 627px\" \/><\/a><\/p>\n","protected":false},"excerpt":{"rendered":"<p>Ru\u017ei\u010daste be\u0161avne tajice &#8220;pepeo ru\u017ee&#8221;, s omiljenim Peach Pump efektom oblikovanja, savr\u0161eno oblikuju tijelo i stvaraju osje\u0107aj lako\u0107e i udobnosti. Tajice su izra\u0111ene od uske be\u0161avne tkanine, imaju visok struk i rips pojas koji ste\u017ee i oblikuje struk. Ovaj model je prikladan za aerobik ili fitness, s njim \u0107ete se istaknuti i impresionirati svakoga, mo\u017ee [&hellip;]<\/p>\n","protected":false},"featured_media":72636,"comment_status":"open","ping_status":"closed","template":"","meta":[],"product_brand":[],"product_cat":[136,293],"product_tag":[],"class_list":{"0":"post-73535","1":"product","2":"type-product","3":"status-publish","4":"has-post-thumbnail","6":"product_cat-zenske-sportske-tajice","7":"product_cat-zenske-tajice-duge","8":"pa_cviat-ruzicasta","9":"pa_razmer-l-hr","10":"pa_razmer-m-hr","11":"pa_razmer-s-hr-2","12":"inventories-world","13":"inventories-uk","15":"first","16":"instock","17":"taxable","18":"shipping-taxable","19":"purchasable","20":"product-type-variable"},"_links":{"self":[{"href":"https:\/\/staging5.peach-pump.com\/hr\/wp-json\/wp\/v2\/product\/73535","targetHints":{"allow":["GET"]}}],"collection":[{"href":"https:\/\/staging5.peach-pump.com\/hr\/wp-json\/wp\/v2\/product"}],"about":[{"href":"https:\/\/staging5.peach-pump.com\/hr\/wp-json\/wp\/v2\/types\/product"}],"replies":[{"embeddable":true,"href":"https:\/\/staging5.peach-pump.com\/hr\/wp-json\/wp\/v2\/comments?post=73535"}],"version-history":[{"count":1,"href":"https:\/\/staging5.peach-pump.com\/hr\/wp-json\/wp\/v2\/product\/73535\/revisions"}],"predecessor-version":[{"id":108944,"href":"https:\/\/staging5.peach-pump.com\/hr\/wp-json\/wp\/v2\/product\/73535\/revisions\/108944"}],"wp:featuredmedia":[{"embeddable":true,"href":"https:\/\/staging5.peach-pump.com\/hr\/wp-json\/wp\/v2\/media\/72636"}],"wp:attachment":[{"href":"https:\/\/staging5.peach-pump.com\/hr\/wp-json\/wp\/v2\/media?parent=73535"}],"wp:term":[{"taxonomy":"product_brand","embeddable":true,"href":"https:\/\/staging5.peach-pump.com\/hr\/wp-json\/wp\/v2\/product_brand?post=73535"},{"taxonomy":"product_cat","embeddable":true,"href":"https:\/\/staging5.peach-pump.com\/hr\/wp-json\/wp\/v2\/product_cat?post=73535"},{"taxonomy":"product_tag","embeddable":true,"href":"https:\/\/staging5.peach-pump.com\/hr\/wp-json\/wp\/v2\/product_tag?post=73535"}],"curies":[{"name":"wp","href":"https:\/\/api.w.org\/{rel}","templated":true}]}}