{"id":73515,"date":"2024-04-01T00:19:52","date_gmt":"2024-03-31T22:19:52","guid":{"rendered":"https:\/\/staging5.peach-pump.com\/products\/zelene-kratke-tajice-besavne\/"},"modified":"2025-07-28T10:09:34","modified_gmt":"2025-07-28T08:09:34","slug":"zelene-kratke-tajice-besavne","status":"publish","type":"product","link":"https:\/\/staging5.peach-pump.com\/hr\/products\/zelene-kratke-tajice-besavne\/","title":{"rendered":"Be\u0161avne tamnozelene kratke tajice s V-strukom"},"content":{"rendered":"<p>Sportske, be\u0161avne, tamnozelene kratke tajice s V-strukom, koje nje\u017eno zate\u017eu i oblikuju siluetu. Idealne su za aerobik ili trening snage, a za\u0161to ne i za \u0161etnju parkom u slobodno vrijeme. Uz ovaj model tajica osje\u0107at \u0107ete se udobno i seksi, materijal je be\u0161avan, elasti\u010dan i savr\u0161eno pristaje uz tijelo. Tamnozelena boja aktualna je za ljeto i lako se kombinira s kontroverznim topom, sportskim grudnjakom ili dodatkom iz kolekcije Peach Pump koji \u0107e savr\u0161eno upotpuniti va\u0161 sportski komplet.<\/p>\n<ul>\n<li>Visok V struk<\/li>\n<li>Be\u0161avna tkanina<\/li>\n<li>Podi\u017ee, oblikuje, prikriva problemati\u010dna podru\u010dja<\/li>\n<li>Rips pojas koji omotava ki\u010dmu.<\/li>\n<li>Peachy efekt<\/li>\n<li>Bez \u0161avova sprijeda<\/li>\n<li>Toplinski zape\u010da\u0107eni logo Peach Pump na stra\u017enjoj strani tajice<\/li>\n<li>Peach Pump logo na prednjoj strani nogavice<\/li>\n<li>Tkanina koja odvodi vlagu s tijela<\/li>\n<\/ul>\n<p>&nbsp;<\/p>\n<p>Sastav: 80% poliester 20% elastan<\/p>\n<p>Proizvod se mo\u017ee prati na temperaturi do 30 stupnjeva, molimo nemojte koristiti izbjeljiva\u010d niti kemijsko \u010di\u0161\u0107enje.<\/p>\n<p>Manekenka na fotografiji visoka je 165 cm, te\u0161ka 52 kg i pozira u veli\u010dini M.<\/p>\n<p>Koristite tablice za odabir to\u010dne veli\u010dine.<\/p>\n<p><a href=\"https:\/\/staging5.peach-pump.com\/wp-content\/uploads\/2024\/04\/C274427E-CD99-455E-B65B-E536C277DEAA.png\"><img class=\"alignnone wp-image-72322 \" src=\"https:\/\/staging5.peach-pump.com\/wp-content\/uploads\/2024\/04\/C274427E-CD99-455E-B65B-E536C277DEAA.png\" alt=\"\" width=\"673\" height=\"505\" srcset=\"https:\/\/staging5.peach-pump.com\/wp-content\/uploads\/2024\/04\/C274427E-CD99-455E-B65B-E536C277DEAA.png 1024w, https:\/\/staging5.peach-pump.com\/wp-content\/uploads\/2024\/04\/C274427E-CD99-455E-B65B-E536C277DEAA-430x323.png 430w, https:\/\/staging5.peach-pump.com\/wp-content\/uploads\/2024\/04\/C274427E-CD99-455E-B65B-E536C277DEAA-150x113.png 150w, https:\/\/staging5.peach-pump.com\/wp-content\/uploads\/2024\/04\/C274427E-CD99-455E-B65B-E536C277DEAA-700x525.png 700w, https:\/\/staging5.peach-pump.com\/wp-content\/uploads\/2024\/04\/C274427E-CD99-455E-B65B-E536C277DEAA-64x48.png 64w, https:\/\/staging5.peach-pump.com\/wp-content\/uploads\/2024\/04\/C274427E-CD99-455E-B65B-E536C277DEAA-400x300.png 400w, https:\/\/staging5.peach-pump.com\/wp-content\/uploads\/2024\/04\/C274427E-CD99-455E-B65B-E536C277DEAA-768x576.png 768w, https:\/\/staging5.peach-pump.com\/wp-content\/uploads\/2024\/04\/C274427E-CD99-455E-B65B-E536C277DEAA-860x645.png 860w\" sizes=\"(max-width: 673px) 100vw, 673px\" \/><\/a><\/p>\n","protected":false},"excerpt":{"rendered":"<p>Sportske, be\u0161avne, tamnozelene kratke tajice s V-strukom, koje nje\u017eno zate\u017eu i oblikuju siluetu. Idealne su za aerobik ili trening snage, a za\u0161to ne i za \u0161etnju parkom u slobodno vrijeme. Uz ovaj model tajica osje\u0107at \u0107ete se udobno i seksi, materijal je be\u0161avan, elasti\u010dan i savr\u0161eno pristaje uz tijelo. Tamnozelena boja aktualna je za ljeto [&hellip;]<\/p>\n","protected":false},"featured_media":72376,"comment_status":"open","ping_status":"closed","template":"","meta":[],"product_brand":[],"product_cat":[136,196],"product_tag":[],"class_list":{"0":"post-73515","1":"product","2":"type-product","3":"status-publish","4":"has-post-thumbnail","6":"product_cat-zenske-sportske-tajice","7":"product_cat-kratke-tajice","8":"pa_cviat-zelena","9":"pa_razmer-l-hr","10":"pa_razmer-m-hr","11":"pa_razmer-s-hr-2","12":"inventories-world","13":"inventories-uk","15":"first","16":"instock","17":"sale","18":"taxable","19":"shipping-taxable","20":"purchasable","21":"product-type-variable"},"_links":{"self":[{"href":"https:\/\/staging5.peach-pump.com\/hr\/wp-json\/wp\/v2\/product\/73515","targetHints":{"allow":["GET"]}}],"collection":[{"href":"https:\/\/staging5.peach-pump.com\/hr\/wp-json\/wp\/v2\/product"}],"about":[{"href":"https:\/\/staging5.peach-pump.com\/hr\/wp-json\/wp\/v2\/types\/product"}],"replies":[{"embeddable":true,"href":"https:\/\/staging5.peach-pump.com\/hr\/wp-json\/wp\/v2\/comments?post=73515"}],"version-history":[{"count":0,"href":"https:\/\/staging5.peach-pump.com\/hr\/wp-json\/wp\/v2\/product\/73515\/revisions"}],"wp:featuredmedia":[{"embeddable":true,"href":"https:\/\/staging5.peach-pump.com\/hr\/wp-json\/wp\/v2\/media\/72376"}],"wp:attachment":[{"href":"https:\/\/staging5.peach-pump.com\/hr\/wp-json\/wp\/v2\/media?parent=73515"}],"wp:term":[{"taxonomy":"product_brand","embeddable":true,"href":"https:\/\/staging5.peach-pump.com\/hr\/wp-json\/wp\/v2\/product_brand?post=73515"},{"taxonomy":"product_cat","embeddable":true,"href":"https:\/\/staging5.peach-pump.com\/hr\/wp-json\/wp\/v2\/product_cat?post=73515"},{"taxonomy":"product_tag","embeddable":true,"href":"https:\/\/staging5.peach-pump.com\/hr\/wp-json\/wp\/v2\/product_tag?post=73515"}],"curies":[{"name":"wp","href":"https:\/\/api.w.org\/{rel}","templated":true}]}}