{"id":56236,"date":"2023-10-02T19:36:01","date_gmt":"2023-10-02T17:36:01","guid":{"rendered":"https:\/\/staging5.peach-pump.com\/products\/smedi-besavni-komplet-cvrstih-tajica-i-bluzu\/"},"modified":"2025-06-21T19:31:20","modified_gmt":"2025-06-21T17:31:20","slug":"smedi-besavni-komplet-cvrste-tajice","status":"publish","type":"product","link":"https:\/\/staging5.peach-pump.com\/hr\/products\/smedi-besavni-komplet-cvrste-tajice\/","title":{"rendered":"Sme\u0111i be\u0161avni komplet \u010dvrstih tajica i bluzu"},"content":{"rendered":"<p>Sme\u0111i be\u0161avni komplet, \u010dvrste tajice i bluza za fitness s dugim rukavima. Ovaj zanimljivi model ima rips tkaninu i stoji lijepo uz tijelu. Bluza ima izrezani dekolte pogodan za hladnije jesensko\/zimsko vrijeme, zaljubit \u0107ete se u meko\u0107u i na\u010din na koji Va\u0161e tijelo miluje. Tajice su od \u010dvrste, elasti\u010dne tkanine imaju \u0161iroki pojas, Peach Pump efekat podizanja i oblikovanja, tako omiljen na\u0161em brendu. Bit \u0107ete zadivljeni meko\u0107om, toplinom i na\u010dinom na koji oblikuje Va\u0161u figuru. Raznolikost boja. za bluzu:  <\/p>\n<ul>\n<li>Rips tkanina<\/li>\n<li>Toplinski zape\u010da\u0107eno &#8216;Peach Pump&#8217; na ramenu<\/li>\n<li>Velika elasti\u010dnost<\/li>\n<li> Be\u0161avna rips tkanina<\/li>\n<\/ul>\n<p>  za Klinu:  <\/p>\n<ul>\n<li> Podi\u017ee, oblikuje, prikriva problemati\u010dna podru\u010dja<\/li>\n<li> \u010cvr\u0161\u0107e<\/li>\n<li> Obujimaju\u0107i ki\u010dmu rips<\/li>\n<li> Peachy efekt<\/li>\n<li> Bez \u0161avova sprijeda<\/li>\n<li> Toplinski zape\u010da\u0107eni logo Peach Pump na stra\u017enjoj strani tajice<\/li>\n<li> Materijal za odvo\u0111enje znoja<\/li>\n<li> Zanimljiv dizajn<\/li>\n<li> Visok struk<\/li>\n<\/ul>\n<p>  Sastav: 80% poliester 20% elastan Model na fotografiji je visok 178 cm, te\u017eak 54 kg i nosi veli\u010dinu M za bluzu i tajice. Tajice i bluza mogu se prati na temperaturi do 30 stupnjeva, nemojte koristiti izbjeljiva\u010d ili kemijsko \u010di\u0161\u0107enje.<\/p>\n","protected":false},"excerpt":{"rendered":"<p>Sme\u0111i be\u0161avni komplet, \u010dvrste tajice i bluza za fitness s dugim rukavima. Ovaj zanimljivi model ima rips tkaninu i stoji lijepo uz tijelu. Bluza ima izrezani dekolte pogodan za hladnije jesensko\/zimsko vrijeme, zaljubit \u0107ete se u meko\u0107u i na\u010din na koji Va\u0161e tijelo miluje. Tajice su od \u010dvrste, elasti\u010dne tkanine imaju \u0161iroki pojas, Peach Pump [&hellip;]<\/p>\n","protected":false},"featured_media":20989,"comment_status":"open","ping_status":"closed","template":"","meta":[],"product_brand":[],"product_cat":[342,344],"product_tag":[],"class_list":{"0":"post-56236","1":"product","2":"type-product","3":"status-publish","4":"has-post-thumbnail","6":"product_cat-zenska-sportska-kombinacije","7":"product_cat-sportski-kompleti-tajica","8":"pa_cviat-smede","9":"inventories-world","10":"inventories-uk","12":"first","13":"instock","14":"virtual","15":"taxable","16":"purchasable","17":"product-type-yith_bundle"},"_links":{"self":[{"href":"https:\/\/staging5.peach-pump.com\/hr\/wp-json\/wp\/v2\/product\/56236","targetHints":{"allow":["GET"]}}],"collection":[{"href":"https:\/\/staging5.peach-pump.com\/hr\/wp-json\/wp\/v2\/product"}],"about":[{"href":"https:\/\/staging5.peach-pump.com\/hr\/wp-json\/wp\/v2\/types\/product"}],"replies":[{"embeddable":true,"href":"https:\/\/staging5.peach-pump.com\/hr\/wp-json\/wp\/v2\/comments?post=56236"}],"version-history":[{"count":0,"href":"https:\/\/staging5.peach-pump.com\/hr\/wp-json\/wp\/v2\/product\/56236\/revisions"}],"wp:featuredmedia":[{"embeddable":true,"href":"https:\/\/staging5.peach-pump.com\/hr\/wp-json\/wp\/v2\/media\/20989"}],"wp:attachment":[{"href":"https:\/\/staging5.peach-pump.com\/hr\/wp-json\/wp\/v2\/media?parent=56236"}],"wp:term":[{"taxonomy":"product_brand","embeddable":true,"href":"https:\/\/staging5.peach-pump.com\/hr\/wp-json\/wp\/v2\/product_brand?post=56236"},{"taxonomy":"product_cat","embeddable":true,"href":"https:\/\/staging5.peach-pump.com\/hr\/wp-json\/wp\/v2\/product_cat?post=56236"},{"taxonomy":"product_tag","embeddable":true,"href":"https:\/\/staging5.peach-pump.com\/hr\/wp-json\/wp\/v2\/product_tag?post=56236"}],"curies":[{"name":"wp","href":"https:\/\/api.w.org\/{rel}","templated":true}]}}