{"id":56212,"date":"2023-10-14T09:43:05","date_gmt":"2023-10-14T07:43:05","guid":{"rendered":"https:\/\/staging5.peach-pump.com\/products\/zenska-plava-sportska-bluza-s-dugim-rukavima\/"},"modified":"2025-07-29T15:19:19","modified_gmt":"2025-07-29T13:19:19","slug":"plava-sportska-bluza-s-dugim-rukavima","status":"publish","type":"product","link":"https:\/\/staging5.peach-pump.com\/hr\/products\/plava-sportska-bluza-s-dugim-rukavima\/","title":{"rendered":"\u017denska plava sportska bluza s dugim rukavima"},"content":{"rendered":"<p>Plava sportska bluza s dugim rukavima od \u010dvrste tkanine u tamnoplavoj boji. Ovaj tako zanimljiv model ima rips materijal, lijepo stoji uz tijelo i ima izrezani dekolte. Mo\u017ee se kombinirati s tajicama u istoj boji ili s tajicama neke druge \u010di\u0161tije boje. Bluza je pogodna za hladnije jesensko\/zimsko vrijeme, zaljubit \u0107ete se u meko\u0107u, toplinu i na\u010din na koji miluje va\u0161e tijelo.<\/p>\n<ul>\n<li>Rips tkanina<\/li>\n<li>Toplinski zape\u010da\u0107eno &#8216;Peach Pump&#8217; na ramenu<\/li>\n<li>Velika elasti\u010dnost<\/li>\n<li>Zanimljiv dizajn<\/li>\n<\/ul>\n<p>Sastav: 80% poliester 20% elastan<\/p>\n<p>Tajice se mogu prati na temperaturi do 30 stupnjeva, molimo nemojte koristiti izbjeljiva\u010d niti kemijsko \u010di\u0161\u0107enje<\/p>\n<p>Model na fotografiji visok je 169 cm, te\u017ei 52 kg i pozira u veli\u010dini M.<\/p>\n<p>Prsa: S: 85-90cm\/M: 90-95cm\/L: 95\u2013100cm<\/p>\n","protected":false},"excerpt":{"rendered":"<p>Plava sportska bluza s dugim rukavima od \u010dvrste tkanine u tamnoplavoj boji. Ovaj tako zanimljiv model ima rips materijal, lijepo stoji uz tijelo i ima izrezani dekolte. Mo\u017ee se kombinirati s tajicama u istoj boji ili s tajicama neke druge \u010di\u0161tije boje. Bluza je pogodna za hladnije jesensko\/zimsko vrijeme, zaljubit \u0107ete se u meko\u0107u, toplinu [&hellip;]<\/p>\n","protected":false},"featured_media":53247,"comment_status":"open","ping_status":"closed","template":"","meta":[],"product_brand":[],"product_cat":[340],"product_tag":[],"class_list":{"0":"post-56212","1":"product","2":"type-product","3":"status-publish","4":"has-post-thumbnail","6":"product_cat-zenske-bluze-sportske","7":"pa_cviat-tamno-plava","8":"pa_razmer-l-hr","9":"pa_razmer-m-hr","10":"pa_razmer-s-hr-2","11":"inventories-world","12":"inventories-uk","14":"first","15":"instock","16":"taxable","17":"shipping-taxable","18":"purchasable","19":"product-type-variable"},"_links":{"self":[{"href":"https:\/\/staging5.peach-pump.com\/hr\/wp-json\/wp\/v2\/product\/56212","targetHints":{"allow":["GET"]}}],"collection":[{"href":"https:\/\/staging5.peach-pump.com\/hr\/wp-json\/wp\/v2\/product"}],"about":[{"href":"https:\/\/staging5.peach-pump.com\/hr\/wp-json\/wp\/v2\/types\/product"}],"replies":[{"embeddable":true,"href":"https:\/\/staging5.peach-pump.com\/hr\/wp-json\/wp\/v2\/comments?post=56212"}],"version-history":[{"count":0,"href":"https:\/\/staging5.peach-pump.com\/hr\/wp-json\/wp\/v2\/product\/56212\/revisions"}],"wp:featuredmedia":[{"embeddable":true,"href":"https:\/\/staging5.peach-pump.com\/hr\/wp-json\/wp\/v2\/media\/53247"}],"wp:attachment":[{"href":"https:\/\/staging5.peach-pump.com\/hr\/wp-json\/wp\/v2\/media?parent=56212"}],"wp:term":[{"taxonomy":"product_brand","embeddable":true,"href":"https:\/\/staging5.peach-pump.com\/hr\/wp-json\/wp\/v2\/product_brand?post=56212"},{"taxonomy":"product_cat","embeddable":true,"href":"https:\/\/staging5.peach-pump.com\/hr\/wp-json\/wp\/v2\/product_cat?post=56212"},{"taxonomy":"product_tag","embeddable":true,"href":"https:\/\/staging5.peach-pump.com\/hr\/wp-json\/wp\/v2\/product_tag?post=56212"}],"curies":[{"name":"wp","href":"https:\/\/api.w.org\/{rel}","templated":true}]}}