{"id":56208,"date":"2023-10-14T10:10:00","date_gmt":"2023-10-14T08:10:00","guid":{"rendered":"https:\/\/staging5.peach-pump.com\/products\/plavi-besavni-sportski-komplet-od-cvrste-tkanine\/"},"modified":"2025-07-29T15:19:16","modified_gmt":"2025-07-29T13:19:16","slug":"plavi-besavni-sportski-komplet","status":"publish","type":"product","link":"https:\/\/staging5.peach-pump.com\/hr\/products\/plavi-besavni-sportski-komplet\/","title":{"rendered":"Plavi be\u0161avni sportski komplet od \u010dvrste tkanine"},"content":{"rendered":"<p>Tamnoplavi be\u0161avni sportski komplet, tajice i bluza za fitness s dugim rukavima. Ovaj zanimljivi model ima rips tkaninu i stoji lijepo uz tijelu. Bluza ima izrezani dekolte pogodna za hladnije jesensko\/zimsko vrijeme, zaljubit \u0107ete se u toplinu, meko\u0107u i na\u010din na koji miluje va\u0161e tijelo. Tajice su izra\u0111en od \u010dvrste, elasti\u010dne tkanine ima \u0161irok pojas, Peach Pump efekat podizanja i oblikovanja, tako omiljen na\u0161em brendu. Raznolikost boja.<\/p>\n<p>O Bluzi:<\/p>\n<ul>\n<li>Rips tkanina<\/li>\n<li>Termi\u010dki zape\u010da\u0107eni logo &#8220;Peach Pump&#8221; na ramenu<\/li>\n<li>Velika elasti\u010dnost<\/li>\n<li> Be\u0161avna rips tkanina<\/li>\n<\/ul>\n<p>Prsa: S: 85-90cm\/M: 90-95cm\/L: 95\u2013100cm<\/p>\n<p>O tajicama:<\/p>\n<ul>\n<li> Podi\u017ee, oblikuje, prikriva problemati\u010dna podru\u010dja<\/li>\n<li> \u010cvr\u0161\u0107e<\/li>\n<li> Obujimaju\u0107i ki\u010dmu rips<\/li>\n<li> Peachy efekt<\/li>\n<li> Bez \u0161avova sprijeda<\/li>\n<li> Toplinski zape\u010da\u0107eni logo Peach Pump na stra\u017enjoj strani tajice<\/li>\n<li> Materijal za odvo\u0111enje znoja<\/li>\n<li> Zanimljiv dizajn<\/li>\n<li> Visok struk<\/li>\n<\/ul>\n<p>Sastav: 80% poliester 20% elastan<\/p>\n<p>Pomo\u0107u tablica odaberite to\u010dnu veli\u010dinu tajica.<\/p>\n<p>Model na fotografiji visok je 169 cm, te\u017ei 52 kg i pozira u veli\u010dini M za bluzu i tajice.<\/p>\n<p>Tajice i bluza mogu se prati na temperaturi do 30 stupnjeva, nemojte koristiti izbjeljiva\u010d niti kemijsko \u010di\u0161\u0107enje.<\/p>\n","protected":false},"excerpt":{"rendered":"<p>Tamnoplavi be\u0161avni sportski komplet, tajice i bluza za fitness s dugim rukavima. Ovaj zanimljivi model ima rips tkaninu i stoji lijepo uz tijelu. Bluza ima izrezani dekolte pogodna za hladnije jesensko\/zimsko vrijeme, zaljubit \u0107ete se u toplinu, meko\u0107u i na\u010din na koji miluje va\u0161e tijelo. Tajice su izra\u0111en od \u010dvrste, elasti\u010dne tkanine ima \u0161irok pojas, [&hellip;]<\/p>\n","protected":false},"featured_media":54744,"comment_status":"open","ping_status":"closed","template":"","meta":[],"product_brand":[],"product_cat":[342,344],"product_tag":[],"class_list":{"0":"post-56208","1":"product","2":"type-product","3":"status-publish","4":"has-post-thumbnail","6":"product_cat-zenska-sportska-kombinacije","7":"product_cat-sportski-kompleti-tajica","8":"pa_cviat-tamno-plava","9":"inventories-world","10":"inventories-uk","12":"first","13":"instock","14":"virtual","15":"taxable","16":"purchasable","17":"product-type-yith_bundle"},"_links":{"self":[{"href":"https:\/\/staging5.peach-pump.com\/hr\/wp-json\/wp\/v2\/product\/56208","targetHints":{"allow":["GET"]}}],"collection":[{"href":"https:\/\/staging5.peach-pump.com\/hr\/wp-json\/wp\/v2\/product"}],"about":[{"href":"https:\/\/staging5.peach-pump.com\/hr\/wp-json\/wp\/v2\/types\/product"}],"replies":[{"embeddable":true,"href":"https:\/\/staging5.peach-pump.com\/hr\/wp-json\/wp\/v2\/comments?post=56208"}],"version-history":[{"count":0,"href":"https:\/\/staging5.peach-pump.com\/hr\/wp-json\/wp\/v2\/product\/56208\/revisions"}],"wp:featuredmedia":[{"embeddable":true,"href":"https:\/\/staging5.peach-pump.com\/hr\/wp-json\/wp\/v2\/media\/54744"}],"wp:attachment":[{"href":"https:\/\/staging5.peach-pump.com\/hr\/wp-json\/wp\/v2\/media?parent=56208"}],"wp:term":[{"taxonomy":"product_brand","embeddable":true,"href":"https:\/\/staging5.peach-pump.com\/hr\/wp-json\/wp\/v2\/product_brand?post=56208"},{"taxonomy":"product_cat","embeddable":true,"href":"https:\/\/staging5.peach-pump.com\/hr\/wp-json\/wp\/v2\/product_cat?post=56208"},{"taxonomy":"product_tag","embeddable":true,"href":"https:\/\/staging5.peach-pump.com\/hr\/wp-json\/wp\/v2\/product_tag?post=56208"}],"curies":[{"name":"wp","href":"https:\/\/api.w.org\/{rel}","templated":true}]}}