{"id":52357,"date":"2023-09-03T14:24:41","date_gmt":"2023-09-03T12:24:41","guid":{"rendered":"https:\/\/staging5.peach-pump.com\/products\/crni-besavni-sportski-set-od-cvrste-valovite-tkanine\/"},"modified":"2024-11-29T15:45:35","modified_gmt":"2024-11-29T13:45:35","slug":"crni-besavni-komplet-cvrste-tajice-i-bluza","status":"publish","type":"product","link":"https:\/\/staging5.peach-pump.com\/hr\/products\/crni-besavni-komplet-cvrste-tajice-i-bluza\/","title":{"rendered":"Crni be\u0161avni komplet uskih tajica i bluze"},"content":{"rendered":"<p>Crni be\u0161avni komplet, uske tajice i bluza za fitness s dugim rukavima. Ovaj zanimljivi model ima rips tkaninu i stoji lijepo na tijelu. Bluza ima izrezani dekolte pogodan za hladnije jesensko\/zimsko vrijeme, zaljubit \u0107ete se u meko\u0107u i na\u010din na koji miluje Va\u0161e tijelo . Tajice su od \u010dvrste, elasti\u010dne tkanine, imaju \u0161irok pojas, Peach Pump efekt podizanja i oblikovanja, tako omiljen na\u0161em brendu. Bit \u0107ete zadivljeni meko\u0107om, toplinom i na\u010dinom na koji oblikuje Va\u0161u figuru. Raznolikost boja.<\/p>\n<p>O Bluzi:<\/p>\n<ul>\n<li>Rips tkanina<\/li>\n<li>Toplinski zape\u010da\u0107eno &#8216;Peach Pump&#8217; na ramenu<\/li>\n<li>Velika elasti\u010dnost<\/li>\n<li> Be\u0161avna rips tkanina<\/li>\n<\/ul>\n<p>O tajicama:<\/p>\n<ul>\n<li> Podi\u017ee, oblikuje, prikriva problemati\u010dna podru\u010dja<\/li>\n<li> \u010cvr\u0161\u0107e<\/li>\n<li> Obujimaju\u0107i ki\u010dmu rips<\/li>\n<li> Peachy efekt<\/li>\n<li> Bez \u0161avova sprijeda<\/li>\n<li> Toplinski zape\u010da\u0107eni logo Peach Pump na stra\u017enjoj strani tajice<\/li>\n<li> Materijal za odvo\u0111enje znoja<\/li>\n<li> Zanimljiv dizajn<\/li>\n<li> Visok struk<\/li>\n<\/ul>\n<p>Sastav: 80% poliester 20% elastan Model na fotografiji je visok 178 cm, te\u017eak 54 kg i nosi veli\u010dinu M za bluzu i tajice<\/p>\n<p>Tajice i bluza mogu se prati na temperaturi do 30 stupnjeva, nemojte koristiti izbjeljiva\u010d niti kemijsko \u010di\u0161\u0107enje.<\/p>\n","protected":false},"excerpt":{"rendered":"<p>Crni be\u0161avni komplet, uske tajice i bluza za fitness s dugim rukavima. Ovaj zanimljivi model ima rips tkaninu i stoji lijepo na tijelu. Bluza ima izrezani dekolte pogodan za hladnije jesensko\/zimsko vrijeme, zaljubit \u0107ete se u meko\u0107u i na\u010din na koji miluje Va\u0161e tijelo . Tajice su od \u010dvrste, elasti\u010dne tkanine, imaju \u0161irok pojas, Peach [&hellip;]<\/p>\n","protected":false},"featured_media":50048,"comment_status":"open","ping_status":"closed","template":"","meta":[],"product_brand":[],"product_cat":[342,344],"product_tag":[],"class_list":{"0":"post-52357","1":"product","2":"type-product","3":"status-publish","4":"has-post-thumbnail","6":"product_cat-zenska-sportska-kombinacije","7":"product_cat-sportski-kompleti-tajica","8":"pa_cviat-crno","9":"pa_razmer-l-hr","10":"pa_razmer-m-hr","11":"pa_razmer-s-hr-2","12":"inventories-world","13":"inventories-uk","15":"first","16":"instock","17":"virtual","18":"taxable","19":"purchasable","20":"product-type-yith_bundle"},"_links":{"self":[{"href":"https:\/\/staging5.peach-pump.com\/hr\/wp-json\/wp\/v2\/product\/52357","targetHints":{"allow":["GET"]}}],"collection":[{"href":"https:\/\/staging5.peach-pump.com\/hr\/wp-json\/wp\/v2\/product"}],"about":[{"href":"https:\/\/staging5.peach-pump.com\/hr\/wp-json\/wp\/v2\/types\/product"}],"replies":[{"embeddable":true,"href":"https:\/\/staging5.peach-pump.com\/hr\/wp-json\/wp\/v2\/comments?post=52357"}],"version-history":[{"count":0,"href":"https:\/\/staging5.peach-pump.com\/hr\/wp-json\/wp\/v2\/product\/52357\/revisions"}],"wp:featuredmedia":[{"embeddable":true,"href":"https:\/\/staging5.peach-pump.com\/hr\/wp-json\/wp\/v2\/media\/50048"}],"wp:attachment":[{"href":"https:\/\/staging5.peach-pump.com\/hr\/wp-json\/wp\/v2\/media?parent=52357"}],"wp:term":[{"taxonomy":"product_brand","embeddable":true,"href":"https:\/\/staging5.peach-pump.com\/hr\/wp-json\/wp\/v2\/product_brand?post=52357"},{"taxonomy":"product_cat","embeddable":true,"href":"https:\/\/staging5.peach-pump.com\/hr\/wp-json\/wp\/v2\/product_cat?post=52357"},{"taxonomy":"product_tag","embeddable":true,"href":"https:\/\/staging5.peach-pump.com\/hr\/wp-json\/wp\/v2\/product_tag?post=52357"}],"curies":[{"name":"wp","href":"https:\/\/api.w.org\/{rel}","templated":true}]}}