{"id":52209,"date":"2023-09-03T14:16:40","date_gmt":"2023-09-03T12:16:40","guid":{"rendered":"https:\/\/staging5.peach-pump.com\/products\/zeleni-besavni-sportski-komplet-od-cvrste-rips-tkanine\/"},"modified":"2025-06-21T19:34:04","modified_gmt":"2025-06-21T17:34:04","slug":"zeleni-besavni-kompcet-tajice-i-bluza","status":"publish","type":"product","link":"https:\/\/staging5.peach-pump.com\/hr\/products\/zeleni-besavni-kompcet-tajice-i-bluza\/","title":{"rendered":"Zeleni be\u0161avni komplet \u010dvrstih tajica i bluze"},"content":{"rendered":"<p>Zeleni be\u0161avni komplet, \u010dvrste tajice i bluzu za fitness s dugim rukavima. Ovaj zanimljivi model ima rips tkaninu i stoji lijepo na tijelu. Bluza ima izrezani dekolte pogodan za hladnije jesensko\/zimsko vrijeme, zaljubit \u0107ete se u meko\u0107u i na\u010din na koji miluje Va\u0161e tijelo . Tajice su od \u010dvrste, elasti\u010dne tkanine imaju \u0161irok pojas, Peach Pump efekt podizanja i oblikovanja, tako omiljen na\u0161em brenda. Bit \u0107ete zadivljeni meko\u0107om, toplinom i na\u010dinom na koji oblikuje Va\u0161u figuru. Raznolikost boja.<\/p>\n<p>O Bluzi:<\/p>\n<ul>\n<li>Rips tkanina<\/li>\n<li>Toplinski zape\u010da\u0107eno &#8216;Peach Pump&#8217; na ramenu<\/li>\n<li>Velika elasti\u010dnost<\/li>\n<li> Be\u0161avna rips tkanina<\/li>\n<\/ul>\n<p>O tajicama:<\/p>\n<ul>\n<li> Podi\u017eu, oblikuju, prikrivaju problemati\u010dna podru\u010dja<\/li>\n<li> \u010cvr\u0161\u0107e<\/li>\n<li> Obujimaju\u0107i ki\u010dmu rips<\/li>\n<li> Peachy efekt<\/li>\n<li> Bez \u0161avova sprijeda<\/li>\n<li> Toplinski zape\u010da\u0107eni logo Peach Pump na stra\u017enjoj strani tajice<\/li>\n<li> Materijal za odvo\u0111enje znoja<\/li>\n<li> Zanimljiv dizajn<\/li>\n<li> Visok struk<\/li>\n<\/ul>\n<p>Sastav: 80% poliester 20% elastan Model na fotografiji je visok 178 cm, te\u017eak 54 kg i nosi veli\u010dinu M za bluzu i tajice<\/p>\n<p>Tajice i bluza mogu se prati na temperaturi do 30 stupnjeva, nemojte koristiti izbjeljiva\u010d niti kemijsko \u010di\u0161\u0107enje.<\/p>\n","protected":false},"excerpt":{"rendered":"<p>Zeleni be\u0161avni komplet, \u010dvrste tajice i bluzu za fitness s dugim rukavima. Ovaj zanimljivi model ima rips tkaninu i stoji lijepo na tijelu. Bluza ima izrezani dekolte pogodan za hladnije jesensko\/zimsko vrijeme, zaljubit \u0107ete se u meko\u0107u i na\u010din na koji miluje Va\u0161e tijelo . Tajice su od \u010dvrste, elasti\u010dne tkanine imaju \u0161irok pojas, Peach [&hellip;]<\/p>\n","protected":false},"featured_media":49958,"comment_status":"open","ping_status":"closed","template":"","meta":[],"product_brand":[],"product_cat":[342,344],"product_tag":[],"class_list":{"0":"post-52209","1":"product","2":"type-product","3":"status-publish","4":"has-post-thumbnail","6":"product_cat-zenska-sportska-kombinacije","7":"product_cat-sportski-kompleti-tajica","8":"inventories-world","9":"inventories-uk","11":"first","12":"instock","13":"virtual","14":"taxable","15":"purchasable","16":"product-type-yith_bundle"},"_links":{"self":[{"href":"https:\/\/staging5.peach-pump.com\/hr\/wp-json\/wp\/v2\/product\/52209","targetHints":{"allow":["GET"]}}],"collection":[{"href":"https:\/\/staging5.peach-pump.com\/hr\/wp-json\/wp\/v2\/product"}],"about":[{"href":"https:\/\/staging5.peach-pump.com\/hr\/wp-json\/wp\/v2\/types\/product"}],"replies":[{"embeddable":true,"href":"https:\/\/staging5.peach-pump.com\/hr\/wp-json\/wp\/v2\/comments?post=52209"}],"version-history":[{"count":0,"href":"https:\/\/staging5.peach-pump.com\/hr\/wp-json\/wp\/v2\/product\/52209\/revisions"}],"wp:featuredmedia":[{"embeddable":true,"href":"https:\/\/staging5.peach-pump.com\/hr\/wp-json\/wp\/v2\/media\/49958"}],"wp:attachment":[{"href":"https:\/\/staging5.peach-pump.com\/hr\/wp-json\/wp\/v2\/media?parent=52209"}],"wp:term":[{"taxonomy":"product_brand","embeddable":true,"href":"https:\/\/staging5.peach-pump.com\/hr\/wp-json\/wp\/v2\/product_brand?post=52209"},{"taxonomy":"product_cat","embeddable":true,"href":"https:\/\/staging5.peach-pump.com\/hr\/wp-json\/wp\/v2\/product_cat?post=52209"},{"taxonomy":"product_tag","embeddable":true,"href":"https:\/\/staging5.peach-pump.com\/hr\/wp-json\/wp\/v2\/product_tag?post=52209"}],"curies":[{"name":"wp","href":"https:\/\/api.w.org\/{rel}","templated":true}]}}