{"id":48716,"date":"2023-07-21T16:36:15","date_gmt":"2023-07-21T14:36:15","guid":{"rendered":"https:\/\/staging5.peach-pump.com\/products\/plave-sportske-kratke-tajice-vrste-booty-shorts\/"},"modified":"2025-07-30T14:35:42","modified_gmt":"2025-07-30T12:35:42","slug":"plave-kratke-sportske-tajice-vrste-booty-shorts","status":"publish","type":"product","link":"https:\/\/staging5.peach-pump.com\/hr\/products\/plave-kratke-sportske-tajice-vrste-booty-shorts\/","title":{"rendered":"Plave sportske kratke tajice vrste \u201cBooty Shorts\u201d"},"content":{"rendered":"<p>\u017denske kratke sportske tajice u uskoj, disajnoj tkanini u plavoj boji. Ovaj model je savr\u0161en za vru\u0107e ljetne dane, izrezaniji je i tkanina odvodi vlagu od tijela. Straga ima lagani Peach efekt i lijepo forminra oblike. Mo\u017ee se kombinirati sa sportskim grudnjakom istog dezena, pogledajte u rubrici &#8220;Sportski kompleti s kratkim tajicama&#8221;. (Model je izra\u0111en od \u010dvr\u0161\u0107eg materijala)  <\/p>\n<ul>\n<li>Podi\u017eu, oblikuju, prikrivaju problemati\u010dna podru\u010dja<\/li>\n<li>Lagani Peachy efekt<\/li>\n<li>Bez \u0161avova sprijeda<\/li>\n<li>Toplinski zape\u010da\u0107eni logo Peach Pump na stra\u017enjoj strani tajice<\/li>\n<li>Tehnologija za odvo\u0111enje vlage iz tijela<\/li>\n<\/ul>\n<p>  Sastav: 80% poliester 20% elastan Tajice se peru na temperaturi do 30 stupnjeva, nemojte koristiti izbjeljiva\u010d niti kemijsko \u010di\u0161\u0107enje. Model na fotografiji je visok 178 cm, te\u017eak 54 kg i nosi veli\u010dinu M. Molimo koristite tablicu veli\u010dina za odabir to\u010dne veli\u010dine.  \t\t<div id=\"sbi_mod_error\" >\n\t\t\t<span>This error message is only visible to WordPress admins<\/span><br\/>\n\t\t\t<p><strong>Error: No connected account.<\/strong>\n\t\t\t<p>Please go to the Instagram Feed settings page to connect an account.<\/p>\n\t\t<\/div>\n\t\t<\/p>\n","protected":false},"excerpt":{"rendered":"<p>\u017denske kratke sportske tajice u uskoj, disajnoj tkanini u plavoj boji. Ovaj model je savr\u0161en za vru\u0107e ljetne dane, izrezaniji je i tkanina odvodi vlagu od tijela. Straga ima lagani Peach efekt i lijepo forminra oblike. Mo\u017ee se kombinirati sa sportskim grudnjakom istog dezena, pogledajte u rubrici &#8220;Sportski kompleti s kratkim tajicama&#8221;. (Model je izra\u0111en [&hellip;]<\/p>\n","protected":false},"featured_media":45413,"comment_status":"open","ping_status":"closed","template":"","meta":[],"product_brand":[],"product_cat":[136,196],"product_tag":[],"class_list":{"0":"post-48716","1":"product","2":"type-product","3":"status-publish","4":"has-post-thumbnail","6":"product_cat-zenske-sportske-tajice","7":"product_cat-kratke-tajice","8":"pa_cviat-plava","9":"pa_razmer-m-hr","10":"pa_razmer-s-hr-2","11":"inventories-world","12":"inventories-uk","14":"first","15":"instock","16":"sale","17":"taxable","18":"shipping-taxable","19":"purchasable","20":"product-type-variable"},"_links":{"self":[{"href":"https:\/\/staging5.peach-pump.com\/hr\/wp-json\/wp\/v2\/product\/48716","targetHints":{"allow":["GET"]}}],"collection":[{"href":"https:\/\/staging5.peach-pump.com\/hr\/wp-json\/wp\/v2\/product"}],"about":[{"href":"https:\/\/staging5.peach-pump.com\/hr\/wp-json\/wp\/v2\/types\/product"}],"replies":[{"embeddable":true,"href":"https:\/\/staging5.peach-pump.com\/hr\/wp-json\/wp\/v2\/comments?post=48716"}],"version-history":[{"count":0,"href":"https:\/\/staging5.peach-pump.com\/hr\/wp-json\/wp\/v2\/product\/48716\/revisions"}],"wp:featuredmedia":[{"embeddable":true,"href":"https:\/\/staging5.peach-pump.com\/hr\/wp-json\/wp\/v2\/media\/45413"}],"wp:attachment":[{"href":"https:\/\/staging5.peach-pump.com\/hr\/wp-json\/wp\/v2\/media?parent=48716"}],"wp:term":[{"taxonomy":"product_brand","embeddable":true,"href":"https:\/\/staging5.peach-pump.com\/hr\/wp-json\/wp\/v2\/product_brand?post=48716"},{"taxonomy":"product_cat","embeddable":true,"href":"https:\/\/staging5.peach-pump.com\/hr\/wp-json\/wp\/v2\/product_cat?post=48716"},{"taxonomy":"product_tag","embeddable":true,"href":"https:\/\/staging5.peach-pump.com\/hr\/wp-json\/wp\/v2\/product_tag?post=48716"}],"curies":[{"name":"wp","href":"https:\/\/api.w.org\/{rel}","templated":true}]}}