{"id":40751,"date":"2023-05-20T22:33:59","date_gmt":"2023-05-20T20:33:59","guid":{"rendered":"https:\/\/staging5.peach-pump.com\/products\/spektakularni-sportski-grudnjak-s-jednom-naramenicom-u-bez-boji\/"},"modified":"2025-07-30T03:50:29","modified_gmt":"2025-07-30T01:50:29","slug":"sportski-grudnjak-s-jednom-naramenicom-bez-boje","status":"publish","type":"product","link":"https:\/\/staging5.peach-pump.com\/hr\/products\/sportski-grudnjak-s-jednom-naramenicom-bez-boje\/","title":{"rendered":"Sportski grudnjak s jednom naramenicom u be\u017e boji"},"content":{"rendered":"<p>Sportski grudnjak u be\u017e boji. Ovaj model sportskog grudnjaka s jednom naramenicom je od fine rips tkanine s podstavom, koja se mo\u017ee ukloanjati. Tkanina sportskog grudnjaka je disajna i odvodi vlagu od tijela. Mo\u017ee se kombinirati s tajicama u istoj boji i tkanini, mo\u017eete vidjeti u rubrici &#8220;Sportski kompleti s tajicama&#8221;.<\/p>\n<ul>\n<li>Rips tkanina<\/li>\n<li>Toplinski zape\u010da\u0107en logo &#8216;Peach Pump&#8217; na bo\u010dnoj strani sportskog grudnjaka<\/li>\n<li>Velika elasti\u010dnost<\/li>\n<li>Be\u0161avna rips tkanina<\/li>\n<li>Podstava koja se mo\u017ee ukloniti<\/li>\n<li>Jedna naramenica<\/li>\n<li>Dupla elastika na le\u0111ima<\/li>\n<\/ul>\n<p>Sastav: 80% poliester 20% elastan.<\/p>\n<p>Manekenka na fotografiji je visoka 178 cm, te\u0161ka 54 kg i nosi veli\u010dinu M.<\/p>\n<p>Sportski grudnjak se mo\u017ee prati na temperaturi do 30 stupnjeva, nemojte koristiti izbjeljiva\u010d ili kemijsko \u010di\u0161\u0107enje.<\/p>\n","protected":false},"excerpt":{"rendered":"<p>Sportski grudnjak u be\u017e boji. Ovaj model sportskog grudnjaka s jednom naramenicom je od fine rips tkanine s podstavom, koja se mo\u017ee ukloanjati. Tkanina sportskog grudnjaka je disajna i odvodi vlagu od tijela. Mo\u017ee se kombinirati s tajicama u istoj boji i tkanini, mo\u017eete vidjeti u rubrici &#8220;Sportski kompleti s tajicama&#8221;. Rips tkanina Toplinski zape\u010da\u0107en [&hellip;]<\/p>\n","protected":false},"featured_media":39710,"comment_status":"open","ping_status":"closed","template":"","meta":[],"product_brand":[],"product_cat":[341],"product_tag":[],"class_list":{"0":"post-40751","1":"product","2":"type-product","3":"status-publish","4":"has-post-thumbnail","6":"product_cat-sportski-grudnjaci","7":"pa_cviat-bez","8":"pa_razmer-l-hr","9":"pa_razmer-m-hr","10":"pa_razmer-s-hr-2","11":"inventories-world","12":"inventories-uk","14":"first","15":"instock","16":"sale","17":"taxable","18":"shipping-taxable","19":"purchasable","20":"product-type-variable"},"_links":{"self":[{"href":"https:\/\/staging5.peach-pump.com\/hr\/wp-json\/wp\/v2\/product\/40751","targetHints":{"allow":["GET"]}}],"collection":[{"href":"https:\/\/staging5.peach-pump.com\/hr\/wp-json\/wp\/v2\/product"}],"about":[{"href":"https:\/\/staging5.peach-pump.com\/hr\/wp-json\/wp\/v2\/types\/product"}],"replies":[{"embeddable":true,"href":"https:\/\/staging5.peach-pump.com\/hr\/wp-json\/wp\/v2\/comments?post=40751"}],"version-history":[{"count":0,"href":"https:\/\/staging5.peach-pump.com\/hr\/wp-json\/wp\/v2\/product\/40751\/revisions"}],"wp:featuredmedia":[{"embeddable":true,"href":"https:\/\/staging5.peach-pump.com\/hr\/wp-json\/wp\/v2\/media\/39710"}],"wp:attachment":[{"href":"https:\/\/staging5.peach-pump.com\/hr\/wp-json\/wp\/v2\/media?parent=40751"}],"wp:term":[{"taxonomy":"product_brand","embeddable":true,"href":"https:\/\/staging5.peach-pump.com\/hr\/wp-json\/wp\/v2\/product_brand?post=40751"},{"taxonomy":"product_cat","embeddable":true,"href":"https:\/\/staging5.peach-pump.com\/hr\/wp-json\/wp\/v2\/product_cat?post=40751"},{"taxonomy":"product_tag","embeddable":true,"href":"https:\/\/staging5.peach-pump.com\/hr\/wp-json\/wp\/v2\/product_tag?post=40751"}],"curies":[{"name":"wp","href":"https:\/\/api.w.org\/{rel}","templated":true}]}}