{"id":40295,"date":"2023-04-11T09:03:28","date_gmt":"2023-04-11T07:03:28","guid":{"rendered":"https:\/\/staging5.peach-pump.com\/products\/besavni-sportski-komplet-od-cvrste-rips-tkanine-u-ruzicastoj-boji\/"},"modified":"2024-12-02T15:43:42","modified_gmt":"2024-12-02T13:43:42","slug":"besavni-sportski-komplet-ruzicasti","status":"publish","type":"product","link":"https:\/\/staging5.peach-pump.com\/hr\/products\/besavni-sportski-komplet-ruzicasti\/","title":{"rendered":"Ru\u017ei\u010dasti be\u0161avni sportovi komplet od \u010dvrste tkanine"},"content":{"rendered":"<p>Ru\u017ei\u010dasti be\u0161avni sportski komplet, tajice i bluza za fitness s dugim rukavima od \u010dvrste be\u0161avne rips tkanine. Ovaj tako zanimljiv model ima rips materijal, lijepo pristaje uz tijelo i ima izrezani dekolte. Bluza je primjerena za hladnije jesensko\/zimsko vrijeme, zaljubit \u0107ete se u meko\u0107u i na\u010din na koji miluje Va\u0161e tijelo. Tajice su izra\u0111ene od \u010dvrstog, elasti\u010dnog materijala. Ovaj model je visokog struka, \u010dvr\u0161\u0107i je, idealan za hladnije jesenje i zimske dane. Tajice imaju \u0161iroki pojas, lifting i formiraju\u0107i efekt, tako omiljen na\u0161em brendu. Odu\u0161evit \u0107e Vas ove tajice, svojom meko\u0107om, toplinom i na\u010dinom na koji oblikuje Va\u0161u figuru. Model se mo\u017ee kombinirati uz bluzu ili sportski grudnjak, pogledajte na\u0161e prijedloge. za bluzu:  <\/p>\n<ul>\n<li>Rips tkanina<\/li>\n<li>Toplinski zape\u010da\u0107eno &#8216;Peach Pump&#8217; na ramenu<\/li>\n<li>Velika elasti\u010dnost<\/li>\n<li> Be\u0161avna rips tkanina<\/li>\n<\/ul>\n<p>  za Klinu:  <\/p>\n<ul>\n<li> Podi\u017ee, oblikuje, prikriva problemati\u010dna podru\u010dja<\/li>\n<li> \u010cvr\u0161\u0107e<\/li>\n<li> Obujimaju\u0107i ki\u010dmu rips<\/li>\n<li> Peachy efekt<\/li>\n<li> Bez \u0161avova sprijeda<\/li>\n<li> Toplinski zape\u010da\u0107eni logo Peach Pump na stra\u017enjoj strani tajice<\/li>\n<li> Materijal za odvo\u0111enje znoja<\/li>\n<li> Zanimljiv dizajn<\/li>\n<li> Visok struk<\/li>\n<\/ul>\n<p>  Sastav: 80% poliester 20% elastan Model na fotografiji je visok 178 cm, te\u017eak 54 kg i nosi veli\u010dinu M za bluzu i tajice. Tajice i bluza mogu se prati na temperaturi do 30 stupnjeva, nemojte koristiti izbjeljiva\u010d ili kemijsko \u010di\u0161\u0107enje.  &nbsp;<\/p>\n<p>&nbsp;<\/p>\n","protected":false},"excerpt":{"rendered":"<p>Ru\u017ei\u010dasti be\u0161avni sportski komplet, tajice i bluza za fitness s dugim rukavima od \u010dvrste be\u0161avne rips tkanine. Ovaj tako zanimljiv model ima rips materijal, lijepo pristaje uz tijelo i ima izrezani dekolte. Bluza je primjerena za hladnije jesensko\/zimsko vrijeme, zaljubit \u0107ete se u meko\u0107u i na\u010din na koji miluje Va\u0161e tijelo. Tajice su izra\u0111ene od [&hellip;]<\/p>\n","protected":false},"featured_media":26344,"comment_status":"open","ping_status":"closed","template":"","meta":[],"product_brand":[],"product_cat":[342,344],"product_tag":[],"class_list":{"0":"post-40295","1":"product","2":"type-product","3":"status-publish","4":"has-post-thumbnail","6":"product_cat-zenska-sportska-kombinacije","7":"product_cat-sportski-kompleti-tajica","8":"pa_cviat-ruzicasta","9":"pa_razmer-l-hr","10":"pa_razmer-m-hr","11":"pa_razmer-s-hr-2","12":"inventories-world","13":"inventories-uk","15":"first","16":"instock","17":"virtual","18":"taxable","19":"purchasable","20":"product-type-yith_bundle"},"_links":{"self":[{"href":"https:\/\/staging5.peach-pump.com\/hr\/wp-json\/wp\/v2\/product\/40295","targetHints":{"allow":["GET"]}}],"collection":[{"href":"https:\/\/staging5.peach-pump.com\/hr\/wp-json\/wp\/v2\/product"}],"about":[{"href":"https:\/\/staging5.peach-pump.com\/hr\/wp-json\/wp\/v2\/types\/product"}],"replies":[{"embeddable":true,"href":"https:\/\/staging5.peach-pump.com\/hr\/wp-json\/wp\/v2\/comments?post=40295"}],"version-history":[{"count":0,"href":"https:\/\/staging5.peach-pump.com\/hr\/wp-json\/wp\/v2\/product\/40295\/revisions"}],"wp:featuredmedia":[{"embeddable":true,"href":"https:\/\/staging5.peach-pump.com\/hr\/wp-json\/wp\/v2\/media\/26344"}],"wp:attachment":[{"href":"https:\/\/staging5.peach-pump.com\/hr\/wp-json\/wp\/v2\/media?parent=40295"}],"wp:term":[{"taxonomy":"product_brand","embeddable":true,"href":"https:\/\/staging5.peach-pump.com\/hr\/wp-json\/wp\/v2\/product_brand?post=40295"},{"taxonomy":"product_cat","embeddable":true,"href":"https:\/\/staging5.peach-pump.com\/hr\/wp-json\/wp\/v2\/product_cat?post=40295"},{"taxonomy":"product_tag","embeddable":true,"href":"https:\/\/staging5.peach-pump.com\/hr\/wp-json\/wp\/v2\/product_tag?post=40295"}],"curies":[{"name":"wp","href":"https:\/\/api.w.org\/{rel}","templated":true}]}}