{"id":34978,"date":"2022-06-19T09:01:06","date_gmt":"2022-06-19T07:01:06","guid":{"rendered":"https:\/\/staging5.peach-pump.com\/products\/kratke-bijele-tajice-za-fitnes-i-trcanje-rips-tkanine\/"},"modified":"2025-07-31T10:14:06","modified_gmt":"2025-07-31T08:14:06","slug":"kratke-bijele-tajice-za-fitnes-rips-tkanina","status":"publish","type":"product","link":"https:\/\/staging5.peach-pump.com\/hr\/products\/kratke-bijele-tajice-za-fitnes-rips-tkanina\/","title":{"rendered":"Kratke bijele tajice za fitnes i tr\u010danje rips tkanine"},"content":{"rendered":"<p>Kratke bijele tajice za fitnes i druge sportove od rips materijala. Tajice su vi\u0161e izrezane, tkanina je \u010dvrsta, NE prozirna, lijepo pristaje uz tijelo. Model je visokog struka i mo\u017ee se kombinirati uz bijelu bluzu ili sportskog grudnjaka s jednom naramenicom koji su izra\u0111eni od istog materijala, mo\u017eete ih pogledati na na\u0161oj stranici bluze i sportskih grudnjaka.<\/p>\n<ul>\n<li>Visok struk<\/li>\n<li>Rips tkanina<\/li>\n<li>Rips pojas koji omotava ki\u010dmu.<\/li>\n<li>Bez \u0161avova sprijeda<\/li>\n<li>Toplinski zape\u010da\u0107eni logo Peach Pump na stra\u017enjoj strani tajice<\/li>\n<\/ul>\n<p>Sastav: 80% poliester 20% elastan<\/p>\n<p>Proizvod se mo\u017ee prati na temperaturi do 30 stupnjeva, molimo nemojte koristiti izbjeljiva\u010d niti kemijsko \u010di\u0161\u0107enje.<\/p>\n<p>Manekenka na fotografiji visoka je 178 cm, te\u0161ka 54 kg i nosi veli\u010dinu S.<\/p>\n<p>Koristite tablice za odabir to\u010dne veli\u010dine.<\/p>\n","protected":false},"excerpt":{"rendered":"<p>Kratke bijele tajice za fitnes i druge sportove od rips materijala. Tajice su vi\u0161e izrezane, tkanina je \u010dvrsta, NE prozirna, lijepo pristaje uz tijelo. Model je visokog struka i mo\u017ee se kombinirati uz bijelu bluzu ili sportskog grudnjaka s jednom naramenicom koji su izra\u0111eni od istog materijala, mo\u017eete ih pogledati na na\u0161oj stranici bluze i [&hellip;]<\/p>\n","protected":false},"featured_media":12934,"comment_status":"open","ping_status":"closed","template":"","meta":[],"product_brand":[],"product_cat":[136,196],"product_tag":[],"class_list":{"0":"post-34978","1":"product","2":"type-product","3":"status-publish","4":"has-post-thumbnail","6":"product_cat-zenske-sportske-tajice","7":"product_cat-kratke-tajice","8":"pa_cviat-bijel","9":"pa_razmer-m-hr","10":"pa_razmer-s-hr-2","11":"inventories-world","13":"first","14":"instock","15":"sale","16":"taxable","17":"shipping-taxable","18":"purchasable","19":"product-type-variable"},"_links":{"self":[{"href":"https:\/\/staging5.peach-pump.com\/hr\/wp-json\/wp\/v2\/product\/34978","targetHints":{"allow":["GET"]}}],"collection":[{"href":"https:\/\/staging5.peach-pump.com\/hr\/wp-json\/wp\/v2\/product"}],"about":[{"href":"https:\/\/staging5.peach-pump.com\/hr\/wp-json\/wp\/v2\/types\/product"}],"replies":[{"embeddable":true,"href":"https:\/\/staging5.peach-pump.com\/hr\/wp-json\/wp\/v2\/comments?post=34978"}],"version-history":[{"count":0,"href":"https:\/\/staging5.peach-pump.com\/hr\/wp-json\/wp\/v2\/product\/34978\/revisions"}],"wp:featuredmedia":[{"embeddable":true,"href":"https:\/\/staging5.peach-pump.com\/hr\/wp-json\/wp\/v2\/media\/12934"}],"wp:attachment":[{"href":"https:\/\/staging5.peach-pump.com\/hr\/wp-json\/wp\/v2\/media?parent=34978"}],"wp:term":[{"taxonomy":"product_brand","embeddable":true,"href":"https:\/\/staging5.peach-pump.com\/hr\/wp-json\/wp\/v2\/product_brand?post=34978"},{"taxonomy":"product_cat","embeddable":true,"href":"https:\/\/staging5.peach-pump.com\/hr\/wp-json\/wp\/v2\/product_cat?post=34978"},{"taxonomy":"product_tag","embeddable":true,"href":"https:\/\/staging5.peach-pump.com\/hr\/wp-json\/wp\/v2\/product_tag?post=34978"}],"curies":[{"name":"wp","href":"https:\/\/api.w.org\/{rel}","templated":true}]}}