{"id":34732,"date":"2022-09-27T10:14:54","date_gmt":"2022-09-27T08:14:54","guid":{"rendered":"https:\/\/staging5.peach-pump.com\/products\/formirajuce-cvrste-rips-tajice-u-zelenoj-boji\/"},"modified":"2025-03-21T22:25:11","modified_gmt":"2025-03-21T20:25:11","slug":"formirajuce-cvrste-rips-tajice-zelene-boje","status":"publish","type":"product","link":"https:\/\/staging5.peach-pump.com\/hr\/products\/formirajuce-cvrste-rips-tajice-zelene-boje\/","title":{"rendered":"Formiraju\u0107e \u010dvrste rips tajice u zelenoj boji"},"content":{"rendered":"<p>Be\u0161avne rips tajice od \u0107vrste, disajne tkanine u zelenoj boji limete. Tajice su izra\u0111ene od rips tkanine, visokog struka, \u010dvr\u0161\u0107e su, idealne za hladnije jesenske i zimske dane. Model ima \u0161irok pojas, efekt oblikovanja i podizanja, \u0161to je tako tipi\u010dno za na\u0161 brend. Zaljubit \u0107ete se u ove tajice, njihovu meko\u0107u, toplinu i na\u010din na koji oblikuje Va\u0161u figuru. Model se mo\u017ee kombinirati uz bluzu ili bustier, pogledajte na\u0161e prijedloge.  <\/p>\n<ul>\n<li> Visok struk<\/li>\n<li> Be\u0161avna rips tkanina<\/li>\n<li> Podi\u017ee, oblikuje, prikriva problemati\u010dna podru\u010dja<\/li>\n<li> \u010cvr\u0161\u0107i materijal<\/li>\n<li> Rips pojas koji omotava ki\u010dmu<\/li>\n<li> Peachy efekt<\/li>\n<li> Bez \u0161avova sprijeda<\/li>\n<li> Toplinski zape\u010da\u0107eni logo Peach Pump na stra\u017enjoj strani tajice<\/li>\n<li> Materijal za odvo\u0111enje znoja<\/li>\n<\/ul>\n<p> Sastav: 80% poliester 20% elastan. Tajice se mogu prati na temperaturi do 30 stupnjeva, nemojte koristiti izbjeljiva\u010d ili kemijsko \u010di\u0161\u0107enje. Model na fotografiji je visok 178 cm, te\u017eak 54 kg i nosi veli\u010dinu M. Za odabir odgovaraju\u0107e veli\u010dine koristite tablicu veli\u010dina.<\/p>\n","protected":false},"excerpt":{"rendered":"<p>Be\u0161avne rips tajice od \u0107vrste, disajne tkanine u zelenoj boji limete. Tajice su izra\u0111ene od rips tkanine, visokog struka, \u010dvr\u0161\u0107e su, idealne za hladnije jesenske i zimske dane. Model ima \u0161irok pojas, efekt oblikovanja i podizanja, \u0161to je tako tipi\u010dno za na\u0161 brend. Zaljubit \u0107ete se u ove tajice, njihovu meko\u0107u, toplinu i na\u010din na [&hellip;]<\/p>\n","protected":false},"featured_media":20905,"comment_status":"open","ping_status":"closed","template":"","meta":[],"product_brand":[],"product_cat":[136,293],"product_tag":[],"class_list":{"0":"post-34732","1":"product","2":"type-product","3":"status-publish","4":"has-post-thumbnail","6":"product_cat-zenske-sportske-tajice","7":"product_cat-zenske-tajice-duge","8":"pa_cviat-zelena","9":"pa_razmer-l-hr","10":"pa_razmer-m-hr","11":"pa_razmer-s-hr-2","12":"inventories-world","13":"inventories-uk","15":"first","16":"instock","17":"taxable","18":"shipping-taxable","19":"purchasable","20":"product-type-variable"},"_links":{"self":[{"href":"https:\/\/staging5.peach-pump.com\/hr\/wp-json\/wp\/v2\/product\/34732","targetHints":{"allow":["GET"]}}],"collection":[{"href":"https:\/\/staging5.peach-pump.com\/hr\/wp-json\/wp\/v2\/product"}],"about":[{"href":"https:\/\/staging5.peach-pump.com\/hr\/wp-json\/wp\/v2\/types\/product"}],"replies":[{"embeddable":true,"href":"https:\/\/staging5.peach-pump.com\/hr\/wp-json\/wp\/v2\/comments?post=34732"}],"version-history":[{"count":0,"href":"https:\/\/staging5.peach-pump.com\/hr\/wp-json\/wp\/v2\/product\/34732\/revisions"}],"wp:featuredmedia":[{"embeddable":true,"href":"https:\/\/staging5.peach-pump.com\/hr\/wp-json\/wp\/v2\/media\/20905"}],"wp:attachment":[{"href":"https:\/\/staging5.peach-pump.com\/hr\/wp-json\/wp\/v2\/media?parent=34732"}],"wp:term":[{"taxonomy":"product_brand","embeddable":true,"href":"https:\/\/staging5.peach-pump.com\/hr\/wp-json\/wp\/v2\/product_brand?post=34732"},{"taxonomy":"product_cat","embeddable":true,"href":"https:\/\/staging5.peach-pump.com\/hr\/wp-json\/wp\/v2\/product_cat?post=34732"},{"taxonomy":"product_tag","embeddable":true,"href":"https:\/\/staging5.peach-pump.com\/hr\/wp-json\/wp\/v2\/product_tag?post=34732"}],"curies":[{"name":"wp","href":"https:\/\/api.w.org\/{rel}","templated":true}]}}