{"id":34688,"date":"2022-10-11T19:16:33","date_gmt":"2022-10-11T17:16:33","guid":{"rendered":"https:\/\/staging5.peach-pump.com\/products\/zenska-sportska-jakna-s-patentnim-zatvaracem-u-crnoj-boji\/"},"modified":"2025-07-29T17:06:54","modified_gmt":"2025-07-29T15:06:54","slug":"zenska-sportska-jakna-s-patentnim-zatvaracem-u-crnoj-boji","status":"publish","type":"product","link":"https:\/\/staging5.peach-pump.com\/hr\/products\/zenska-sportska-jakna-s-patentnim-zatvaracem-u-crnoj-boji\/","title":{"rendered":"\u017denska sportska jakna s patentnim zatvara\u010dem u crnoj boji"},"content":{"rendered":"<p>\u017denska sportska jakna s patentnim zatvara\u010dem u univerzalnoj crnoj boji ima patentni zatvara\u010d i otvore za pal\u010deve, tako da vam se rukavi ne\u0107e zavrtati tijekom treninga, tr\u010danja ili vo\u017enje bicikla. Kroj jakne je jako lijep, oblikuje siluetu i lijepo pristaje uz tijelo. Mo\u017ee se kombinirati s razli\u010ditim bojama tajica ili poprsja, zbog univerzalne crne boje.  <\/p>\n<ul>\n<li>  Elasti\u010dna tkanina koja se brzo su\u0161i<\/li>\n<li> Toplinski zape\u010da\u0107eni logo Peach Pump na ramenu<\/li>\n<li> Zakop\u010danje patentnim zatvara\u010dem<\/li>\n<li> Otvore za pal\u010deve<\/li>\n<\/ul>\n<p>  Sastav: 80% poliester 20% elastan. Tajice se mogu prati na temperaturi do 30 stupnjeva, nemojte koristiti izbjeljiva\u010d \u200b\u200bniti kemijsko \u010di\u0161\u0107enje. Model na fotografiji visok je 178 cm, te\u017eak 54 kg i nosi veli\u010dinu S. Molimo koristite tablicu veli\u010dina za odabir to\u010dne veli\u010dine<\/p>\n","protected":false},"excerpt":{"rendered":"<p>\u017denska sportska jakna s patentnim zatvara\u010dem u univerzalnoj crnoj boji ima patentni zatvara\u010d i otvore za pal\u010deve, tako da vam se rukavi ne\u0107e zavrtati tijekom treninga, tr\u010danja ili vo\u017enje bicikla. Kroj jakne je jako lijep, oblikuje siluetu i lijepo pristaje uz tijelo. Mo\u017ee se kombinirati s razli\u010ditim bojama tajica ili poprsja, zbog univerzalne crne boje. [&hellip;]<\/p>\n","protected":false},"featured_media":94583,"comment_status":"open","ping_status":"closed","template":"","meta":[],"product_brand":[],"product_cat":[919,340],"product_tag":[],"class_list":{"0":"post-34688","1":"product","2":"type-product","3":"status-publish","4":"has-post-thumbnail","6":"product_cat-zenske-jakne","7":"product_cat-zenske-bluze-sportske","8":"pa_cviat-crno","9":"pa_razmer-l-hr","10":"pa_razmer-m-hr","11":"pa_razmer-s-hr-2","12":"inventories-world","13":"inventories-uk","15":"first","16":"instock","17":"sale","18":"taxable","19":"shipping-taxable","20":"purchasable","21":"product-type-variable"},"_links":{"self":[{"href":"https:\/\/staging5.peach-pump.com\/hr\/wp-json\/wp\/v2\/product\/34688","targetHints":{"allow":["GET"]}}],"collection":[{"href":"https:\/\/staging5.peach-pump.com\/hr\/wp-json\/wp\/v2\/product"}],"about":[{"href":"https:\/\/staging5.peach-pump.com\/hr\/wp-json\/wp\/v2\/types\/product"}],"replies":[{"embeddable":true,"href":"https:\/\/staging5.peach-pump.com\/hr\/wp-json\/wp\/v2\/comments?post=34688"}],"version-history":[{"count":0,"href":"https:\/\/staging5.peach-pump.com\/hr\/wp-json\/wp\/v2\/product\/34688\/revisions"}],"wp:featuredmedia":[{"embeddable":true,"href":"https:\/\/staging5.peach-pump.com\/hr\/wp-json\/wp\/v2\/media\/94583"}],"wp:attachment":[{"href":"https:\/\/staging5.peach-pump.com\/hr\/wp-json\/wp\/v2\/media?parent=34688"}],"wp:term":[{"taxonomy":"product_brand","embeddable":true,"href":"https:\/\/staging5.peach-pump.com\/hr\/wp-json\/wp\/v2\/product_brand?post=34688"},{"taxonomy":"product_cat","embeddable":true,"href":"https:\/\/staging5.peach-pump.com\/hr\/wp-json\/wp\/v2\/product_cat?post=34688"},{"taxonomy":"product_tag","embeddable":true,"href":"https:\/\/staging5.peach-pump.com\/hr\/wp-json\/wp\/v2\/product_tag?post=34688"}],"curies":[{"name":"wp","href":"https:\/\/api.w.org\/{rel}","templated":true}]}}