{"id":34665,"date":"2022-12-07T13:05:57","date_gmt":"2022-12-07T11:05:57","guid":{"rendered":"https:\/\/staging5.peach-pump.com\/products\/cvrste-formirajuce-tajice-u-baby-plavoj-boji\/"},"modified":"2025-07-14T14:26:35","modified_gmt":"2025-07-14T12:26:35","slug":"formirajuce-cvrste-tajice-u-baby-plavoj-boji","status":"publish","type":"product","link":"https:\/\/staging5.peach-pump.com\/hr\/products\/formirajuce-cvrste-tajice-u-baby-plavoj-boji\/","title":{"rendered":"\u010cvrste formiraju\u0107e tajice u baby plavoj boji."},"content":{"rendered":"<p>\u017denske \u010dvrste formiraju\u0107e tajice u baby plavoj boji. Model je od ripstop materijala, visokog struka, deblji, savr\u0161en za hladne jesensko-zimske dane. Tajice imaju \u0161iroki rips pojas, efekt oblikovanja i liftinga, tako tipi\u010dan za na\u0161 brend. Ovaj model tajica je izuzetno mekan, topao i savr\u0161eno iskle\u0161e va\u0161u figuru, mo\u017ee se kombinirati uz bluzu ili bustier, pogledajte vi\u0161e na\u0161e ponude.  <\/p>\n<ul>\n<li> Visok struk<\/li>\n<li> Be\u0161avna rips tkanina<\/li>\n<li> Podi\u017ee, oblikuje, prikriva problemati\u010dna podru\u010dja<\/li>\n<li> \u010cvr\u0161\u0107e<\/li>\n<li> Rips pojas koji omotava ki\u010dmu<\/li>\n<li> Peachy efekt<\/li>\n<li> Bez \u0161avova sprijeda<\/li>\n<li> Toplinski zape\u010da\u0107eni logo Peach Pump na stra\u017enjoj strani tajice<\/li>\n<li> Materijal za odvo\u0111enje znoja<\/li>\n<\/ul>\n<p> Sastav: 80% poliester 20% elastan. Tajice se mogu prati na temperaturi do 30 stupnjeva, nemojte koristiti izbjeljiva\u010d ili kemijsko \u010di\u0161\u0107enje. Model na fotografiji visok je 178 cm, te\u017eak 54 kg i nosi veli\u010dinu S. Za odabir odgovaraju\u0107e veli\u010dine koristite tablicu veli\u010dina.<\/p>\n","protected":false},"excerpt":{"rendered":"<p>\u017denske \u010dvrste formiraju\u0107e tajice u baby plavoj boji. Model je od ripstop materijala, visokog struka, deblji, savr\u0161en za hladne jesensko-zimske dane. Tajice imaju \u0161iroki rips pojas, efekt oblikovanja i liftinga, tako tipi\u010dan za na\u0161 brend. Ovaj model tajica je izuzetno mekan, topao i savr\u0161eno iskle\u0161e va\u0161u figuru, mo\u017ee se kombinirati uz bluzu ili bustier, pogledajte [&hellip;]<\/p>\n","protected":false},"featured_media":24666,"comment_status":"open","ping_status":"closed","template":"","meta":[],"product_brand":[],"product_cat":[136,293],"product_tag":[],"class_list":{"0":"post-34665","1":"product","2":"type-product","3":"status-publish","4":"has-post-thumbnail","6":"product_cat-zenske-sportske-tajice","7":"product_cat-zenske-tajice-duge","8":"pa_cviat-plava","9":"pa_razmer-l-hr","10":"pa_razmer-m-hr","11":"pa_razmer-s-hr-2","12":"inventories-world","13":"inventories-uk","15":"first","16":"instock","17":"taxable","18":"shipping-taxable","19":"purchasable","20":"product-type-variable"},"_links":{"self":[{"href":"https:\/\/staging5.peach-pump.com\/hr\/wp-json\/wp\/v2\/product\/34665","targetHints":{"allow":["GET"]}}],"collection":[{"href":"https:\/\/staging5.peach-pump.com\/hr\/wp-json\/wp\/v2\/product"}],"about":[{"href":"https:\/\/staging5.peach-pump.com\/hr\/wp-json\/wp\/v2\/types\/product"}],"replies":[{"embeddable":true,"href":"https:\/\/staging5.peach-pump.com\/hr\/wp-json\/wp\/v2\/comments?post=34665"}],"version-history":[{"count":0,"href":"https:\/\/staging5.peach-pump.com\/hr\/wp-json\/wp\/v2\/product\/34665\/revisions"}],"wp:featuredmedia":[{"embeddable":true,"href":"https:\/\/staging5.peach-pump.com\/hr\/wp-json\/wp\/v2\/media\/24666"}],"wp:attachment":[{"href":"https:\/\/staging5.peach-pump.com\/hr\/wp-json\/wp\/v2\/media?parent=34665"}],"wp:term":[{"taxonomy":"product_brand","embeddable":true,"href":"https:\/\/staging5.peach-pump.com\/hr\/wp-json\/wp\/v2\/product_brand?post=34665"},{"taxonomy":"product_cat","embeddable":true,"href":"https:\/\/staging5.peach-pump.com\/hr\/wp-json\/wp\/v2\/product_cat?post=34665"},{"taxonomy":"product_tag","embeddable":true,"href":"https:\/\/staging5.peach-pump.com\/hr\/wp-json\/wp\/v2\/product_tag?post=34665"}],"curies":[{"name":"wp","href":"https:\/\/api.w.org\/{rel}","templated":true}]}}