{"id":34655,"date":"2022-12-08T09:34:51","date_gmt":"2022-12-08T07:34:51","guid":{"rendered":"https:\/\/staging5.peach-pump.com\/products\/sportska-bluza-s-dugim-rukavima-u-baby-plavoj-boji\/"},"modified":"2025-06-19T13:52:02","modified_gmt":"2025-06-19T11:52:02","slug":"sportska-bluza-sa-dugim-rukavima-baby-plave-boje","status":"publish","type":"product","link":"https:\/\/staging5.peach-pump.com\/hr\/products\/sportska-bluza-sa-dugim-rukavima-baby-plave-boje\/","title":{"rendered":"Sportska bluza s dugim rukavima u baby plavoj boji"},"content":{"rendered":"<p>\u017denska sportska bluza dugih rukava od \u010dvrstog materijala u baby plavoj boji. Ovaj tako zanimljiv model ima rips materijal, lijepo pristaje uz tijelo i ima izrezani dekolte. Mo\u017ee se kombinirati s tajicama u istoj boji ili s tajicama neke druge \u010di\u0161tije boje. Bluza je primjerena za hladnije jesensko\/zimsko vrijeme, zaljubit \u0107ete se u meko\u0107u i na\u010din na koji je osje\u0107ate na svom tijelu.  <\/p>\n<ul>\n<li>Rips tkanina<\/li>\n<li>Toplinski zape\u010da\u0107eno &#8216;Peach Pump&#8217; na ramenu<\/li>\n<li>Velika elasti\u010dnost<\/li>\n<li>Zanimljiv dizajn<\/li>\n<\/ul>\n<p>  Sastav: 80% poliester 20% elastan Tajice se peru na temperaturi do 30 stupnjeva, nemojte koristiti izbjeljiva\u010d niti kemijsko \u010di\u0161\u0107enje. Model na fotografiji je visok 178 cm, te\u017eak 54 kg i nosi veli\u010dinu M. Za odabir odgovaraju\u0107e veli\u010dine koristite tablicu veli\u010dina.<\/p>\n","protected":false},"excerpt":{"rendered":"<p>\u017denska sportska bluza dugih rukava od \u010dvrstog materijala u baby plavoj boji. Ovaj tako zanimljiv model ima rips materijal, lijepo pristaje uz tijelo i ima izrezani dekolte. Mo\u017ee se kombinirati s tajicama u istoj boji ili s tajicama neke druge \u010di\u0161tije boje. Bluza je primjerena za hladnije jesensko\/zimsko vrijeme, zaljubit \u0107ete se u meko\u0107u i [&hellip;]<\/p>\n","protected":false},"featured_media":24794,"comment_status":"open","ping_status":"closed","template":"","meta":[],"product_brand":[],"product_cat":[340],"product_tag":[],"class_list":{"0":"post-34655","1":"product","2":"type-product","3":"status-publish","4":"has-post-thumbnail","6":"product_cat-zenske-bluze-sportske","7":"pa_cviat-plava","8":"pa_razmer-l-hr","9":"pa_razmer-m-hr","10":"pa_razmer-s-hr-2","11":"inventories-world","12":"inventories-uk","14":"first","15":"instock","16":"taxable","17":"shipping-taxable","18":"purchasable","19":"product-type-variable"},"_links":{"self":[{"href":"https:\/\/staging5.peach-pump.com\/hr\/wp-json\/wp\/v2\/product\/34655","targetHints":{"allow":["GET"]}}],"collection":[{"href":"https:\/\/staging5.peach-pump.com\/hr\/wp-json\/wp\/v2\/product"}],"about":[{"href":"https:\/\/staging5.peach-pump.com\/hr\/wp-json\/wp\/v2\/types\/product"}],"replies":[{"embeddable":true,"href":"https:\/\/staging5.peach-pump.com\/hr\/wp-json\/wp\/v2\/comments?post=34655"}],"version-history":[{"count":0,"href":"https:\/\/staging5.peach-pump.com\/hr\/wp-json\/wp\/v2\/product\/34655\/revisions"}],"wp:featuredmedia":[{"embeddable":true,"href":"https:\/\/staging5.peach-pump.com\/hr\/wp-json\/wp\/v2\/media\/24794"}],"wp:attachment":[{"href":"https:\/\/staging5.peach-pump.com\/hr\/wp-json\/wp\/v2\/media?parent=34655"}],"wp:term":[{"taxonomy":"product_brand","embeddable":true,"href":"https:\/\/staging5.peach-pump.com\/hr\/wp-json\/wp\/v2\/product_brand?post=34655"},{"taxonomy":"product_cat","embeddable":true,"href":"https:\/\/staging5.peach-pump.com\/hr\/wp-json\/wp\/v2\/product_cat?post=34655"},{"taxonomy":"product_tag","embeddable":true,"href":"https:\/\/staging5.peach-pump.com\/hr\/wp-json\/wp\/v2\/product_tag?post=34655"}],"curies":[{"name":"wp","href":"https:\/\/api.w.org\/{rel}","templated":true}]}}