{"id":34641,"date":"2022-12-16T12:53:43","date_gmt":"2022-12-16T10:53:43","guid":{"rendered":"https:\/\/staging5.peach-pump.com\/products\/zenska-sportska-jakna-sa-patentnim-zatvaracem-uz-tijelu-u-crnoj-boji\/"},"modified":"2025-07-29T14:54:34","modified_gmt":"2025-07-29T12:54:34","slug":"zenska-sportska-jakna-s-patentnim-zatvaracem-uz-tijelo-crna","status":"publish","type":"product","link":"https:\/\/staging5.peach-pump.com\/hr\/products\/zenska-sportska-jakna-s-patentnim-zatvaracem-uz-tijelo-crna\/","title":{"rendered":"\u017denska sportska jakna sa patentnim zatvara\u010dem uz tijelu u crnoj boji"},"content":{"rendered":"<p>Model \u017eenske sportske jakne s patentnim zatvara\u010dem koja prianja uz tijelo u crnoj boji. Jakna ima otvore na rukavima za pal\u010deve, na taj na\u010din \u0107e vam ruke biti za\u0161ti\u0107ene tijekom vje\u017ebanja vani i rukavi se ne\u0107e podvrtati. Kroj jakna je jako lijep, u\u017ei je te oblikuje siluetu. Mo\u017ee se kombinirati s razli\u010ditim bojama tajica ili poprsja.  <\/p>\n<ul>\n<li>Elasti\u010dna tkanina koja se brzo su\u0161i<\/li>\n<li>Toplinski zape\u010da\u0107eni logo Peach Pump na ramenu<\/li>\n<li>Zakop\u010danje patentnim zatvara\u010dem<\/li>\n<li>Otvore za pal\u010deve<\/li>\n<li>Model koji oblikuje figuru<\/li>\n<\/ul>\n<p>  Sastav: 80% poliester 20% elastan. Jakna se mo\u017ee prati na temperaturama do 30 stupnjeva, nemojte koristiti izbjeljiva\u010d ili kemijsko \u010di\u0161\u0107enje. Model na fotografiji je visok 178 cm, te\u017eak 54 kg i nosi veli\u010dinu S. Molimo koristite tablice veli\u010dina za odabir to\u010dne veli\u010dine  <strong> <\/strong><\/p>\n","protected":false},"excerpt":{"rendered":"<p>Model \u017eenske sportske jakne s patentnim zatvara\u010dem koja prianja uz tijelo u crnoj boji. Jakna ima otvore na rukavima za pal\u010deve, na taj na\u010din \u0107e vam ruke biti za\u0161ti\u0107ene tijekom vje\u017ebanja vani i rukavi se ne\u0107e podvrtati. Kroj jakna je jako lijep, u\u017ei je te oblikuje siluetu. Mo\u017ee se kombinirati s razli\u010ditim bojama tajica ili [&hellip;]<\/p>\n","protected":false},"featured_media":25299,"comment_status":"open","ping_status":"closed","template":"","meta":[],"product_brand":[],"product_cat":[919,340],"product_tag":[],"class_list":{"0":"post-34641","1":"product","2":"type-product","3":"status-publish","4":"has-post-thumbnail","6":"product_cat-zenske-jakne","7":"product_cat-zenske-bluze-sportske","8":"pa_cviat-crno","9":"pa_razmer-l-hr","10":"pa_razmer-m-hr","11":"pa_razmer-s-hr-2","12":"inventories-world","13":"inventories-uk","15":"first","16":"instock","17":"sale","18":"taxable","19":"shipping-taxable","20":"purchasable","21":"product-type-variable"},"_links":{"self":[{"href":"https:\/\/staging5.peach-pump.com\/hr\/wp-json\/wp\/v2\/product\/34641","targetHints":{"allow":["GET"]}}],"collection":[{"href":"https:\/\/staging5.peach-pump.com\/hr\/wp-json\/wp\/v2\/product"}],"about":[{"href":"https:\/\/staging5.peach-pump.com\/hr\/wp-json\/wp\/v2\/types\/product"}],"replies":[{"embeddable":true,"href":"https:\/\/staging5.peach-pump.com\/hr\/wp-json\/wp\/v2\/comments?post=34641"}],"version-history":[{"count":0,"href":"https:\/\/staging5.peach-pump.com\/hr\/wp-json\/wp\/v2\/product\/34641\/revisions"}],"wp:featuredmedia":[{"embeddable":true,"href":"https:\/\/staging5.peach-pump.com\/hr\/wp-json\/wp\/v2\/media\/25299"}],"wp:attachment":[{"href":"https:\/\/staging5.peach-pump.com\/hr\/wp-json\/wp\/v2\/media?parent=34641"}],"wp:term":[{"taxonomy":"product_brand","embeddable":true,"href":"https:\/\/staging5.peach-pump.com\/hr\/wp-json\/wp\/v2\/product_brand?post=34641"},{"taxonomy":"product_cat","embeddable":true,"href":"https:\/\/staging5.peach-pump.com\/hr\/wp-json\/wp\/v2\/product_cat?post=34641"},{"taxonomy":"product_tag","embeddable":true,"href":"https:\/\/staging5.peach-pump.com\/hr\/wp-json\/wp\/v2\/product_tag?post=34641"}],"curies":[{"name":"wp","href":"https:\/\/api.w.org\/{rel}","templated":true}]}}