{"id":33482,"date":"2022-07-04T18:32:56","date_gmt":"2022-07-04T16:32:56","guid":{"rendered":"https:\/\/staging5.peach-pump.com\/products\/roza-sportska-majica-s-patentnim-zatvaracem-za-fitness\/"},"modified":"2025-07-19T05:39:54","modified_gmt":"2025-07-19T03:39:54","slug":"ruzicasta-sportska-bluza-s-patentnim-zatvaracem-za-fitnes","status":"publish","type":"product","link":"https:\/\/staging5.peach-pump.com\/hr\/products\/ruzicasta-sportska-bluza-s-patentnim-zatvaracem-za-fitnes\/","title":{"rendered":"Ru\u017ei\u010dasta sportska bluza s patentnim zatvara\u010dem za fitnes"},"content":{"rendered":"<p>\u017denska ru\u017ei\u010dasta sportska bluza s patentnim zatvara\u010dem za fitnes i sport od mekane rips tkanine. Bluza ima dvostruki patentni zatvara\u010d \u0161to je \u010dini zanimljivom i druga\u010dijom. Pogodana je za fitnes vje\u017ebe, jogu, tenis i \u0161etnje. Tkanina od koje je izra\u0111ena je disajna i ne ostavlja tragove znojenja, uz ovaj model \u0107ete se osje\u0107ati udobno i samouvjereno. Rips materijal<\/p>\n<ul>\n<li>Rips materijal<\/li>\n<li>Dvostruki patentni zatvara\u010d<\/li>\n<li>Velika elasti\u010dnost<\/li>\n<li>Toplinski zape\u010da\u0107eno Peach Pump na prednjem dijelu bluze<\/li>\n<li>Tehnologija za odvo\u0111enje znoja<\/li>\n<\/ul>\n<p>Sastav: 80% poliester 20% elastan<\/p>\n<p>Bluza se mo\u017ee prati na temperaturi do 30 stupnjeva, nemojte koristiti izbjeljiva\u010d niti kemijsko \u010di\u0161\u0107enje.<\/p>\n<p>Manekenka na fotografiji je visoka 178 cm, te\u0161ka 54 kg i nosi veli\u010dinu M.<\/p>\n<p>Koristite tablice za odabir to\u010dne veli\u010dine.<\/p>\n","protected":false},"excerpt":{"rendered":"<p>\u017denska ru\u017ei\u010dasta sportska bluza s patentnim zatvara\u010dem za fitnes i sport od mekane rips tkanine. Bluza ima dvostruki patentni zatvara\u010d \u0161to je \u010dini zanimljivom i druga\u010dijom. Pogodana je za fitnes vje\u017ebe, jogu, tenis i \u0161etnje. Tkanina od koje je izra\u0111ena je disajna i ne ostavlja tragove znojenja, uz ovaj model \u0107ete se osje\u0107ati udobno i [&hellip;]<\/p>\n","protected":false},"featured_media":18511,"comment_status":"open","ping_status":"closed","template":"","meta":[],"product_brand":[],"product_cat":[340],"product_tag":[],"class_list":{"0":"post-33482","1":"product","2":"type-product","3":"status-publish","4":"has-post-thumbnail","6":"product_cat-zenske-bluze-sportske","7":"pa_cviat-ruzicasta","8":"pa_razmer-m-hr","9":"pa_razmer-s-hr-2","10":"inventories-world","11":"inventories-uk","13":"first","14":"instock","15":"sale","16":"taxable","17":"shipping-taxable","18":"purchasable","19":"product-type-variable"},"_links":{"self":[{"href":"https:\/\/staging5.peach-pump.com\/hr\/wp-json\/wp\/v2\/product\/33482","targetHints":{"allow":["GET"]}}],"collection":[{"href":"https:\/\/staging5.peach-pump.com\/hr\/wp-json\/wp\/v2\/product"}],"about":[{"href":"https:\/\/staging5.peach-pump.com\/hr\/wp-json\/wp\/v2\/types\/product"}],"replies":[{"embeddable":true,"href":"https:\/\/staging5.peach-pump.com\/hr\/wp-json\/wp\/v2\/comments?post=33482"}],"version-history":[{"count":0,"href":"https:\/\/staging5.peach-pump.com\/hr\/wp-json\/wp\/v2\/product\/33482\/revisions"}],"wp:featuredmedia":[{"embeddable":true,"href":"https:\/\/staging5.peach-pump.com\/hr\/wp-json\/wp\/v2\/media\/18511"}],"wp:attachment":[{"href":"https:\/\/staging5.peach-pump.com\/hr\/wp-json\/wp\/v2\/media?parent=33482"}],"wp:term":[{"taxonomy":"product_brand","embeddable":true,"href":"https:\/\/staging5.peach-pump.com\/hr\/wp-json\/wp\/v2\/product_brand?post=33482"},{"taxonomy":"product_cat","embeddable":true,"href":"https:\/\/staging5.peach-pump.com\/hr\/wp-json\/wp\/v2\/product_cat?post=33482"},{"taxonomy":"product_tag","embeddable":true,"href":"https:\/\/staging5.peach-pump.com\/hr\/wp-json\/wp\/v2\/product_tag?post=33482"}],"curies":[{"name":"wp","href":"https:\/\/api.w.org\/{rel}","templated":true}]}}