{"id":120746,"date":"2025-06-15T22:18:03","date_gmt":"2025-06-15T20:18:03","guid":{"rendered":"https:\/\/staging5.peach-pump.com\/products\/zenske-tajice-bez-boje\/"},"modified":"2026-02-27T15:52:15","modified_gmt":"2026-02-27T13:52:15","slug":"zenske-tajice-bez-boje","status":"publish","type":"product","link":"https:\/\/staging5.peach-pump.com\/hr\/products\/zenske-tajice-bez-boje\/","title":{"rendered":"Be\u017e \u017eenske tajice \u010distog dizajna"},"content":{"rendered":"<p>Sportske \u017eenske tajice \u010distog dizajna u be\u017e \u201eslonoko\u0161\u010devoj\u201d boji, bez efektom oblikovanja. Model nema \u0161av sprijeda, \u0161to ve\u0107ina \u017eena preferira, a \u0161av se nalazi na stra\u017enjoj strani tajica. Elasti\u010dna ljetna tkanina koja oblikuje tijelo i \u0161iroki pojas koji nagla\u0161ava struk. Na prednjoj i stra\u017enjoj strani tajica nalazi se 3D logo. \u0160avovi modela su ravni i ne izazivaju iritaciju. Pogodne su za trening snage ili aerobika, ne zadr\u017eavaju vlagu u tijelu. Mogu se kombinirati s kratkom bluzom u kompletu, izra\u0111ene od iste tkanine.      <\/p>\n<ul>\n<li>Lagana elasti\u010dna ljetna tkanina<\/li>\n<li>Plosnati \u0161avovi<\/li>\n<li>Bez \u0161avova sprijeda<\/li>\n<li>\u0160av na stra\u017enjoj strani tajica<\/li>\n<li>\u0160iroki pojas oko struka<\/li>\n<li>3D logo \u201ePeach Pump\u201d na stra\u017enjoj i prednjoj strani tajica<\/li>\n<li>Materijal koji ne zadr\u017eava vlagu u tijelu<\/li>\n<\/ul>\n<p>Sastav: elastin i poliester<\/p>\n<p>Tajice se mogu prati na temperaturi do 30 stupnjeva, nemojte koristiti izbjeljiva\u010d, su\u0161iti u su\u0161ilici rublja ili kemijski \u010distiti.<\/p>\n<p>Model na fotografiji je visok 178 cm, te\u017eak 57 kg i nosi veli\u010dinu M.<\/p>\n<p>Koristite tablice za odabir to\u010dne veli\u010dine<\/p>\n","protected":false},"excerpt":{"rendered":"<p>Sportske \u017eenske tajice \u010distog dizajna u be\u017e \u201eslonoko\u0161\u010devoj\u201d boji, bez efektom oblikovanja. Model nema \u0161av sprijeda, \u0161to ve\u0107ina \u017eena preferira, a \u0161av se nalazi na stra\u017enjoj strani tajica. Elasti\u010dna ljetna tkanina koja oblikuje tijelo i \u0161iroki pojas koji nagla\u0161ava struk. Na prednjoj i stra\u017enjoj strani tajica nalazi se 3D logo. \u0160avovi modela su ravni i [&hellip;]<\/p>\n","protected":false},"featured_media":118842,"comment_status":"open","ping_status":"closed","template":"","meta":[],"product_brand":[],"product_cat":[136,293],"product_tag":[],"class_list":{"0":"post-120746","1":"product","2":"type-product","3":"status-publish","4":"has-post-thumbnail","6":"product_cat-zenske-sportske-tajice","7":"product_cat-zenske-tajice-duge","8":"pa_cviat-bez","9":"pa_razmer-l-hr","10":"pa_razmer-m-hr","11":"pa_razmer-s-hr-2","12":"inventories-world","13":"inventories-pl","15":"first","16":"instock","17":"taxable","18":"shipping-taxable","19":"purchasable","20":"product-type-variable"},"_links":{"self":[{"href":"https:\/\/staging5.peach-pump.com\/hr\/wp-json\/wp\/v2\/product\/120746","targetHints":{"allow":["GET"]}}],"collection":[{"href":"https:\/\/staging5.peach-pump.com\/hr\/wp-json\/wp\/v2\/product"}],"about":[{"href":"https:\/\/staging5.peach-pump.com\/hr\/wp-json\/wp\/v2\/types\/product"}],"replies":[{"embeddable":true,"href":"https:\/\/staging5.peach-pump.com\/hr\/wp-json\/wp\/v2\/comments?post=120746"}],"version-history":[{"count":0,"href":"https:\/\/staging5.peach-pump.com\/hr\/wp-json\/wp\/v2\/product\/120746\/revisions"}],"wp:featuredmedia":[{"embeddable":true,"href":"https:\/\/staging5.peach-pump.com\/hr\/wp-json\/wp\/v2\/media\/118842"}],"wp:attachment":[{"href":"https:\/\/staging5.peach-pump.com\/hr\/wp-json\/wp\/v2\/media?parent=120746"}],"wp:term":[{"taxonomy":"product_brand","embeddable":true,"href":"https:\/\/staging5.peach-pump.com\/hr\/wp-json\/wp\/v2\/product_brand?post=120746"},{"taxonomy":"product_cat","embeddable":true,"href":"https:\/\/staging5.peach-pump.com\/hr\/wp-json\/wp\/v2\/product_cat?post=120746"},{"taxonomy":"product_tag","embeddable":true,"href":"https:\/\/staging5.peach-pump.com\/hr\/wp-json\/wp\/v2\/product_tag?post=120746"}],"curies":[{"name":"wp","href":"https:\/\/api.w.org\/{rel}","templated":true}]}}