{"id":100500,"date":"2024-12-17T22:07:02","date_gmt":"2024-12-17T20:07:02","guid":{"rendered":"https:\/\/staging5.peach-pump.com\/products\/zeleni-kombinezon-prosiven\/"},"modified":"2026-02-27T16:26:43","modified_gmt":"2026-02-27T14:26:43","slug":"zeleni-kombinezon-prosiven","status":"publish","type":"product","link":"https:\/\/staging5.peach-pump.com\/hr\/products\/zeleni-kombinezon-prosiven\/","title":{"rendered":"Pro\u0161iveni tamnozeleni kombinezon uz tijelo &#8220;Catsuits&#8221;"},"content":{"rendered":"<p>Pro\u0161iveni tamnozeleni kombinezon uz tijelo od meke, disajne tkanine, savr\u0161en za vje\u017ebe ili \u0161etnju po hladnijem vremenu. Model ima patentni zatvara\u010d sprijeda, unutarnji natpis Peach Pump i gumirani logo &#8220;Peach Pump&#8221; na ramenu.  Kombinezon savr\u0161eno pristaje uz tijelo i oblikuje ga poput pje\u0161\u010danog sata, prikrivaju\u0107i nesavr\u0161enosti. Model nema \u0161avove sprijeda. Pogodan i za vi\u0161e dame.<\/p>\n<p>Modni nalaz koji \u0107e biti novi omiljeni dodatak Va\u0161oj garderobi. Budite lijepe, \u017eenstvene i nezaboravne uz Peach Pump.<\/p>\n<ul>\n<li>Pro\u0161ivena meka podstava<\/li>\n<li>Disajni materijal<\/li>\n<li>Skrivena oznaka \u201cPeach Pump\u201d<\/li>\n<li>Logo &#8220;Peach Pump&#8221; na ramenu<\/li>\n<li>Model koji oblikuje figuru<\/li>\n<li>Elasti\u010dni materijal savr\u0161eno pristaje<\/li>\n<li>Bez \u0161avova sprijeda<\/li>\n<li>Pogodan i za vi\u0161e dame<\/li>\n<\/ul>\n<p>Sastav: 80% poliester 20% elastan<\/p>\n<p>Kombinezon se mo\u017ee prati na temperaturi do 30 stupnjeva, nemojte ga izbjeljivati \u200b\u200bniti \u010distiti na kemijsko pranje<\/p>\n<p>Manekenka na fotografijama visoka je 167 cm, te\u0161ka 50 kg i pozira u veli\u010dini S<\/p>\n<p>&nbsp;<\/p>\n","protected":false},"excerpt":{"rendered":"<p>Pro\u0161iveni tamnozeleni kombinezon uz tijelo od meke, disajne tkanine, savr\u0161en za vje\u017ebe ili \u0161etnju po hladnijem vremenu. Model ima patentni zatvara\u010d sprijeda, unutarnji natpis Peach Pump i gumirani logo &#8220;Peach Pump&#8221; na ramenu. Kombinezon savr\u0161eno pristaje uz tijelo i oblikuje ga poput pje\u0161\u010danog sata, prikrivaju\u0107i nesavr\u0161enosti. Model nema \u0161avove sprijeda. Pogodan i za vi\u0161e dame. [&hellip;]<\/p>\n","protected":false},"featured_media":99679,"comment_status":"open","ping_status":"closed","template":"","meta":[],"product_brand":[],"product_cat":[1126,342,344],"product_tag":[],"class_list":{"0":"post-100500","1":"product","2":"type-product","3":"status-publish","4":"has-post-thumbnail","6":"product_cat-sportski-kombinezoni","7":"product_cat-zenska-sportska-kombinacije","8":"product_cat-sportski-kompleti-tajica","9":"pa_cviat-zelena","10":"pa_razmer-l-hr","11":"pa_razmer-m-hr","12":"pa_razmer-s-hr-2","13":"inventories-world","14":"inventories-pl","15":"inventories-uk","17":"first","18":"instock","19":"taxable","20":"shipping-taxable","21":"purchasable","22":"product-type-variable"},"_links":{"self":[{"href":"https:\/\/staging5.peach-pump.com\/hr\/wp-json\/wp\/v2\/product\/100500","targetHints":{"allow":["GET"]}}],"collection":[{"href":"https:\/\/staging5.peach-pump.com\/hr\/wp-json\/wp\/v2\/product"}],"about":[{"href":"https:\/\/staging5.peach-pump.com\/hr\/wp-json\/wp\/v2\/types\/product"}],"replies":[{"embeddable":true,"href":"https:\/\/staging5.peach-pump.com\/hr\/wp-json\/wp\/v2\/comments?post=100500"}],"version-history":[{"count":2,"href":"https:\/\/staging5.peach-pump.com\/hr\/wp-json\/wp\/v2\/product\/100500\/revisions"}],"predecessor-version":[{"id":108595,"href":"https:\/\/staging5.peach-pump.com\/hr\/wp-json\/wp\/v2\/product\/100500\/revisions\/108595"}],"wp:featuredmedia":[{"embeddable":true,"href":"https:\/\/staging5.peach-pump.com\/hr\/wp-json\/wp\/v2\/media\/99679"}],"wp:attachment":[{"href":"https:\/\/staging5.peach-pump.com\/hr\/wp-json\/wp\/v2\/media?parent=100500"}],"wp:term":[{"taxonomy":"product_brand","embeddable":true,"href":"https:\/\/staging5.peach-pump.com\/hr\/wp-json\/wp\/v2\/product_brand?post=100500"},{"taxonomy":"product_cat","embeddable":true,"href":"https:\/\/staging5.peach-pump.com\/hr\/wp-json\/wp\/v2\/product_cat?post=100500"},{"taxonomy":"product_tag","embeddable":true,"href":"https:\/\/staging5.peach-pump.com\/hr\/wp-json\/wp\/v2\/product_tag?post=100500"}],"curies":[{"name":"wp","href":"https:\/\/api.w.org\/{rel}","templated":true}]}}