{"id":36391,"date":"2022-05-17T21:44:58","date_gmt":"2022-05-17T19:44:58","guid":{"rendered":"https:\/\/staging5.peach-pump.com\/politika-privatnosti\/"},"modified":"2025-02-10T17:14:08","modified_gmt":"2025-02-10T15:14:08","slug":"politika-privatnosti","status":"publish","type":"page","link":"https:\/\/staging5.peach-pump.com\/hr\/politika-privatnosti\/","title":{"rendered":"POLITIKA PRIVATNOSTI"},"content":{"rendered":"\t\t<div data-elementor-type=\"wp-page\" data-elementor-id=\"36391\" class=\"elementor elementor-36391 elementor-3\" data-elementor-post-type=\"page\">\n\t\t\t\t<div class=\"elementor-element elementor-element-cf3d95c e-flex e-con-boxed e-con e-parent\" data-id=\"cf3d95c\" data-element_type=\"container\">\n\t\t\t\t\t<div class=\"e-con-inner\">\n\t\t\t\t<div class=\"elementor-element elementor-element-1dca528d elementor-widget elementor-widget-text-editor\" data-id=\"1dca528d\" data-element_type=\"widget\" data-widget_type=\"text-editor.default\">\n\t\t\t\t<div class=\"elementor-widget-container\">\n\t\t\t\t\t\t\t\t\t<p><strong>Podaci o voditelju obrade osobnih podataka:<\/strong><\/p>\n<p>&#8220;Peach Pump&#8221; doo je tvrtka registrirana prema Trgova\u010dkom zakonu Republike Bugarske s EIK 206826362, s adresom u gradu Varna, ulica Graf Ignatiev 32, adresa e-po\u0161te: office@staging5.peach-pump.com,<\/p>\n<p>Peach Pump &nbsp; posluje u skladu sa Zakonom o za\u0161titi osobnih podataka i Uredbom (EU) 2016\/679 Europskog parlamenta i Vije\u0107a od 27. travnja 2016. (\u201eOp\u0107a uredba EU o za\u0161titi podataka\u201c ili \u201eGDPR\u201c)<\/p>\n<p>Svrhe u koje Peach Pump prikuplja i obra\u0111uje Va\u0161e osobne podatke:<\/p>\n<ul>\n<li>za potrebe ispunjenja obveza iz ugovora<\/li>\n<li>ra\u010dunovodstvene i komercijalne svrhe<\/li>\n<li>Marketing<\/li>\n<li>utvr\u0111ivanje va\u0161eg identiteta;<\/li>\n<li>otkriti i\/ili sprije\u010diti nezakonite radnje ili radnje suprotne na\u0161im uvjetima<\/li>\n<li>za\u0161tita informacijske sigurnosti<\/li>\n<li>pru\u017eanje funkcionalnosti na\u0161e web stranice;<\/li>\n<li>kreiranje profila za kori\u0161tenje usluge \u2013 u svrhu Va\u0161e identifikacije i pru\u017eanja usluge;<\/li>\n<li>nudimo registraciju va\u0161eg ra\u010duna u Peach Pumpu, putem va\u0161eg Facebook ra\u010duna. Facebookovu politiku privatnosti mo\u017eete vidjeti slijede\u0107i sljede\u0107e poveznice:<\/li>\n<\/ul>\n<p><a href=\"https:\/\/www.facebook.com\/about\/privacy\" target=\"_blank\" rel=\"noopener\">https:\/\/www.facebook.com\/about\/privacy<\/a><\/p>\n<p>Peach Pump prikuplja i obra\u0111uje sljede\u0107e osobne podatke: ime, adresu, e-mail, telefonski broj, IP adresu itd., koje prikupljamo u svrhu identifikacije.<\/p>\n<p>Ovdje mo\u017eete izbrisati svoje osobne podatke: <a href=\"https:\/\/staging5.peach-pump.com\/hr\/brisanje-osobnih-podataka\/\">Brisanje osobnih podataka &#8211; Peach Pump (staging5.peach-pump.com)<\/a>&nbsp; &nbsp;<\/p>\t\t\t\t\t\t\t\t<\/div>\n\t\t\t\t<\/div>\n\t\t\t\t\t<\/div>\n\t\t\t\t<\/div>\n\t\t\t\t<\/div>\n\t\t","protected":false},"excerpt":{"rendered":"<p>Podaci o voditelju obrade osobnih podataka: &#8220;Peach Pump&#8221; doo je tvrtka registrirana prema Trgova\u010dkom zakonu Republike Bugarske s EIK 206826362, s adresom u gradu Varna, ulica Graf Ignatiev 32, adresa e-po\u0161te: office@staging5.peach-pump.com, Peach Pump &nbsp; posluje u skladu sa Zakonom o za\u0161titi osobnih podataka i Uredbom (EU) 2016\/679 Europskog parlamenta i Vije\u0107a od 27. travnja [&hellip;]<\/p>\n","protected":false},"author":1,"featured_media":0,"parent":0,"menu_order":0,"comment_status":"closed","ping_status":"closed","template":"","meta":{"footnotes":""},"class_list":["post-36391","page","type-page","status-publish","hentry"],"_links":{"self":[{"href":"https:\/\/staging5.peach-pump.com\/hr\/wp-json\/wp\/v2\/pages\/36391","targetHints":{"allow":["GET"]}}],"collection":[{"href":"https:\/\/staging5.peach-pump.com\/hr\/wp-json\/wp\/v2\/pages"}],"about":[{"href":"https:\/\/staging5.peach-pump.com\/hr\/wp-json\/wp\/v2\/types\/page"}],"author":[{"embeddable":true,"href":"https:\/\/staging5.peach-pump.com\/hr\/wp-json\/wp\/v2\/users\/1"}],"replies":[{"embeddable":true,"href":"https:\/\/staging5.peach-pump.com\/hr\/wp-json\/wp\/v2\/comments?post=36391"}],"version-history":[{"count":7,"href":"https:\/\/staging5.peach-pump.com\/hr\/wp-json\/wp\/v2\/pages\/36391\/revisions"}],"predecessor-version":[{"id":105763,"href":"https:\/\/staging5.peach-pump.com\/hr\/wp-json\/wp\/v2\/pages\/36391\/revisions\/105763"}],"wp:attachment":[{"href":"https:\/\/staging5.peach-pump.com\/hr\/wp-json\/wp\/v2\/media?parent=36391"}],"curies":[{"name":"wp","href":"https:\/\/api.w.org\/{rel}","templated":true}]}}