{"id":98643,"date":"2024-11-01T21:15:57","date_gmt":"2024-11-01T19:15:57","guid":{"rendered":"https:\/\/staging5.peach-pump.com\/products\/tmave-modre-leginy-obracene-svy\/"},"modified":"2025-07-29T10:10:14","modified_gmt":"2025-07-29T08:10:14","slug":"tmave-modre-leginy-obracene-svy","status":"publish","type":"product","link":"https:\/\/staging5.peach-pump.com\/cs\/products\/tmave-modre-leginy-obracene-svy\/","title":{"rendered":"Tmav\u011b modr\u00e9 leg\u00edny s 3D obr\u00e1cen\u00fdmi \u0161vy"},"content":{"rendered":"<p>Sportovn\u00ed tmav\u011b modr\u00e9 leg\u00edny s efektn\u00edmi 3D obr\u00e1cen\u00fdmi \u0161vy. Tento model m\u00e1 modern\u00ed design , \u0161vy kop\u00edruj\u00ed k\u0159ivky t\u011bla a tvaruj\u00ed ho. Tkanina leg\u00edn je m\u011bkk\u00e1 a pru\u017en\u00e1 , poskytuje plnou volnost pohybu a pohodl\u00ed p\u0159i sportu, m\u00e1 skrytou gumu a t\u00edm prodlu\u017euje postavu. Leg\u00edny jsou k dispozici ve t\u0159ech m\u00f3dn\u00edch barv\u00e1ch pro tuto sez\u00f3nu, lze je kombinovat s poprs\u00edm ve stejn\u00e9m vzoru.   <\/p>\n<ul>\n<li>Pru\u017en\u00e1 tkanina<\/li>\n<li>Tepeln\u011b zataven\u00e9 logo Peach Pump na p\u0159edn\u00ed stran\u011b kl\u00ednu<\/li>\n<li>Velkolep\u00e9 3D \u0161vy<\/li>\n<li>Skryt\u00e1 guma v pase<\/li>\n<li>Tkanina odv\u00e1d\u011bj\u00edc\u00ed vlhkost<\/li>\n<li>Bez broskvov\u00e9ho efektu<\/li>\n<\/ul>\n<p>Slo\u017een\u00ed: 80 % polyester, 20 % elastan.<\/p>\n<p>Leg\u00edny lze pr\u00e1t na 30 stup\u0148\u016f, neb\u011blit a ne\u010distit chemicky.<\/p>\n<p>Modelka na fotografii m\u011b\u0159\u00ed 178 cm, v\u00e1\u017e\u00ed 54 kg a m\u00e1 na sob\u011b velikost S.<\/p>\n<p>Pro v\u00fdb\u011br p\u0159esn\u00e9 velikosti pros\u00edm pou\u017eijte tabulek.<\/p>\n<p>&nbsp;<\/p>\n","protected":false},"excerpt":{"rendered":"<p>Sportovn\u00ed tmav\u011b modr\u00e9 leg\u00edny s efektn\u00edmi 3D obr\u00e1cen\u00fdmi \u0161vy. Tento model m\u00e1 modern\u00ed design , \u0161vy kop\u00edruj\u00ed k\u0159ivky t\u011bla a tvaruj\u00ed ho. Tkanina leg\u00edn je m\u011bkk\u00e1 a pru\u017en\u00e1 , poskytuje plnou volnost pohybu a pohodl\u00ed p\u0159i sportu, m\u00e1 skrytou gumu a t\u00edm prodlu\u017euje postavu. Leg\u00edny jsou k dispozici ve t\u0159ech m\u00f3dn\u00edch barv\u00e1ch pro tuto sez\u00f3nu, [&hellip;]<\/p>\n","protected":false},"featured_media":91835,"comment_status":"open","ping_status":"closed","template":"","meta":[],"product_brand":[],"product_cat":[137,296],"product_tag":[],"class_list":{"0":"post-98643","1":"product","2":"type-product","3":"status-publish","4":"has-post-thumbnail","6":"product_cat-damske-sportovni-leginy","7":"product_cat-damske-leginy-dlouhe","8":"pa_cviat-modra","9":"pa_razmer-l-cs","10":"pa_razmer-m-cs","11":"pa_razmer-s-cs-2","12":"inventories-world","13":"inventories-uk","15":"first","16":"instock","17":"sale","18":"taxable","19":"shipping-taxable","20":"purchasable","21":"product-type-variable"},"_links":{"self":[{"href":"https:\/\/staging5.peach-pump.com\/cs\/wp-json\/wp\/v2\/product\/98643","targetHints":{"allow":["GET"]}}],"collection":[{"href":"https:\/\/staging5.peach-pump.com\/cs\/wp-json\/wp\/v2\/product"}],"about":[{"href":"https:\/\/staging5.peach-pump.com\/cs\/wp-json\/wp\/v2\/types\/product"}],"replies":[{"embeddable":true,"href":"https:\/\/staging5.peach-pump.com\/cs\/wp-json\/wp\/v2\/comments?post=98643"}],"version-history":[{"count":1,"href":"https:\/\/staging5.peach-pump.com\/cs\/wp-json\/wp\/v2\/product\/98643\/revisions"}],"predecessor-version":[{"id":108584,"href":"https:\/\/staging5.peach-pump.com\/cs\/wp-json\/wp\/v2\/product\/98643\/revisions\/108584"}],"wp:featuredmedia":[{"embeddable":true,"href":"https:\/\/staging5.peach-pump.com\/cs\/wp-json\/wp\/v2\/media\/91835"}],"wp:attachment":[{"href":"https:\/\/staging5.peach-pump.com\/cs\/wp-json\/wp\/v2\/media?parent=98643"}],"wp:term":[{"taxonomy":"product_brand","embeddable":true,"href":"https:\/\/staging5.peach-pump.com\/cs\/wp-json\/wp\/v2\/product_brand?post=98643"},{"taxonomy":"product_cat","embeddable":true,"href":"https:\/\/staging5.peach-pump.com\/cs\/wp-json\/wp\/v2\/product_cat?post=98643"},{"taxonomy":"product_tag","embeddable":true,"href":"https:\/\/staging5.peach-pump.com\/cs\/wp-json\/wp\/v2\/product_tag?post=98643"}],"curies":[{"name":"wp","href":"https:\/\/api.w.org\/{rel}","templated":true}]}}