{"id":93990,"date":"2024-11-01T21:24:11","date_gmt":"2024-11-01T19:24:11","guid":{"rendered":"https:\/\/staging5.peach-pump.com\/products\/hnede-leginy-svy-ven\/"},"modified":"2025-07-31T00:09:08","modified_gmt":"2025-07-30T22:09:08","slug":"hnede-leginy-svy-ven","status":"publish","type":"product","link":"https:\/\/staging5.peach-pump.com\/cs\/products\/hnede-leginy-svy-ven\/","title":{"rendered":"Hn\u011bd\u00e9 leg\u00edny s 3D \u0161vy ven"},"content":{"rendered":"<p>D\u00e1msk\u00e9 sportovn\u00ed hn\u011bd\u00e9 leg\u00edny s efektn\u00edmi 3D \u0161vy ven. Tento model m\u00e1 modern\u00ed design , \u0161vy kop\u00edruj\u00ed k\u0159ivky t\u011bla a tvaruj\u00ed jej. Tkanina leg\u00edn je m\u011bkk\u00e1 a pru\u017en\u00e1 , poskytuje plnou volnost pohybu a pohodl\u00ed p\u0159i sportu, jsou vybaveny skrytou o a t\u00edm postavu prodlu\u017euj\u00ed. Leg\u00edny jsou k dispozici ve t\u0159ech aktu\u00e1ln\u00edch barv\u00e1ch pro tuto sez\u00f3nu, lze je kombinovat s podprsenkou stejn\u00e9ho vzoru.   <\/p>\n<ul>\n<li>Pru\u017en\u00e1 tkanina<\/li>\n<li>Tepeln\u011b zataven\u00e9 logo Peach Pump na p\u0159edn\u00ed stran\u011b kl\u00ednu<\/li>\n<li>Velkolep\u00e9 3D \u0161vy<\/li>\n<li>Skryt\u00e1 guma v pase<\/li>\n<li>Tkanina odv\u00e1d\u011bj\u00edc\u00ed vlhkost<\/li>\n<li>Bez broskvov\u00e9ho efektu<\/li>\n<\/ul>\n<p>Slo\u017een\u00ed: 80 % polyester, 20 % elastan<\/p>\n<p>Leg\u00edny lze pr\u00e1t na 30 stup\u0148\u016f, neb\u011blit a ne\u010distit chemicky.<\/p>\n<p>Modelka na fotografii m\u011b\u0159\u00ed 178 cm, v\u00e1\u017e\u00ed 54 kg a m\u00e1 na sob\u011b velikost S.<\/p>\n<p>Pro v\u00fdb\u011br p\u0159esn\u00e9 velikosti pros\u00edm pou\u017eijte tabulek.<\/p>\n<p>&nbsp;<\/p>\n","protected":false},"excerpt":{"rendered":"<p>D\u00e1msk\u00e9 sportovn\u00ed hn\u011bd\u00e9 leg\u00edny s efektn\u00edmi 3D \u0161vy ven. Tento model m\u00e1 modern\u00ed design , \u0161vy kop\u00edruj\u00ed k\u0159ivky t\u011bla a tvaruj\u00ed jej. Tkanina leg\u00edn je m\u011bkk\u00e1 a pru\u017en\u00e1 , poskytuje plnou volnost pohybu a pohodl\u00ed p\u0159i sportu, jsou vybaveny skrytou o a t\u00edm postavu prodlu\u017euj\u00ed. Leg\u00edny jsou k dispozici ve t\u0159ech aktu\u00e1ln\u00edch barv\u00e1ch pro tuto [&hellip;]<\/p>\n","protected":false},"featured_media":91875,"comment_status":"open","ping_status":"closed","template":"","meta":[],"product_brand":[],"product_cat":[137,296],"product_tag":[],"class_list":{"0":"post-93990","1":"product","2":"type-product","3":"status-publish","4":"has-post-thumbnail","6":"product_cat-damske-sportovni-leginy","7":"product_cat-damske-leginy-dlouhe","8":"pa_cviat-hneda","9":"pa_razmer-l-cs","10":"pa_razmer-m-cs","11":"pa_razmer-s-cs-2","12":"inventories-world","13":"inventories-uk","15":"first","16":"instock","17":"sale","18":"taxable","19":"shipping-taxable","20":"purchasable","21":"product-type-variable"},"_links":{"self":[{"href":"https:\/\/staging5.peach-pump.com\/cs\/wp-json\/wp\/v2\/product\/93990","targetHints":{"allow":["GET"]}}],"collection":[{"href":"https:\/\/staging5.peach-pump.com\/cs\/wp-json\/wp\/v2\/product"}],"about":[{"href":"https:\/\/staging5.peach-pump.com\/cs\/wp-json\/wp\/v2\/types\/product"}],"replies":[{"embeddable":true,"href":"https:\/\/staging5.peach-pump.com\/cs\/wp-json\/wp\/v2\/comments?post=93990"}],"version-history":[{"count":1,"href":"https:\/\/staging5.peach-pump.com\/cs\/wp-json\/wp\/v2\/product\/93990\/revisions"}],"predecessor-version":[{"id":108819,"href":"https:\/\/staging5.peach-pump.com\/cs\/wp-json\/wp\/v2\/product\/93990\/revisions\/108819"}],"wp:featuredmedia":[{"embeddable":true,"href":"https:\/\/staging5.peach-pump.com\/cs\/wp-json\/wp\/v2\/media\/91875"}],"wp:attachment":[{"href":"https:\/\/staging5.peach-pump.com\/cs\/wp-json\/wp\/v2\/media?parent=93990"}],"wp:term":[{"taxonomy":"product_brand","embeddable":true,"href":"https:\/\/staging5.peach-pump.com\/cs\/wp-json\/wp\/v2\/product_brand?post=93990"},{"taxonomy":"product_cat","embeddable":true,"href":"https:\/\/staging5.peach-pump.com\/cs\/wp-json\/wp\/v2\/product_cat?post=93990"},{"taxonomy":"product_tag","embeddable":true,"href":"https:\/\/staging5.peach-pump.com\/cs\/wp-json\/wp\/v2\/product_tag?post=93990"}],"curies":[{"name":"wp","href":"https:\/\/api.w.org\/{rel}","templated":true}]}}