{"id":93982,"date":"2024-11-01T21:40:40","date_gmt":"2024-11-01T19:40:40","guid":{"rendered":"https:\/\/staging5.peach-pump.com\/products\/modra-podprsenka-svy-ven\/"},"modified":"2025-07-23T07:23:44","modified_gmt":"2025-07-23T05:23:44","slug":"modra-podprsenka-svy-ven","status":"publish","type":"product","link":"https:\/\/staging5.peach-pump.com\/cs\/products\/modra-podprsenka-svy-ven\/","title":{"rendered":"Tmav\u011b modr\u00e1 podprsenka s 3D \u0161vy ven"},"content":{"rendered":"<p>Tmav\u011b modr\u00e1 podprsenka s efektn\u00edmi 3D \u0161vy ven a tenk\u00fdmi ram\u00ednky. Design podprsenky je modern\u00ed, je vybavena vycp\u00e1vkami s push-up efektem, kter\u00e9 lze vyjmout. Tkanina je m\u011bkk\u00e1 a pru\u017en\u00e1 a poskytuje pocit pohodl\u00ed a komfortu p\u0159i cvi\u010den\u00ed. Sportovn\u00ed podprsenka je k dispozici ve t\u0159ech aktu\u00e1ln\u00edch barv\u00e1ch pro tuto sez\u00f3nu, lze ji kombinovat s leg\u00ednami stejn\u00e9ho vzoru.   <\/p>\n<ul>\n<li>Modern\u00ed design<\/li>\n<li>Pru\u017en\u00e1 tkanina<\/li>\n<li>Velkolep\u00e9 3D \u0161vy<\/li>\n<li>Vycp\u00e1vky s Push-Up efektem, kter\u00e9 lze vyjmout<\/li>\n<li>Tenk\u00e1 ram\u00ednka<\/li>\n<li>Tepeln\u00fd potisk loga Peach Pump na boku podprsenky<\/li>\n<li>Tkanina odv\u00e1d\u011bj\u00edc\u00ed vlhkost<\/li>\n<\/ul>\n<p>Slo\u017een\u00ed: 80 % polyester, 20 % elastan<\/p>\n<p>Podprsenku lze pr\u00e1t na 30 stup\u0148\u016f, nepou\u017e\u00edvat b\u011blidla a ne\u010distit chemicky.<\/p>\n<p>Modelka na obr\u00e1zku m\u011b\u0159\u00ed 178 cm, v\u00e1\u017e\u00ed 54 kg a m\u00e1 na sob\u011b velikost S.<\/p>\n<p>Pro v\u00fdb\u011br p\u0159esn\u00e9 velikosti pros\u00edm pou\u017eijte tabulek.<\/p>\n","protected":false},"excerpt":{"rendered":"<p>Tmav\u011b modr\u00e1 podprsenka s efektn\u00edmi 3D \u0161vy ven a tenk\u00fdmi ram\u00ednky. Design podprsenky je modern\u00ed, je vybavena vycp\u00e1vkami s push-up efektem, kter\u00e9 lze vyjmout. Tkanina je m\u011bkk\u00e1 a pru\u017en\u00e1 a poskytuje pocit pohodl\u00ed a komfortu p\u0159i cvi\u010den\u00ed. Sportovn\u00ed podprsenka je k dispozici ve t\u0159ech aktu\u00e1ln\u00edch barv\u00e1ch pro tuto sez\u00f3nu, lze ji kombinovat s leg\u00ednami stejn\u00e9ho [&hellip;]<\/p>\n","protected":false},"featured_media":91946,"comment_status":"open","ping_status":"closed","template":"","meta":[],"product_brand":[],"product_cat":[346],"product_tag":[],"class_list":{"0":"post-93982","1":"product","2":"type-product","3":"status-publish","4":"has-post-thumbnail","6":"product_cat-damske-podprsenky-sportovni-fitness","7":"pa_cviat-modra","8":"pa_razmer-l-cs","9":"pa_razmer-m-cs","10":"pa_razmer-s-cs-2","11":"inventories-world","12":"inventories-uk","14":"first","15":"instock","16":"sale","17":"taxable","18":"shipping-taxable","19":"purchasable","20":"product-type-variable"},"_links":{"self":[{"href":"https:\/\/staging5.peach-pump.com\/cs\/wp-json\/wp\/v2\/product\/93982","targetHints":{"allow":["GET"]}}],"collection":[{"href":"https:\/\/staging5.peach-pump.com\/cs\/wp-json\/wp\/v2\/product"}],"about":[{"href":"https:\/\/staging5.peach-pump.com\/cs\/wp-json\/wp\/v2\/types\/product"}],"replies":[{"embeddable":true,"href":"https:\/\/staging5.peach-pump.com\/cs\/wp-json\/wp\/v2\/comments?post=93982"}],"version-history":[{"count":2,"href":"https:\/\/staging5.peach-pump.com\/cs\/wp-json\/wp\/v2\/product\/93982\/revisions"}],"predecessor-version":[{"id":111320,"href":"https:\/\/staging5.peach-pump.com\/cs\/wp-json\/wp\/v2\/product\/93982\/revisions\/111320"}],"wp:featuredmedia":[{"embeddable":true,"href":"https:\/\/staging5.peach-pump.com\/cs\/wp-json\/wp\/v2\/media\/91946"}],"wp:attachment":[{"href":"https:\/\/staging5.peach-pump.com\/cs\/wp-json\/wp\/v2\/media?parent=93982"}],"wp:term":[{"taxonomy":"product_brand","embeddable":true,"href":"https:\/\/staging5.peach-pump.com\/cs\/wp-json\/wp\/v2\/product_brand?post=93982"},{"taxonomy":"product_cat","embeddable":true,"href":"https:\/\/staging5.peach-pump.com\/cs\/wp-json\/wp\/v2\/product_cat?post=93982"},{"taxonomy":"product_tag","embeddable":true,"href":"https:\/\/staging5.peach-pump.com\/cs\/wp-json\/wp\/v2\/product_tag?post=93982"}],"curies":[{"name":"wp","href":"https:\/\/api.w.org\/{rel}","templated":true}]}}