{"id":93975,"date":"2024-11-01T22:21:39","date_gmt":"2024-11-01T20:21:39","guid":{"rendered":"https:\/\/staging5.peach-pump.com\/products\/hneda-sportovni-souprava-svy-ven\/"},"modified":"2025-07-28T12:49:20","modified_gmt":"2025-07-28T10:49:20","slug":"hneda-sportovni-souprava-svy-ven","status":"publish","type":"product","link":"https:\/\/staging5.peach-pump.com\/cs\/products\/hneda-sportovni-souprava-svy-ven\/","title":{"rendered":"Hn\u011bd\u00e1 sportovn\u00ed souprava s 3D \u0161vy ven"},"content":{"rendered":"<p>D\u00e1msk\u00e1 hn\u011bd\u00e1 sportovn\u00ed souprava &#8211; leg\u00edny a podprsenka, s modern\u00edmi 3D \u0161vy ven. Tkanina leg\u00edn je m\u011bkk\u00e1 a pru\u017en\u00e1 , poskytuje plnou volnost pohybu a pohodl\u00ed p\u0159i sportu. Elastick\u00e9 proveden\u00ed leg\u00edn je skryt\u00e9, a tak prodlu\u017euje postavu. Podprsenka je vybavena push-up vycp\u00e1vkami, kter\u00e9 lze vyjmout, a tenk\u00fdmi ram\u00ednky. Sportovn\u00ed oble\u010den\u00ed je k dispozici ve t\u0159ech aktu\u00e1ln\u00edch barv\u00e1ch, bu\u010fte stylov\u00e1 a jin\u00e1.    <\/p>\n<p>Podprsenka:<\/p>\n<ul>\n<li>Modern\u00ed design<\/li>\n<li>Pru\u017en\u00e1 tkanina<\/li>\n<li>Velkolep\u00e9 3D \u0161vy<\/li>\n<li>Vycp\u00e1vky s Push-Up efektem, kter\u00e9 lze vyjmout<\/li>\n<li>Tenk\u00e1 ram\u00ednka<\/li>\n<li>Tepeln\u00fd potisk loga Peach Pump na boku podprsenky<\/li>\n<li>Tkanina odv\u00e1d\u011bj\u00edc\u00ed vlhkost<\/li>\n<\/ul>\n<p>Leg\u00edny:<\/p>\n<ul>\n<li>Pru\u017en\u00e1 tkanina<\/li>\n<li>Tepeln\u011b zataven\u00e9 logo Peach Pump na p\u0159edn\u00ed stran\u011b kl\u00ednu<\/li>\n<li>Velkolep\u00e9 3D \u0161vy<\/li>\n<li>Skryt\u00e1 guma v pase<\/li>\n<li>Tkanina odv\u00e1d\u011bj\u00edc\u00ed vlhkost<\/li>\n<li>Bez broskvov\u00e9ho efektu<\/li>\n<\/ul>\n<p>Soupravu lze pr\u00e1t na 30 stup\u0148\u016f, nepou\u017e\u00edvat b\u011blidla a ne\u010distit chemicky.<\/p>\n<p>Modelka na fotografii m\u011b\u0159\u00ed 178 cm, v\u00e1\u017e\u00ed 54 kg a m\u00e1 na sob\u011b leg\u00edny velikosti S a podprsenku velikosti S.<\/p>\n<p>Pro v\u00fdb\u011br p\u0159esn\u00e9 velikosti pros\u00edm pou\u017eijte tabulek.<\/p>\n","protected":false},"excerpt":{"rendered":"<p>D\u00e1msk\u00e1 hn\u011bd\u00e1 sportovn\u00ed souprava &#8211; leg\u00edny a podprsenka, s modern\u00edmi 3D \u0161vy ven. Tkanina leg\u00edn je m\u011bkk\u00e1 a pru\u017en\u00e1 , poskytuje plnou volnost pohybu a pohodl\u00ed p\u0159i sportu. Elastick\u00e9 proveden\u00ed leg\u00edn je skryt\u00e9, a tak prodlu\u017euje postavu. Podprsenka je vybavena push-up vycp\u00e1vkami, kter\u00e9 lze vyjmout, a tenk\u00fdmi ram\u00ednky. Sportovn\u00ed oble\u010den\u00ed je k dispozici ve t\u0159ech [&hellip;]<\/p>\n","protected":false},"featured_media":92112,"comment_status":"open","ping_status":"closed","template":"","meta":[],"product_brand":[],"product_cat":[347,349],"product_tag":[],"class_list":{"0":"post-93975","1":"product","2":"type-product","3":"status-publish","4":"has-post-thumbnail","6":"product_cat-damske-sportovni-outfity","7":"product_cat-sportovni-outfity-s-leginami","8":"pa_cviat-hneda","9":"inventories-world","10":"inventories-uk","12":"first","13":"instock","14":"sale","15":"virtual","16":"taxable","17":"purchasable","18":"product-type-yith_bundle"},"_links":{"self":[{"href":"https:\/\/staging5.peach-pump.com\/cs\/wp-json\/wp\/v2\/product\/93975","targetHints":{"allow":["GET"]}}],"collection":[{"href":"https:\/\/staging5.peach-pump.com\/cs\/wp-json\/wp\/v2\/product"}],"about":[{"href":"https:\/\/staging5.peach-pump.com\/cs\/wp-json\/wp\/v2\/types\/product"}],"replies":[{"embeddable":true,"href":"https:\/\/staging5.peach-pump.com\/cs\/wp-json\/wp\/v2\/comments?post=93975"}],"version-history":[{"count":1,"href":"https:\/\/staging5.peach-pump.com\/cs\/wp-json\/wp\/v2\/product\/93975\/revisions"}],"predecessor-version":[{"id":108800,"href":"https:\/\/staging5.peach-pump.com\/cs\/wp-json\/wp\/v2\/product\/93975\/revisions\/108800"}],"wp:featuredmedia":[{"embeddable":true,"href":"https:\/\/staging5.peach-pump.com\/cs\/wp-json\/wp\/v2\/media\/92112"}],"wp:attachment":[{"href":"https:\/\/staging5.peach-pump.com\/cs\/wp-json\/wp\/v2\/media?parent=93975"}],"wp:term":[{"taxonomy":"product_brand","embeddable":true,"href":"https:\/\/staging5.peach-pump.com\/cs\/wp-json\/wp\/v2\/product_brand?post=93975"},{"taxonomy":"product_cat","embeddable":true,"href":"https:\/\/staging5.peach-pump.com\/cs\/wp-json\/wp\/v2\/product_cat?post=93975"},{"taxonomy":"product_tag","embeddable":true,"href":"https:\/\/staging5.peach-pump.com\/cs\/wp-json\/wp\/v2\/product_tag?post=93975"}],"curies":[{"name":"wp","href":"https:\/\/api.w.org\/{rel}","templated":true}]}}