{"id":87502,"date":"2024-08-27T14:35:22","date_gmt":"2024-08-27T12:35:22","guid":{"rendered":"https:\/\/staging5.peach-pump.com\/products\/modre-kratke-leginy-bile-pruhy\/"},"modified":"2025-07-30T09:43:23","modified_gmt":"2025-07-30T07:43:23","slug":"modre-kratke-leginy-bile-pruhy","status":"publish","type":"product","link":"https:\/\/staging5.peach-pump.com\/cs\/products\/modre-kratke-leginy-bile-pruhy\/","title":{"rendered":"Modr\u00e9 kr\u00e1tk\u00e9 leg\u00edny s b\u00edl\u00fdmi pruhy"},"content":{"rendered":"<p>Modr\u00e9 kr\u00e1tk\u00e9 leg\u00edny typu &#8220;Booty shorts&#8221; s b\u00edl\u00fdmi linkami. Tento model leg\u00edn m\u00e1 velkou pru\u017enost, kr\u00e1sn\u011b tvaruje a je vyroben z l\u00e1tky, kter\u00e1 nezadr\u017euje vlhkost v t\u011ble. V zadn\u00ed \u010d\u00e1sti m\u00e1 m\u00edrn\u00fd broskvov\u00fd efekt.   Lze kombinovat s podprsenkou stejn\u00e9ho vzoru, viz sekci Sportovn\u00ed sety s kr\u00e1tk\u00fdmi leg\u00ednami.<\/p>\n<ul>\n<li>Zvedaj\u00ed, vytvaruj\u00ed, zakr\u00fdvaj\u00ed probl\u00e9mov\u00e9 oblasti<\/li>\n<li>Bez \u0161vu v p\u0159edn\u00ed \u010d\u00e1sti<\/li>\n<li>Tepeln\u00fd potisk loga Peach Pump na zadn\u00ed stran\u011b leg\u00edn<\/li>\n<li>Tepeln\u00fd potisk loga na boku leg\u00edn<\/li>\n<li>Tkanina, kter\u00e1 nezadr\u017euje vlhkost v t\u011ble<\/li>\n<\/ul>\n<p>Slo\u017een\u00ed: 80 % polyester, 20 % elastan<\/p>\n<p>Kl\u00ednek lze pr\u00e1t na 30 stup\u0148\u016f, p\u0159i pran\u00ed se doporu\u010duje obr\u00e1cen\u011b , nepou\u017e\u00edvejte b\u011blidla ani chemick\u00e9 \u010di\u0161t\u011bn\u00ed.<\/p>\n<p>Modelka na obr\u00e1zku je vysok\u00e1 180 cm, v\u00e1\u017e\u00ed 56 kg a p\u00f3zuje ve velikosti M.<\/p>\n<p>Pro v\u00fdb\u011br p\u0159esn\u00e9 velikosti pros\u00edm pou\u017eijte tabulek.<\/p>\n<p>&nbsp;<\/p>\n<p><a href=\"https:\/\/staging5.peach-pump.com\/wp-content\/uploads\/2024\/06\/Elastic-models-Peach-Pump-size-chart.jpg\"><img class=\"alignnone wp-image-80867 \" src=\"https:\/\/staging5.peach-pump.com\/wp-content\/uploads\/2024\/06\/Elastic-models-Peach-Pump-size-chart.jpg\" alt=\"\" width=\"667\" height=\"500\" srcset=\"https:\/\/staging5.peach-pump.com\/wp-content\/uploads\/2024\/06\/Elastic-models-Peach-Pump-size-chart.jpg 1024w, https:\/\/staging5.peach-pump.com\/wp-content\/uploads\/2024\/06\/Elastic-models-Peach-Pump-size-chart-430x323.jpg 430w, https:\/\/staging5.peach-pump.com\/wp-content\/uploads\/2024\/06\/Elastic-models-Peach-Pump-size-chart-150x113.jpg 150w, https:\/\/staging5.peach-pump.com\/wp-content\/uploads\/2024\/06\/Elastic-models-Peach-Pump-size-chart-700x525.jpg 700w, https:\/\/staging5.peach-pump.com\/wp-content\/uploads\/2024\/06\/Elastic-models-Peach-Pump-size-chart-64x48.jpg 64w, https:\/\/staging5.peach-pump.com\/wp-content\/uploads\/2024\/06\/Elastic-models-Peach-Pump-size-chart-400x300.jpg 400w, https:\/\/staging5.peach-pump.com\/wp-content\/uploads\/2024\/06\/Elastic-models-Peach-Pump-size-chart-768x576.jpg 768w, https:\/\/staging5.peach-pump.com\/wp-content\/uploads\/2024\/06\/Elastic-models-Peach-Pump-size-chart-860x645.jpg 860w\" sizes=\"(max-width: 667px) 100vw, 667px\" \/><\/a><\/p>\n","protected":false},"excerpt":{"rendered":"<p>Modr\u00e9 kr\u00e1tk\u00e9 leg\u00edny typu &#8220;Booty shorts&#8221; s b\u00edl\u00fdmi linkami. Tento model leg\u00edn m\u00e1 velkou pru\u017enost, kr\u00e1sn\u011b tvaruje a je vyroben z l\u00e1tky, kter\u00e1 nezadr\u017euje vlhkost v t\u011ble. V zadn\u00ed \u010d\u00e1sti m\u00e1 m\u00edrn\u00fd broskvov\u00fd efekt. Lze kombinovat s podprsenkou stejn\u00e9ho vzoru, viz sekci Sportovn\u00ed sety s kr\u00e1tk\u00fdmi leg\u00ednami. Zvedaj\u00ed, vytvaruj\u00ed, zakr\u00fdvaj\u00ed probl\u00e9mov\u00e9 oblasti Bez \u0161vu v [&hellip;]<\/p>\n","protected":false},"featured_media":86725,"comment_status":"open","ping_status":"closed","template":"","meta":[],"product_brand":[],"product_cat":[137,197],"product_tag":[],"class_list":{"0":"post-87502","1":"product","2":"type-product","3":"status-publish","4":"has-post-thumbnail","6":"product_cat-damske-sportovni-leginy","7":"product_cat-kratke-leginy","8":"pa_cviat-modra","9":"pa_razmer-l-cs","10":"pa_razmer-m-cs","11":"pa_razmer-s-cs-2","12":"inventories-world","13":"inventories-uk","15":"first","16":"instock","17":"taxable","18":"shipping-taxable","19":"purchasable","20":"product-type-variable"},"_links":{"self":[{"href":"https:\/\/staging5.peach-pump.com\/cs\/wp-json\/wp\/v2\/product\/87502","targetHints":{"allow":["GET"]}}],"collection":[{"href":"https:\/\/staging5.peach-pump.com\/cs\/wp-json\/wp\/v2\/product"}],"about":[{"href":"https:\/\/staging5.peach-pump.com\/cs\/wp-json\/wp\/v2\/types\/product"}],"replies":[{"embeddable":true,"href":"https:\/\/staging5.peach-pump.com\/cs\/wp-json\/wp\/v2\/comments?post=87502"}],"version-history":[{"count":1,"href":"https:\/\/staging5.peach-pump.com\/cs\/wp-json\/wp\/v2\/product\/87502\/revisions"}],"predecessor-version":[{"id":108841,"href":"https:\/\/staging5.peach-pump.com\/cs\/wp-json\/wp\/v2\/product\/87502\/revisions\/108841"}],"wp:featuredmedia":[{"embeddable":true,"href":"https:\/\/staging5.peach-pump.com\/cs\/wp-json\/wp\/v2\/media\/86725"}],"wp:attachment":[{"href":"https:\/\/staging5.peach-pump.com\/cs\/wp-json\/wp\/v2\/media?parent=87502"}],"wp:term":[{"taxonomy":"product_brand","embeddable":true,"href":"https:\/\/staging5.peach-pump.com\/cs\/wp-json\/wp\/v2\/product_brand?post=87502"},{"taxonomy":"product_cat","embeddable":true,"href":"https:\/\/staging5.peach-pump.com\/cs\/wp-json\/wp\/v2\/product_cat?post=87502"},{"taxonomy":"product_tag","embeddable":true,"href":"https:\/\/staging5.peach-pump.com\/cs\/wp-json\/wp\/v2\/product_tag?post=87502"}],"curies":[{"name":"wp","href":"https:\/\/api.w.org\/{rel}","templated":true}]}}