{"id":77659,"date":"2024-05-06T16:20:34","date_gmt":"2024-05-06T14:20:34","guid":{"rendered":"https:\/\/staging5.peach-pump.com\/products\/top-a-sortky-modre\/"},"modified":"2025-07-22T11:19:08","modified_gmt":"2025-07-22T09:19:08","slug":"top-a-sortky-modre","status":"publish","type":"product","link":"https:\/\/staging5.peach-pump.com\/cs\/products\/top-a-sortky-modre\/","title":{"rendered":"Sv\u011btle modr\u00e1 sporotvn\u00ed souprava &#8211; top a \u0161ortky"},"content":{"rendered":"<p>Sportovn\u00ed set &#8211; top a \u0161ortky ve sv\u011btle modr\u00e9 barv\u011b. Top m\u00e1 kr\u00e1tk\u00e9 ruk\u00e1vy, v\u00fdst\u0159ih do V s man\u017eetou a 3D v\u00fd\u0161ivku Peach Pump. \u0160ortky jsou vybaveny p\u0159edn\u00ed kapsou a v\u00fd\u0161ivkou Peach Pump, v\u00e1z\u00e1n\u00edm v pase pro v\u011bt\u0161\u00ed pohodl\u00ed a komfort p\u0159i tr\u00e9ninku. Sportovn\u00ed model z limitovan\u00e9 edice Peach Pump , v n\u011bm\u017e se budete c\u00edtit pohodln\u011b, svobodn\u011b a sexy.<\/p>\n<p>Top:<\/p>\n<ul>\n<li>Bavln\u011bn\u00fd top<\/li>\n<li>V\u00fdst\u0159ih do V s man\u017eetou<\/li>\n<li>3D v\u00fd\u0161ivka Peach Pump<\/li>\n<li>Voln\u00fd st\u0159ih<\/li>\n<li>Kr\u00e1tk\u00fd ruk\u00e1v<\/li>\n<\/ul>\n<p>\u0160ortky:<\/p>\n<ul>\n<li>Bavln\u011bn\u00e9 \u0161ortky<\/li>\n<li>Efektn\u00ed design<\/li>\n<li>Kapsy vp\u0159edu<\/li>\n<li>V\u00fd\u0161ivka Peach Pump<\/li>\n<li>\u0160\u0148\u016frky pro uta\u017een\u00ed v pase<\/li>\n<\/ul>\n<p>Slo\u017een\u00ed: 95% bavlna, 5% elastan<\/p>\n<p>Soupravu lze pr\u00e1t na 30 stup\u0148\u016f, nepou\u017e\u00edvat b\u011blidla a ne\u010distit chemicky.<\/p>\n<p>Modelka na obr\u00e1zku m\u011b\u0159\u00ed 170 cm, v\u00e1\u017e\u00ed 49 kg a m\u00e1 na sob\u011b top velikosti S a \u0161ortky velikosti S.<\/p>\n<p>Pro v\u00fdb\u011br p\u0159esn\u00e9 velikosti pros\u00edm pou\u017eijte tabulek.<\/p>\n","protected":false},"excerpt":{"rendered":"<p>Sportovn\u00ed set &#8211; top a \u0161ortky ve sv\u011btle modr\u00e9 barv\u011b. Top m\u00e1 kr\u00e1tk\u00e9 ruk\u00e1vy, v\u00fdst\u0159ih do V s man\u017eetou a 3D v\u00fd\u0161ivku Peach Pump. \u0160ortky jsou vybaveny p\u0159edn\u00ed kapsou a v\u00fd\u0161ivkou Peach Pump, v\u00e1z\u00e1n\u00edm v pase pro v\u011bt\u0161\u00ed pohodl\u00ed a komfort p\u0159i tr\u00e9ninku. Sportovn\u00ed model z limitovan\u00e9 edice Peach Pump , v n\u011bm\u017e se budete [&hellip;]<\/p>\n","protected":false},"featured_media":76876,"comment_status":"open","ping_status":"closed","template":"","meta":[],"product_brand":[],"product_cat":[347,348],"product_tag":[],"class_list":{"0":"post-77659","1":"product","2":"type-product","3":"status-publish","4":"has-post-thumbnail","6":"product_cat-damske-sportovni-outfity","7":"product_cat-kratke-sportovni-outfity-leginy","8":"pa_cviat-modra","9":"inventories-world","10":"inventories-uk","12":"first","13":"instock","14":"sale","15":"taxable","16":"shipping-taxable","17":"purchasable","18":"product-type-yith_bundle"},"_links":{"self":[{"href":"https:\/\/staging5.peach-pump.com\/cs\/wp-json\/wp\/v2\/product\/77659","targetHints":{"allow":["GET"]}}],"collection":[{"href":"https:\/\/staging5.peach-pump.com\/cs\/wp-json\/wp\/v2\/product"}],"about":[{"href":"https:\/\/staging5.peach-pump.com\/cs\/wp-json\/wp\/v2\/types\/product"}],"replies":[{"embeddable":true,"href":"https:\/\/staging5.peach-pump.com\/cs\/wp-json\/wp\/v2\/comments?post=77659"}],"version-history":[{"count":1,"href":"https:\/\/staging5.peach-pump.com\/cs\/wp-json\/wp\/v2\/product\/77659\/revisions"}],"predecessor-version":[{"id":104162,"href":"https:\/\/staging5.peach-pump.com\/cs\/wp-json\/wp\/v2\/product\/77659\/revisions\/104162"}],"wp:featuredmedia":[{"embeddable":true,"href":"https:\/\/staging5.peach-pump.com\/cs\/wp-json\/wp\/v2\/media\/76876"}],"wp:attachment":[{"href":"https:\/\/staging5.peach-pump.com\/cs\/wp-json\/wp\/v2\/media?parent=77659"}],"wp:term":[{"taxonomy":"product_brand","embeddable":true,"href":"https:\/\/staging5.peach-pump.com\/cs\/wp-json\/wp\/v2\/product_brand?post=77659"},{"taxonomy":"product_cat","embeddable":true,"href":"https:\/\/staging5.peach-pump.com\/cs\/wp-json\/wp\/v2\/product_cat?post=77659"},{"taxonomy":"product_tag","embeddable":true,"href":"https:\/\/staging5.peach-pump.com\/cs\/wp-json\/wp\/v2\/product_tag?post=77659"}],"curies":[{"name":"wp","href":"https:\/\/api.w.org\/{rel}","templated":true}]}}