{"id":73631,"date":"2024-04-01T00:40:38","date_gmt":"2024-03-31T22:40:38","guid":{"rendered":"https:\/\/staging5.peach-pump.com\/products\/svetle-sede-kratke-leginy-pas-do-v\/"},"modified":"2025-07-31T12:54:37","modified_gmt":"2025-07-31T10:54:37","slug":"svetle-sede-kratke-leginy-pas-do-v","status":"publish","type":"product","link":"https:\/\/staging5.peach-pump.com\/cs\/products\/svetle-sede-kratke-leginy-pas-do-v\/","title":{"rendered":"Beze\u0161v\u00e9 sv\u011btle \u0161ed\u00e9 kr\u00e1tk\u00e9 leg\u00edny s v\u00e9\u010dkov\u00fdm pasem"},"content":{"rendered":"<p>Sportovn\u00ed beze\u0161v\u00e9 sv\u011btle \u0161ed\u00e9 kr\u00e1tk\u00e9 leg\u00edny s v\u00e9\u010dkov\u00fdm pasem , kter\u00e9 siluetu jemn\u011b stahuj\u00ed a modeluj\u00ed. Ide\u00e1ln\u00ed pro aerobn\u00ed nebo silov\u00fd tr\u00e9nink, a pro\u010d ne na proch\u00e1zku v parku ve voln\u00e9m \u010dase. V tomto modelu se budete c\u00edtit pohodln\u011b a sexy, l\u00e1tka je beze\u0161v\u00e1, pru\u017en\u00e1 a dokonale k t\u011blu p\u0159il\u00e9h\u00e1. Sv\u011btle \u0161ed\u00e1 barva je v l\u00e9t\u011b trendy a snadno ji zkombinujete se sportovn\u00edm topem, podprsenkou nebo dopl\u0148kem z kolekce Peach Pump, \u010d\u00edm\u017e sestav\u00edte dokonal\u00fd sportovn\u00ed komplet.<\/p>\n<ul>\n<li>Vysok\u00fd v\u00e9\u010dkov\u00fd pas<\/li>\n<li>Beze\u0161v\u00e1 tkanina<\/li>\n<li>Zved\u00e1, vytvaruje, zakr\u00fdv\u00e1 probl\u00e9mov\u00e9 oblasti<\/li>\n<li>\u017debrovan\u00fd d\u00edl v pase, kter\u00fd pas obep\u00edn\u00e1<\/li>\n<li>Broskvov\u00fd efekt<\/li>\n<li>Bez \u0161vu v p\u0159edn\u00ed \u010d\u00e1sti<\/li>\n<li>Tepeln\u00fd potisk loga Peach Pump na zadn\u00ed stran\u011b leg\u00edn<\/li>\n<li>Logo Peach Pump vp\u0159edu<\/li>\n<li>Materi\u00e1l odv\u00e1d\u011bj\u00edc\u00ed vlhkost od t\u011bla<\/li>\n<\/ul>\n<p>&nbsp;<\/p>\n<p>Slo\u017een\u00ed: 80 % polyester, 20 % elastan<\/p>\n<p>Leg\u00edny lze pr\u00e1t na 30 stup\u0148\u016f, neb\u011blit a ne\u010distit chemicky.<\/p>\n<p>Modelka na obr\u00e1zku m\u011b\u0159\u00ed 165 cm, v\u00e1\u017e\u00ed 52 kg a m\u00e1 na sob\u011b velikost M.<\/p>\n<p>Pro v\u00fdb\u011br p\u0159esn\u00e9 velikosti pros\u00edm pou\u017eijte tabulek.<\/p>\n<p><a href=\"https:\/\/staging5.peach-pump.com\/wp-content\/uploads\/2024\/04\/C274427E-CD99-455E-B65B-E536C277DEAA.png\"><img class=\"alignnone wp-image-72322 \" src=\"https:\/\/staging5.peach-pump.com\/wp-content\/uploads\/2024\/04\/C274427E-CD99-455E-B65B-E536C277DEAA.png\" alt=\"\" width=\"759\" height=\"569\" srcset=\"https:\/\/staging5.peach-pump.com\/wp-content\/uploads\/2024\/04\/C274427E-CD99-455E-B65B-E536C277DEAA.png 1024w, https:\/\/staging5.peach-pump.com\/wp-content\/uploads\/2024\/04\/C274427E-CD99-455E-B65B-E536C277DEAA-430x323.png 430w, https:\/\/staging5.peach-pump.com\/wp-content\/uploads\/2024\/04\/C274427E-CD99-455E-B65B-E536C277DEAA-150x113.png 150w, https:\/\/staging5.peach-pump.com\/wp-content\/uploads\/2024\/04\/C274427E-CD99-455E-B65B-E536C277DEAA-700x525.png 700w, https:\/\/staging5.peach-pump.com\/wp-content\/uploads\/2024\/04\/C274427E-CD99-455E-B65B-E536C277DEAA-64x48.png 64w, https:\/\/staging5.peach-pump.com\/wp-content\/uploads\/2024\/04\/C274427E-CD99-455E-B65B-E536C277DEAA-400x300.png 400w, https:\/\/staging5.peach-pump.com\/wp-content\/uploads\/2024\/04\/C274427E-CD99-455E-B65B-E536C277DEAA-768x576.png 768w, https:\/\/staging5.peach-pump.com\/wp-content\/uploads\/2024\/04\/C274427E-CD99-455E-B65B-E536C277DEAA-860x645.png 860w\" sizes=\"(max-width: 759px) 100vw, 759px\" \/><\/a><\/p>\n","protected":false},"excerpt":{"rendered":"<p>Sportovn\u00ed beze\u0161v\u00e9 sv\u011btle \u0161ed\u00e9 kr\u00e1tk\u00e9 leg\u00edny s v\u00e9\u010dkov\u00fdm pasem , kter\u00e9 siluetu jemn\u011b stahuj\u00ed a modeluj\u00ed. Ide\u00e1ln\u00ed pro aerobn\u00ed nebo silov\u00fd tr\u00e9nink, a pro\u010d ne na proch\u00e1zku v parku ve voln\u00e9m \u010dase. V tomto modelu se budete c\u00edtit pohodln\u011b a sexy, l\u00e1tka je beze\u0161v\u00e1, pru\u017en\u00e1 a dokonale k t\u011blu p\u0159il\u00e9h\u00e1. Sv\u011btle \u0161ed\u00e1 barva je v [&hellip;]<\/p>\n","protected":false},"featured_media":72569,"comment_status":"open","ping_status":"closed","template":"","meta":[],"product_brand":[],"product_cat":[137,197],"product_tag":[],"class_list":{"0":"post-73631","1":"product","2":"type-product","3":"status-publish","4":"has-post-thumbnail","6":"product_cat-damske-sportovni-leginy","7":"product_cat-kratke-leginy","8":"pa_cviat-seda","9":"pa_razmer-l-cs","10":"pa_razmer-m-cs","11":"pa_razmer-s-cs-2","12":"inventories-world","13":"inventories-uk","15":"first","16":"instock","17":"sale","18":"taxable","19":"shipping-taxable","20":"purchasable","21":"product-type-variable"},"_links":{"self":[{"href":"https:\/\/staging5.peach-pump.com\/cs\/wp-json\/wp\/v2\/product\/73631","targetHints":{"allow":["GET"]}}],"collection":[{"href":"https:\/\/staging5.peach-pump.com\/cs\/wp-json\/wp\/v2\/product"}],"about":[{"href":"https:\/\/staging5.peach-pump.com\/cs\/wp-json\/wp\/v2\/types\/product"}],"replies":[{"embeddable":true,"href":"https:\/\/staging5.peach-pump.com\/cs\/wp-json\/wp\/v2\/comments?post=73631"}],"version-history":[{"count":0,"href":"https:\/\/staging5.peach-pump.com\/cs\/wp-json\/wp\/v2\/product\/73631\/revisions"}],"wp:featuredmedia":[{"embeddable":true,"href":"https:\/\/staging5.peach-pump.com\/cs\/wp-json\/wp\/v2\/media\/72569"}],"wp:attachment":[{"href":"https:\/\/staging5.peach-pump.com\/cs\/wp-json\/wp\/v2\/media?parent=73631"}],"wp:term":[{"taxonomy":"product_brand","embeddable":true,"href":"https:\/\/staging5.peach-pump.com\/cs\/wp-json\/wp\/v2\/product_brand?post=73631"},{"taxonomy":"product_cat","embeddable":true,"href":"https:\/\/staging5.peach-pump.com\/cs\/wp-json\/wp\/v2\/product_cat?post=73631"},{"taxonomy":"product_tag","embeddable":true,"href":"https:\/\/staging5.peach-pump.com\/cs\/wp-json\/wp\/v2\/product_tag?post=73631"}],"curies":[{"name":"wp","href":"https:\/\/api.w.org\/{rel}","templated":true}]}}