{"id":73460,"date":"2024-04-01T01:14:25","date_gmt":"2024-03-31T23:14:25","guid":{"rendered":"https:\/\/staging5.peach-pump.com\/products\/bezesva-sportovni-souprava-ruzova-2\/"},"modified":"2025-07-13T14:35:20","modified_gmt":"2025-07-13T12:35:20","slug":"bezesva-sportovni-souprava-ruzova-2","status":"publish","type":"product","link":"https:\/\/staging5.peach-pump.com\/cs\/products\/bezesva-sportovni-souprava-ruzova-2\/","title":{"rendered":"Beze\u0161v\u00e1 sportovn\u00ed souprava r\u016f\u017eov\u00e9 barvy"},"content":{"rendered":"<p>D\u00e1msk\u00fd beze\u0161v\u00fd dvoud\u00edln\u00fd sportovn\u00ed set r\u016f\u017eov\u00e9 barvy s tvaruj\u00edc\u00edm a zvedaj\u00edc\u00edm efektem. Leg\u00edny jsou vyrobeny z beze\u0161v\u00e9 l\u00e1tky v barv\u011b &#8220;popel r\u016f\u017e\u00ed&#8221;, maj\u00ed vysok\u00fd pas a \u0161irok\u00fd \u017eebrovan\u00fd lem, kter\u00fd pas jemn\u011b stahuje a kr\u00e1sn\u011b tvaruje. Podprsenka je vyztu\u017een\u00e1, m\u00e1 hluboce vykrojen\u00e1 z\u00e1da a \u010dty\u0159stup\u0148ov\u00e9 zap\u00edn\u00e1n\u00ed, kter\u00e9 lze nastavit podle obvodu prsou. Tento set perfektn\u011b sed\u00ed na t\u011ble a modeluje postavu, hod\u00ed se pro aktivn\u011b sportuj\u00edc\u00ed d\u00e1my, je vhodn\u00fd i na m\u00e9n\u011b n\u00e1ro\u010dn\u00e9 kardio aktivity a proch\u00e1zky.<\/p>\n<p>O podprsence:-<\/p>\n<ul>\n<li>Integrovan\u00e9 vycp\u00e1vky<\/li>\n<li>Push-Up efekt<\/li>\n<li>Hlubok\u00fd \u0159ez zad<\/li>\n<li>Velk\u00e1 pru\u017enost<\/li>\n<li>\u010cty\u0159stup\u0148ov\u00e9 zap\u00edn\u00e1n\u00ed<\/li>\n<li>Tepeln\u00fd potisk loga Peach Pump na boku podprsenky<\/li>\n<li>Technologie odv\u00e1d\u011bn\u00ed vlhkosti<\/li>\n<\/ul>\n<p>Leg\u00edny:<\/p>\n<ul>\n<li>Vysok\u00fd pas<\/li>\n<li>Beze\u0161v\u00e1 tkanina<\/li>\n<li>Zvedaj\u00ed, vytvaruj\u00ed, zakr\u00fdvaj\u00ed probl\u00e9mov\u00e9 oblasti<\/li>\n<li>\u017debrovan\u00fd d\u00edl v pase, kter\u00fd p\u00e1s obep\u00edn\u00e1<\/li>\n<li>Broskvov\u00fd efekt<\/li>\n<li>Bez \u0161vu v p\u0159edn\u00ed \u010d\u00e1sti<\/li>\n<li>Tepeln\u00fd potisk loga Peach Pump na zadn\u00ed stran\u011b leg\u00edn<\/li>\n<li>Technologie odv\u00e1d\u011bn\u00ed vlhkosti<\/li>\n<\/ul>\n<p>Slo\u017een\u00ed: 80 % polyester, 20 % elastan.<\/p>\n<p>Set lze pr\u00e1t na 30 stup\u0148\u016f, nepou\u017e\u00edvat b\u011blidla a ne\u010distit chemicky.<\/p>\n<p>Modelka na obr\u00e1zku m\u011b\u0159\u00ed 178 cm, v\u00e1\u017e\u00ed 54 kg a m\u00e1 na sob\u011b podprsenku velikosti M, leg\u00edny velikosti M.<\/p>\n<p>Pro v\u00fdb\u011br p\u0159esn\u00e9 velikosti pros\u00edm pou\u017eijte tabulek.<\/p>\n<p><a href=\"https:\/\/staging5.peach-pump.com\/wp-content\/uploads\/2024\/04\/7ACDDC23-3BB3-4220-B273-C079DABBAC53-800x800.png\"> <\/a><a href=\"https:\/\/staging5.peach-pump.com\/wp-content\/uploads\/2024\/04\/7ACDDC23-3BB3-4220-B273-C079DABBAC53-800x800.png\" target=\"_blank\" rel=\"noopener\"><img class=\"alignnone wp-image-72618\" src=\"https:\/\/staging5.peach-pump.com\/wp-content\/uploads\/2024\/04\/7ACDDC23-3BB3-4220-B273-C079DABBAC53-800x800.png\" alt=\"\" width=\"500\" height=\"500\" srcset=\"https:\/\/staging5.peach-pump.com\/wp-content\/uploads\/2024\/04\/7ACDDC23-3BB3-4220-B273-C079DABBAC53-800x800.png 800w, https:\/\/staging5.peach-pump.com\/wp-content\/uploads\/2024\/04\/7ACDDC23-3BB3-4220-B273-C079DABBAC53-430x430.png 430w, https:\/\/staging5.peach-pump.com\/wp-content\/uploads\/2024\/04\/7ACDDC23-3BB3-4220-B273-C079DABBAC53-150x150.png 150w, https:\/\/staging5.peach-pump.com\/wp-content\/uploads\/2024\/04\/7ACDDC23-3BB3-4220-B273-C079DABBAC53-700x700.png 700w, https:\/\/staging5.peach-pump.com\/wp-content\/uploads\/2024\/04\/7ACDDC23-3BB3-4220-B273-C079DABBAC53-64x64.png 64w, https:\/\/staging5.peach-pump.com\/wp-content\/uploads\/2024\/04\/7ACDDC23-3BB3-4220-B273-C079DABBAC53-300x300.png 300w, https:\/\/staging5.peach-pump.com\/wp-content\/uploads\/2024\/04\/7ACDDC23-3BB3-4220-B273-C079DABBAC53-768x768.png 768w, https:\/\/staging5.peach-pump.com\/wp-content\/uploads\/2024\/04\/7ACDDC23-3BB3-4220-B273-C079DABBAC53-860x860.png 860w, https:\/\/staging5.peach-pump.com\/wp-content\/uploads\/2024\/04\/7ACDDC23-3BB3-4220-B273-C079DABBAC53.png 1080w\" sizes=\"(max-width: 500px) 100vw, 500px\" \/><\/a><\/p>\n<p><a href=\"https:\/\/staging5.peach-pump.com\/wp-content\/uploads\/2024\/04\/C274427E-CD99-455E-B65B-E536C277DEAA.png\" target=\"_blank\" rel=\"noopener\"><img class=\"alignnone wp-image-72322\" src=\"https:\/\/staging5.peach-pump.com\/wp-content\/uploads\/2024\/04\/C274427E-CD99-455E-B65B-E536C277DEAA.png\" alt=\"\" width=\"714\" height=\"536\" srcset=\"https:\/\/staging5.peach-pump.com\/wp-content\/uploads\/2024\/04\/C274427E-CD99-455E-B65B-E536C277DEAA.png 1024w, https:\/\/staging5.peach-pump.com\/wp-content\/uploads\/2024\/04\/C274427E-CD99-455E-B65B-E536C277DEAA-430x323.png 430w, https:\/\/staging5.peach-pump.com\/wp-content\/uploads\/2024\/04\/C274427E-CD99-455E-B65B-E536C277DEAA-150x113.png 150w, https:\/\/staging5.peach-pump.com\/wp-content\/uploads\/2024\/04\/C274427E-CD99-455E-B65B-E536C277DEAA-700x525.png 700w, https:\/\/staging5.peach-pump.com\/wp-content\/uploads\/2024\/04\/C274427E-CD99-455E-B65B-E536C277DEAA-64x48.png 64w, https:\/\/staging5.peach-pump.com\/wp-content\/uploads\/2024\/04\/C274427E-CD99-455E-B65B-E536C277DEAA-400x300.png 400w, https:\/\/staging5.peach-pump.com\/wp-content\/uploads\/2024\/04\/C274427E-CD99-455E-B65B-E536C277DEAA-768x576.png 768w, https:\/\/staging5.peach-pump.com\/wp-content\/uploads\/2024\/04\/C274427E-CD99-455E-B65B-E536C277DEAA-860x645.png 860w\" sizes=\"(max-width: 714px) 100vw, 714px\" \/><\/a><\/p>\n","protected":false},"excerpt":{"rendered":"<p>D\u00e1msk\u00fd beze\u0161v\u00fd dvoud\u00edln\u00fd sportovn\u00ed set r\u016f\u017eov\u00e9 barvy s tvaruj\u00edc\u00edm a zvedaj\u00edc\u00edm efektem. Leg\u00edny jsou vyrobeny z beze\u0161v\u00e9 l\u00e1tky v barv\u011b &#8220;popel r\u016f\u017e\u00ed&#8221;, maj\u00ed vysok\u00fd pas a \u0161irok\u00fd \u017eebrovan\u00fd lem, kter\u00fd pas jemn\u011b stahuje a kr\u00e1sn\u011b tvaruje. Podprsenka je vyztu\u017een\u00e1, m\u00e1 hluboce vykrojen\u00e1 z\u00e1da a \u010dty\u0159stup\u0148ov\u00e9 zap\u00edn\u00e1n\u00ed, kter\u00e9 lze nastavit podle obvodu prsou. Tento set perfektn\u011b [&hellip;]<\/p>\n","protected":false},"featured_media":72658,"comment_status":"open","ping_status":"closed","template":"","meta":[],"product_brand":[],"product_cat":[347,349],"product_tag":[],"class_list":{"0":"post-73460","1":"product","2":"type-product","3":"status-publish","4":"has-post-thumbnail","6":"product_cat-damske-sportovni-outfity","7":"product_cat-sportovni-outfity-s-leginami","8":"pa_cviat-ruzovy","9":"inventories-world","10":"inventories-uk","12":"first","13":"instock","14":"virtual","15":"taxable","16":"purchasable","17":"product-type-yith_bundle"},"_links":{"self":[{"href":"https:\/\/staging5.peach-pump.com\/cs\/wp-json\/wp\/v2\/product\/73460","targetHints":{"allow":["GET"]}}],"collection":[{"href":"https:\/\/staging5.peach-pump.com\/cs\/wp-json\/wp\/v2\/product"}],"about":[{"href":"https:\/\/staging5.peach-pump.com\/cs\/wp-json\/wp\/v2\/types\/product"}],"replies":[{"embeddable":true,"href":"https:\/\/staging5.peach-pump.com\/cs\/wp-json\/wp\/v2\/comments?post=73460"}],"version-history":[{"count":1,"href":"https:\/\/staging5.peach-pump.com\/cs\/wp-json\/wp\/v2\/product\/73460\/revisions"}],"predecessor-version":[{"id":108937,"href":"https:\/\/staging5.peach-pump.com\/cs\/wp-json\/wp\/v2\/product\/73460\/revisions\/108937"}],"wp:featuredmedia":[{"embeddable":true,"href":"https:\/\/staging5.peach-pump.com\/cs\/wp-json\/wp\/v2\/media\/72658"}],"wp:attachment":[{"href":"https:\/\/staging5.peach-pump.com\/cs\/wp-json\/wp\/v2\/media?parent=73460"}],"wp:term":[{"taxonomy":"product_brand","embeddable":true,"href":"https:\/\/staging5.peach-pump.com\/cs\/wp-json\/wp\/v2\/product_brand?post=73460"},{"taxonomy":"product_cat","embeddable":true,"href":"https:\/\/staging5.peach-pump.com\/cs\/wp-json\/wp\/v2\/product_cat?post=73460"},{"taxonomy":"product_tag","embeddable":true,"href":"https:\/\/staging5.peach-pump.com\/cs\/wp-json\/wp\/v2\/product_tag?post=73460"}],"curies":[{"name":"wp","href":"https:\/\/api.w.org\/{rel}","templated":true}]}}