{"id":57525,"date":"2023-10-28T12:51:09","date_gmt":"2023-10-28T10:51:09","guid":{"rendered":"https:\/\/staging5.peach-pump.com\/products\/cerne-damske-leginy-s-kapsami-a-prezkou\/"},"modified":"2025-07-31T08:43:47","modified_gmt":"2025-07-31T06:43:47","slug":"cerne-damske-leginy-s-kapsami-a-prezkou","status":"publish","type":"product","link":"https:\/\/staging5.peach-pump.com\/cs\/products\/cerne-damske-leginy-s-kapsami-a-prezkou\/","title":{"rendered":"\u010cern\u00e9 d\u00e1msk\u00e9 leg\u00edny s kapsami a p\u0159ezkou"},"content":{"rendered":"<p>\u010cern\u00e9 d\u00e1msk\u00e9 leg\u00edny s kapsami a p\u0159ezkou z m\u011bkk\u00e9, elastick\u00e9 tkaniny , kter\u00e1 dokonale postavu tvaruje. Tento model je vybaven zadn\u00edmi kapsami a bo\u010dn\u00ed kapsou se zap\u00edn\u00e1n\u00edm na knofl\u00edky. Bo\u010dn\u00ed kapsa je vybavena efektn\u00edm zap\u00edn\u00e1n\u00edm na p\u0159ezku, d\u00edky kter\u00e9mu je model mimo\u0159\u00e1dn\u011b zaj\u00edmav\u00fd a vhodn\u00fd jak do t\u011blocvi\u010dny , tak na volno\u010dasov\u00e9 aktivity. Tyto leg\u00edny se skv\u011ble hod\u00ed k podprsenk\u00e1m, top\u016fm a bund\u00e1m z rozs\u00e1hl\u00e9 kolekce Peach Pump.<\/p>\n<ul>\n<li> Vysok\u00fd pas<\/li>\n<li> Broskvov\u00fd efekt<\/li>\n<li> Tepeln\u00fd potisk loga Peach Pump na zadn\u00ed stran\u011b leg\u00edn<\/li>\n<li> Technologie odv\u00e1d\u011bn\u00ed vlhkosti z t\u011bla<\/li>\n<li>Zadn\u00ed kapsy<\/li>\n<li>Bo\u010dn\u00ed kapsa<\/li>\n<li>Bo\u010dn\u00ed p\u0159ezka<\/li>\n<\/ul>\n<p>Slo\u017een\u00ed: 80 % polyester, 20 % elastan<\/p>\n<p>Leg\u00edny lze pr\u00e1t na 30 stup\u0148\u016f, neb\u011blit a ne\u010distit chemicky.<\/p>\n<p>Modelka na fotografii m\u011b\u0159\u00ed 178 cm, v\u00e1\u017e\u00ed 54 kg a m\u00e1 na sob\u011b velikost M.<\/p>\n<p>Pro v\u00fdb\u011br p\u0159esn\u00e9 velikosti pros\u00edm pou\u017eijte tabulek.<\/p>\n","protected":false},"excerpt":{"rendered":"<p>\u010cern\u00e9 d\u00e1msk\u00e9 leg\u00edny s kapsami a p\u0159ezkou z m\u011bkk\u00e9, elastick\u00e9 tkaniny , kter\u00e1 dokonale postavu tvaruje. Tento model je vybaven zadn\u00edmi kapsami a bo\u010dn\u00ed kapsou se zap\u00edn\u00e1n\u00edm na knofl\u00edky. Bo\u010dn\u00ed kapsa je vybavena efektn\u00edm zap\u00edn\u00e1n\u00edm na p\u0159ezku, d\u00edky kter\u00e9mu je model mimo\u0159\u00e1dn\u011b zaj\u00edmav\u00fd a vhodn\u00fd jak do t\u011blocvi\u010dny , tak na volno\u010dasov\u00e9 aktivity. Tyto leg\u00edny [&hellip;]<\/p>\n","protected":false},"featured_media":106485,"comment_status":"open","ping_status":"closed","template":"","meta":[],"product_brand":[],"product_cat":[137,296,194],"product_tag":[],"class_list":{"0":"post-57525","1":"product","2":"type-product","3":"status-publish","4":"has-post-thumbnail","6":"product_cat-damske-sportovni-leginy","7":"product_cat-damske-leginy-dlouhe","8":"product_cat-leginy-s-kapsami","9":"pa_cviat-cerna","10":"pa_razmer-l-cs","11":"pa_razmer-m-cs","12":"pa_razmer-s-cs-2","13":"inventories-world","14":"inventories-uk","16":"first","17":"instock","18":"taxable","19":"shipping-taxable","20":"purchasable","21":"product-type-variable"},"_links":{"self":[{"href":"https:\/\/staging5.peach-pump.com\/cs\/wp-json\/wp\/v2\/product\/57525","targetHints":{"allow":["GET"]}}],"collection":[{"href":"https:\/\/staging5.peach-pump.com\/cs\/wp-json\/wp\/v2\/product"}],"about":[{"href":"https:\/\/staging5.peach-pump.com\/cs\/wp-json\/wp\/v2\/types\/product"}],"replies":[{"embeddable":true,"href":"https:\/\/staging5.peach-pump.com\/cs\/wp-json\/wp\/v2\/comments?post=57525"}],"version-history":[{"count":1,"href":"https:\/\/staging5.peach-pump.com\/cs\/wp-json\/wp\/v2\/product\/57525\/revisions"}],"predecessor-version":[{"id":111353,"href":"https:\/\/staging5.peach-pump.com\/cs\/wp-json\/wp\/v2\/product\/57525\/revisions\/111353"}],"wp:featuredmedia":[{"embeddable":true,"href":"https:\/\/staging5.peach-pump.com\/cs\/wp-json\/wp\/v2\/media\/106485"}],"wp:attachment":[{"href":"https:\/\/staging5.peach-pump.com\/cs\/wp-json\/wp\/v2\/media?parent=57525"}],"wp:term":[{"taxonomy":"product_brand","embeddable":true,"href":"https:\/\/staging5.peach-pump.com\/cs\/wp-json\/wp\/v2\/product_brand?post=57525"},{"taxonomy":"product_cat","embeddable":true,"href":"https:\/\/staging5.peach-pump.com\/cs\/wp-json\/wp\/v2\/product_cat?post=57525"},{"taxonomy":"product_tag","embeddable":true,"href":"https:\/\/staging5.peach-pump.com\/cs\/wp-json\/wp\/v2\/product_tag?post=57525"}],"curies":[{"name":"wp","href":"https:\/\/api.w.org\/{rel}","templated":true}]}}