{"id":55965,"date":"2023-10-02T19:36:01","date_gmt":"2023-10-02T17:36:01","guid":{"rendered":"https:\/\/staging5.peach-pump.com\/products\/hneda-bezesva-souprava-pevne-leginy-a-top\/"},"modified":"2025-06-21T19:31:22","modified_gmt":"2025-06-21T17:31:22","slug":"hneda-bezesva-souprava-pevnejsi-leginy","status":"publish","type":"product","link":"https:\/\/staging5.peach-pump.com\/cs\/products\/hneda-bezesva-souprava-pevnejsi-leginy\/","title":{"rendered":"Hn\u011bd\u00e1 beze\u0161v\u00e1 souprava &#8211; pevn\u00e9 leg\u00edny a top"},"content":{"rendered":"<p>Hn\u011bd\u00e1 beze\u0161v\u00e1 souprava, pevn\u00e9 leg\u00edny a top s dlouh\u00fdm ruk\u00e1vem do posilovny. Tento zaj\u00edmav\u00fd model je vyroben ze \u017eebrovan\u00e9 tkaniny a kr\u00e1sn\u011b k t\u011blu p\u0159il\u00e9h\u00e1. Top m\u00e1 vykrojen\u00fd v\u00fdst\u0159ih a je vhodn\u00fd na chladn\u011bj\u0161\u00ed podzimn\u00ed\/zimn\u00ed po\u010das\u00ed, zal\u00edb\u00ed se V\u00e1m jej\u00ed hebkost a zp\u016fsob, jak\u00fdm pohlad\u00ed va\u0161e t\u011blo. Leg\u00edny jsou vyrobeny z pevn\u011bj\u0161\u00ed, elastick\u00e9 tkaniny, maj\u00ed \u0161irok\u00fd pas a n\u00e1\u0161 obl\u00edben\u00fd zvedaj\u00edc\u00ed a tvaruj\u00edc\u00ed efekt Peach Pump. Budete ohromeni hebkost\u00ed , teplem a zp\u016fsobem, jak\u00fdm tvaruje va\u0161i postavu. R\u016fzn\u00e9 barvy. pro halenku:  <\/p>\n<ul>\n<li>\u017debrovan\u00fd materi\u00e1l<\/li>\n<li>Tepeln\u00fd potisk &#8220;Peach Pump&#8221; na rameni<\/li>\n<li>Velk\u00e1 pru\u017enost<\/li>\n<li> Beze\u0161v\u00fd \u017eebrovan\u00fd materi\u00e1l<\/li>\n<\/ul>\n<p>  pro spole\u010dnost Cline:  <\/p>\n<ul>\n<li> Zvedaj\u00ed, vytvaruj\u00ed, zakr\u00fdvaj\u00ed probl\u00e9mov\u00e9 oblasti<\/li>\n<li> Pevn\u011bj\u0161\u00ed<\/li>\n<li> \u017debrovan\u00fd d\u00edl obep\u00ednaj\u00edc\u00ed pas<\/li>\n<li> Broskvov\u00fd efekt<\/li>\n<li> Bez \u0161vu vp\u0159edu<\/li>\n<li> Tepeln\u00fd potisk loga Peach Pump na zadn\u00ed stran\u011b leg\u00edn<\/li>\n<li> Materi\u00e1l odv\u00e1d\u011bj\u00edc\u00ed vlhkost<\/li>\n<li> Zaj\u00edmav\u00fd design<\/li>\n<li> Vysok\u00fd pas<\/li>\n<\/ul>\n<p>  Slo\u017een\u00ed: 80% polyester 20% spandex Modelka na obr\u00e1zku je vysok\u00e1 178 cm, v\u00e1\u017e\u00ed 54 kg a p\u00f3zuje ve velikosti M pro halenku a kl\u00edn Kl\u00edn a halenku lze pr\u00e1t na max. 30 stup\u0148\u016f , pros\u00edm neb\u011blit a ne\u010distit chemicky.<\/p>\n","protected":false},"excerpt":{"rendered":"<p>Hn\u011bd\u00e1 beze\u0161v\u00e1 souprava, pevn\u00e9 leg\u00edny a top s dlouh\u00fdm ruk\u00e1vem do posilovny. Tento zaj\u00edmav\u00fd model je vyroben ze \u017eebrovan\u00e9 tkaniny a kr\u00e1sn\u011b k t\u011blu p\u0159il\u00e9h\u00e1. Top m\u00e1 vykrojen\u00fd v\u00fdst\u0159ih a je vhodn\u00fd na chladn\u011bj\u0161\u00ed podzimn\u00ed\/zimn\u00ed po\u010das\u00ed, zal\u00edb\u00ed se V\u00e1m jej\u00ed hebkost a zp\u016fsob, jak\u00fdm pohlad\u00ed va\u0161e t\u011blo. Leg\u00edny jsou vyrobeny z pevn\u011bj\u0161\u00ed, elastick\u00e9 tkaniny, maj\u00ed [&hellip;]<\/p>\n","protected":false},"featured_media":20990,"comment_status":"open","ping_status":"closed","template":"","meta":[],"product_brand":[],"product_cat":[347,349],"product_tag":[],"class_list":{"0":"post-55965","1":"product","2":"type-product","3":"status-publish","4":"has-post-thumbnail","6":"product_cat-damske-sportovni-outfity","7":"product_cat-sportovni-outfity-s-leginami","8":"pa_cviat-hneda","9":"inventories-world","10":"inventories-uk","12":"first","13":"instock","14":"virtual","15":"taxable","16":"purchasable","17":"product-type-yith_bundle"},"_links":{"self":[{"href":"https:\/\/staging5.peach-pump.com\/cs\/wp-json\/wp\/v2\/product\/55965","targetHints":{"allow":["GET"]}}],"collection":[{"href":"https:\/\/staging5.peach-pump.com\/cs\/wp-json\/wp\/v2\/product"}],"about":[{"href":"https:\/\/staging5.peach-pump.com\/cs\/wp-json\/wp\/v2\/types\/product"}],"replies":[{"embeddable":true,"href":"https:\/\/staging5.peach-pump.com\/cs\/wp-json\/wp\/v2\/comments?post=55965"}],"version-history":[{"count":0,"href":"https:\/\/staging5.peach-pump.com\/cs\/wp-json\/wp\/v2\/product\/55965\/revisions"}],"wp:featuredmedia":[{"embeddable":true,"href":"https:\/\/staging5.peach-pump.com\/cs\/wp-json\/wp\/v2\/media\/20990"}],"wp:attachment":[{"href":"https:\/\/staging5.peach-pump.com\/cs\/wp-json\/wp\/v2\/media?parent=55965"}],"wp:term":[{"taxonomy":"product_brand","embeddable":true,"href":"https:\/\/staging5.peach-pump.com\/cs\/wp-json\/wp\/v2\/product_brand?post=55965"},{"taxonomy":"product_cat","embeddable":true,"href":"https:\/\/staging5.peach-pump.com\/cs\/wp-json\/wp\/v2\/product_cat?post=55965"},{"taxonomy":"product_tag","embeddable":true,"href":"https:\/\/staging5.peach-pump.com\/cs\/wp-json\/wp\/v2\/product_tag?post=55965"}],"curies":[{"name":"wp","href":"https:\/\/api.w.org\/{rel}","templated":true}]}}