{"id":55915,"date":"2023-10-14T09:43:05","date_gmt":"2023-10-14T07:43:05","guid":{"rendered":"https:\/\/staging5.peach-pump.com\/products\/damsky-modry-sporotvni-top-s-dlouhym-rukavem\/"},"modified":"2025-07-29T15:19:19","modified_gmt":"2025-07-29T13:19:19","slug":"modry-sportovni-top-s-dlouhym-rukavem","status":"publish","type":"product","link":"https:\/\/staging5.peach-pump.com\/cs\/products\/modry-sportovni-top-s-dlouhym-rukavem\/","title":{"rendered":"D\u00e1msk\u00fd modr\u00fd sporotvn\u00ed top s dlouh\u00fdm ruk\u00e1vem"},"content":{"rendered":"<p>Modr\u00fd sportovn\u00ed top s dlouh\u00fdm ruk\u00e1vem z pevn\u00e9 l\u00e1tky v syt\u00e9 tmav\u011b modr\u00e9 barv\u011b. Tento zaj\u00edmav\u00fd model je vyroben ze \u017eebrovan\u00e9ho materi\u00e1lu, kr\u00e1sn\u011b p\u0159il\u00e9h\u00e1 k t\u011blu a m\u00e1 hlubok\u00fd v\u00fdst\u0159ih. Lze jej kombinovat s leg\u00ednami stejn\u00e9 barvy nebo s jin\u00fdmi jednobarevn\u00fdmi leg\u00ednami. Top je vhodn\u00fd na chladn\u011bj\u0161\u00ed podzimn\u00ed\/zimn\u00ed po\u010das\u00ed, zamilujete si jeho m\u011bkkost, h\u0159ejivost a zp\u016fsob, jak\u00fdm pohlad\u00ed va\u0161e t\u011blo.<\/p>\n<ul>\n<li>\u017debrovan\u00fd materi\u00e1l<\/li>\n<li>Tepeln\u00fd potisk &#8220;Peach Pump&#8221; na rameni<\/li>\n<li>Velk\u00e1 pru\u017enost<\/li>\n<li>Zaj\u00edmav\u00fd design<\/li>\n<\/ul>\n<p>Slo\u017een\u00ed: 80 % polyester, 20 % elastan<\/p>\n<p>Leg\u00edny lze pr\u00e1t na 30 stup\u0148\u016f, nepou\u017e\u00edvat b\u011blidla a ne\u010distit chemicky.<\/p>\n<p>Modelka na obr\u00e1zku m\u011b\u0159\u00ed 169 cm, v\u00e1\u017e\u00ed 52 kg a m\u00e1 na sob\u011b velikost M.<\/p>\n<p>Obvod hrudn\u00edku: S: 85-90cm \/ M: 90-95cm \/ L: 95-100cm<\/p>\n","protected":false},"excerpt":{"rendered":"<p>Modr\u00fd sportovn\u00ed top s dlouh\u00fdm ruk\u00e1vem z pevn\u00e9 l\u00e1tky v syt\u00e9 tmav\u011b modr\u00e9 barv\u011b. Tento zaj\u00edmav\u00fd model je vyroben ze \u017eebrovan\u00e9ho materi\u00e1lu, kr\u00e1sn\u011b p\u0159il\u00e9h\u00e1 k t\u011blu a m\u00e1 hlubok\u00fd v\u00fdst\u0159ih. Lze jej kombinovat s leg\u00ednami stejn\u00e9 barvy nebo s jin\u00fdmi jednobarevn\u00fdmi leg\u00ednami. Top je vhodn\u00fd na chladn\u011bj\u0161\u00ed podzimn\u00ed\/zimn\u00ed po\u010das\u00ed, zamilujete si jeho m\u011bkkost, h\u0159ejivost a [&hellip;]<\/p>\n","protected":false},"featured_media":53248,"comment_status":"open","ping_status":"closed","template":"","meta":[],"product_brand":[],"product_cat":[345],"product_tag":[],"class_list":{"0":"post-55915","1":"product","2":"type-product","3":"status-publish","4":"has-post-thumbnail","6":"product_cat-damske-sportovni-topy-tilko","7":"pa_cviat-tmave-modra","8":"pa_razmer-l-cs","9":"pa_razmer-m-cs","10":"pa_razmer-s-cs-2","11":"inventories-world","12":"inventories-uk","14":"first","15":"instock","16":"taxable","17":"shipping-taxable","18":"purchasable","19":"product-type-variable"},"_links":{"self":[{"href":"https:\/\/staging5.peach-pump.com\/cs\/wp-json\/wp\/v2\/product\/55915","targetHints":{"allow":["GET"]}}],"collection":[{"href":"https:\/\/staging5.peach-pump.com\/cs\/wp-json\/wp\/v2\/product"}],"about":[{"href":"https:\/\/staging5.peach-pump.com\/cs\/wp-json\/wp\/v2\/types\/product"}],"replies":[{"embeddable":true,"href":"https:\/\/staging5.peach-pump.com\/cs\/wp-json\/wp\/v2\/comments?post=55915"}],"version-history":[{"count":0,"href":"https:\/\/staging5.peach-pump.com\/cs\/wp-json\/wp\/v2\/product\/55915\/revisions"}],"wp:featuredmedia":[{"embeddable":true,"href":"https:\/\/staging5.peach-pump.com\/cs\/wp-json\/wp\/v2\/media\/53248"}],"wp:attachment":[{"href":"https:\/\/staging5.peach-pump.com\/cs\/wp-json\/wp\/v2\/media?parent=55915"}],"wp:term":[{"taxonomy":"product_brand","embeddable":true,"href":"https:\/\/staging5.peach-pump.com\/cs\/wp-json\/wp\/v2\/product_brand?post=55915"},{"taxonomy":"product_cat","embeddable":true,"href":"https:\/\/staging5.peach-pump.com\/cs\/wp-json\/wp\/v2\/product_cat?post=55915"},{"taxonomy":"product_tag","embeddable":true,"href":"https:\/\/staging5.peach-pump.com\/cs\/wp-json\/wp\/v2\/product_tag?post=55915"}],"curies":[{"name":"wp","href":"https:\/\/api.w.org\/{rel}","templated":true}]}}