{"id":55906,"date":"2023-10-14T10:10:00","date_gmt":"2023-10-14T08:10:00","guid":{"rendered":"https:\/\/staging5.peach-pump.com\/products\/modra-bezesva-sportovni-souprava-z-pevne-tkaniny\/"},"modified":"2025-07-29T15:19:09","modified_gmt":"2025-07-29T13:19:09","slug":"modra-bezesva-sportovni-souprava","status":"publish","type":"product","link":"https:\/\/staging5.peach-pump.com\/cs\/products\/modra-bezesva-sportovni-souprava\/","title":{"rendered":"Modr\u00e1 beze\u0161v\u00e1 sportovn\u00ed souprava z pevn\u00e9 tkaniny"},"content":{"rendered":"<p>Tmav\u011b modr\u00e1 beze\u0161v\u00e1 sportovn\u00ed souprava, leg\u00edny a sportovn\u00ed top s dlouh\u00fdm ruk\u00e1vem do posilovny. Tento zaj\u00edmav\u00fd model je vyroben ze \u017eebrovan\u00e9 tkaniny a kr\u00e1sn\u011b k t\u011blu p\u0159il\u00e9h\u00e1. Top je vybaven vy\u0159ezan\u00fdm v\u00fdst\u0159ihem a je vhodn\u00fd na chladn\u011bj\u0161\u00ed podzimn\u00ed\/zimn\u00ed po\u010das\u00ed, zamilujete si jej\u00ed h\u0159ejivost, m\u011bkkost a zp\u016fsob, jak\u00fdm pohlad\u00ed va\u0161e t\u011blo. Leg\u00edny jsou vyrobeny z pevn\u00e9, elastick\u00e9 tkaniny, maj\u00ed \u0161irok\u00fd pas, vyzna\u010duj\u00ed se na\u0161\u00edm obl\u00edben\u00fdm zvedaj\u00edc\u00edm a tvaruj\u00edc\u00edm Peach efektem. R\u016fzn\u00e9 barvy.<\/p>\n<p>Top:<\/p>\n<ul>\n<li>\u017debrovan\u00fd materi\u00e1l<\/li>\n<li>Tepeln\u00fd potisk loga Peach Pump na rameni<\/li>\n<li>Velk\u00e1 pru\u017enost<\/li>\n<li> Beze\u0161v\u00fd \u017eebrovan\u00fd materi\u00e1l<\/li>\n<\/ul>\n<p>Obvod hrudn\u00edku: S: 85-90cm \/ M: 90-95cm \/ L: 95-100cm<\/p>\n<p>Leg\u00edny:<\/p>\n<ul>\n<li> Zvedaj\u00ed, vytvaruj\u00ed, zakr\u00fdvaj\u00ed probl\u00e9mov\u00e9 oblasti<\/li>\n<li> Pevn\u011bj\u0161\u00ed<\/li>\n<li> \u017debrovan\u00fd d\u00edl obep\u00ednaj\u00edc\u00ed pas<\/li>\n<li> Broskvov\u00fd efekt<\/li>\n<li> Beze \u0161vu v p\u0159edn\u00ed \u010d\u00e1sti<\/li>\n<li> Tepeln\u00fd potisk loga Peach Pump na zadn\u00ed stran\u011b leg\u00edn<\/li>\n<li> Materi\u00e1l odv\u00e1d\u011bj\u00edc\u00ed vlhkost<\/li>\n<li> Zaj\u00edmav\u00fd design<\/li>\n<li> Vysok\u00fd pas<\/li>\n<\/ul>\n<p>Slo\u017een\u00ed: 80 % polyester, 20 % elastan<\/p>\n<p>Pro v\u00fdb\u011br p\u0159esn\u00e9 velikosti kl\u00ednu pou\u017eijte tabulky.<\/p>\n<p>Modelka na obr\u00e1zku m\u011b\u0159\u00ed 169 cm, v\u00e1\u017e\u00ed 52 kg a m\u00e1 na sob\u011b top a leg\u00edny velikosti M.<\/p>\n<p>Leg\u00edny a top lze pr\u00e1t na 30 stup\u0148\u016f, nepou\u017e\u00edvat b\u011blidla a ne\u010distit chemicky.<\/p>\n","protected":false},"excerpt":{"rendered":"<p>Tmav\u011b modr\u00e1 beze\u0161v\u00e1 sportovn\u00ed souprava, leg\u00edny a sportovn\u00ed top s dlouh\u00fdm ruk\u00e1vem do posilovny. Tento zaj\u00edmav\u00fd model je vyroben ze \u017eebrovan\u00e9 tkaniny a kr\u00e1sn\u011b k t\u011blu p\u0159il\u00e9h\u00e1. Top je vybaven vy\u0159ezan\u00fdm v\u00fdst\u0159ihem a je vhodn\u00fd na chladn\u011bj\u0161\u00ed podzimn\u00ed\/zimn\u00ed po\u010das\u00ed, zamilujete si jej\u00ed h\u0159ejivost, m\u011bkkost a zp\u016fsob, jak\u00fdm pohlad\u00ed va\u0161e t\u011blo. Leg\u00edny jsou vyrobeny z pevn\u00e9, [&hellip;]<\/p>\n","protected":false},"featured_media":54745,"comment_status":"open","ping_status":"closed","template":"","meta":[],"product_brand":[],"product_cat":[347,349],"product_tag":[],"class_list":{"0":"post-55906","1":"product","2":"type-product","3":"status-publish","4":"has-post-thumbnail","6":"product_cat-damske-sportovni-outfity","7":"product_cat-sportovni-outfity-s-leginami","8":"pa_cviat-tmave-modra","9":"inventories-world","10":"inventories-uk","12":"first","13":"instock","14":"virtual","15":"taxable","16":"purchasable","17":"product-type-yith_bundle"},"_links":{"self":[{"href":"https:\/\/staging5.peach-pump.com\/cs\/wp-json\/wp\/v2\/product\/55906","targetHints":{"allow":["GET"]}}],"collection":[{"href":"https:\/\/staging5.peach-pump.com\/cs\/wp-json\/wp\/v2\/product"}],"about":[{"href":"https:\/\/staging5.peach-pump.com\/cs\/wp-json\/wp\/v2\/types\/product"}],"replies":[{"embeddable":true,"href":"https:\/\/staging5.peach-pump.com\/cs\/wp-json\/wp\/v2\/comments?post=55906"}],"version-history":[{"count":0,"href":"https:\/\/staging5.peach-pump.com\/cs\/wp-json\/wp\/v2\/product\/55906\/revisions"}],"wp:featuredmedia":[{"embeddable":true,"href":"https:\/\/staging5.peach-pump.com\/cs\/wp-json\/wp\/v2\/media\/54745"}],"wp:attachment":[{"href":"https:\/\/staging5.peach-pump.com\/cs\/wp-json\/wp\/v2\/media?parent=55906"}],"wp:term":[{"taxonomy":"product_brand","embeddable":true,"href":"https:\/\/staging5.peach-pump.com\/cs\/wp-json\/wp\/v2\/product_brand?post=55906"},{"taxonomy":"product_cat","embeddable":true,"href":"https:\/\/staging5.peach-pump.com\/cs\/wp-json\/wp\/v2\/product_cat?post=55906"},{"taxonomy":"product_tag","embeddable":true,"href":"https:\/\/staging5.peach-pump.com\/cs\/wp-json\/wp\/v2\/product_tag?post=55906"}],"curies":[{"name":"wp","href":"https:\/\/api.w.org\/{rel}","templated":true}]}}