{"id":48064,"date":"2023-08-04T10:14:59","date_gmt":"2023-08-04T08:14:59","guid":{"rendered":"https:\/\/staging5.peach-pump.com\/products\/nebesky-modra-cepice-s-ksiltem-peach-pump\/"},"modified":"2025-07-20T13:32:06","modified_gmt":"2025-07-20T11:32:06","slug":"nebesky-modra-cepice-s-ksiltem-peach-pump","status":"publish","type":"product","link":"https:\/\/staging5.peach-pump.com\/cs\/products\/nebesky-modra-cepice-s-ksiltem-peach-pump\/","title":{"rendered":"Nebesky modr\u00e1 \u010depice s k\u0161iltem Peach Pump"},"content":{"rendered":"<p>Kombinujte sv\u00e9 obl\u00edben\u00e9 leg\u00edny a podprsenky se sv\u011btle modrou k\u0161iltovkou od Peach Pump. V hork\u00fdch letn\u00edch m\u011bs\u00edc\u00edch bude dokonal\u00fdm dopl\u0148kem va\u0161eho outfitu a z\u00e1rove\u0148 ochr\u00e1n\u00ed v\u00e1\u0161 obli\u010dej p\u0159ed ostr\u00fdm sluncem. K\u0161iltovka je vybavena efektn\u00edm vy\u0161it\u00fdm trojrozm\u011brn\u00fdm b\u00edl\u00fdm logem s modr\u00fdm okrajem a motiva\u010dn\u00edm n\u00e1pisem : &#8220;Addicted to the PUMP&#8221; . Velikost \u010depice je nastaviteln\u00e1 pomoc\u00ed kovov\u00e9 spony a k\u0161ilt je ohnut\u00fd. Bu\u010fte stylov\u00e1 a jedine\u010dn\u00e1 t\u00edmto dokonal\u00fdm dopl\u0148kem Va\u0161eho sportovn\u00edho outfitu.<\/p>\n","protected":false},"excerpt":{"rendered":"<p>Kombinujte sv\u00e9 obl\u00edben\u00e9 leg\u00edny a podprsenky se sv\u011btle modrou k\u0161iltovkou od Peach Pump. V hork\u00fdch letn\u00edch m\u011bs\u00edc\u00edch bude dokonal\u00fdm dopl\u0148kem va\u0161eho outfitu a z\u00e1rove\u0148 ochr\u00e1n\u00ed v\u00e1\u0161 obli\u010dej p\u0159ed ostr\u00fdm sluncem. K\u0161iltovka je vybavena efektn\u00edm vy\u0161it\u00fdm trojrozm\u011brn\u00fdm b\u00edl\u00fdm logem s modr\u00fdm okrajem a motiva\u010dn\u00edm n\u00e1pisem : &#8220;Addicted to the PUMP&#8221; . Velikost \u010depice je nastaviteln\u00e1 pomoc\u00ed [&hellip;]<\/p>\n","protected":false},"featured_media":47721,"comment_status":"open","ping_status":"closed","template":"","meta":[],"product_brand":[],"product_cat":[791],"product_tag":[],"class_list":{"0":"post-48064","1":"product","2":"type-product","3":"status-publish","4":"has-post-thumbnail","6":"product_cat-doplnky","7":"pa_cviat-svetle-modra","8":"pa_razmer-jedna-velikost","9":"inventories-world","10":"inventories-uk","12":"first","13":"instock","14":"taxable","15":"shipping-taxable","16":"purchasable","17":"product-type-variable"},"_links":{"self":[{"href":"https:\/\/staging5.peach-pump.com\/cs\/wp-json\/wp\/v2\/product\/48064","targetHints":{"allow":["GET"]}}],"collection":[{"href":"https:\/\/staging5.peach-pump.com\/cs\/wp-json\/wp\/v2\/product"}],"about":[{"href":"https:\/\/staging5.peach-pump.com\/cs\/wp-json\/wp\/v2\/types\/product"}],"replies":[{"embeddable":true,"href":"https:\/\/staging5.peach-pump.com\/cs\/wp-json\/wp\/v2\/comments?post=48064"}],"version-history":[{"count":1,"href":"https:\/\/staging5.peach-pump.com\/cs\/wp-json\/wp\/v2\/product\/48064\/revisions"}],"predecessor-version":[{"id":111338,"href":"https:\/\/staging5.peach-pump.com\/cs\/wp-json\/wp\/v2\/product\/48064\/revisions\/111338"}],"wp:featuredmedia":[{"embeddable":true,"href":"https:\/\/staging5.peach-pump.com\/cs\/wp-json\/wp\/v2\/media\/47721"}],"wp:attachment":[{"href":"https:\/\/staging5.peach-pump.com\/cs\/wp-json\/wp\/v2\/media?parent=48064"}],"wp:term":[{"taxonomy":"product_brand","embeddable":true,"href":"https:\/\/staging5.peach-pump.com\/cs\/wp-json\/wp\/v2\/product_brand?post=48064"},{"taxonomy":"product_cat","embeddable":true,"href":"https:\/\/staging5.peach-pump.com\/cs\/wp-json\/wp\/v2\/product_cat?post=48064"},{"taxonomy":"product_tag","embeddable":true,"href":"https:\/\/staging5.peach-pump.com\/cs\/wp-json\/wp\/v2\/product_tag?post=48064"}],"curies":[{"name":"wp","href":"https:\/\/api.w.org\/{rel}","templated":true}]}}