{"id":46380,"date":"2023-07-21T16:36:15","date_gmt":"2023-07-21T14:36:15","guid":{"rendered":"https:\/\/staging5.peach-pump.com\/products\/modre-kratke-sportovni-leginy-typu-booty-shorts\/"},"modified":"2025-07-30T14:35:41","modified_gmt":"2025-07-30T12:35:41","slug":"modre-kratke-sportovni-leginy-typu-booty-shorts","status":"publish","type":"product","link":"https:\/\/staging5.peach-pump.com\/cs\/products\/modre-kratke-sportovni-leginy-typu-booty-shorts\/","title":{"rendered":"Modr\u00e9 kr\u00e1tk\u00e9 sportovn\u00ed leg\u00edny typu Booty Shorts"},"content":{"rendered":"<p>D\u00e1msk\u00e9 kr\u00e1tk\u00e9 sportovn\u00ed leg\u00edny z pevn\u00e9ho , prody\u0161n\u00e9ho materi\u00e1lu v modr\u00e9 barv\u011b. Tento model je ide\u00e1ln\u00ed na hork\u00e9 letn\u00ed dny, je vykrojen\u011bj\u0161\u00ed, l\u00e1tka odv\u00e1d\u00ed vlhkost od t\u011bla. Vyzna\u010duj\u00ed se m\u00edrn\u00fdm broskvov\u00fdm efektem vzadu a kr\u00e1sn\u011b postavu tvaruj\u00ed. Lze kombinovat s podprsenkou stejn\u00e9ho vzoru, viz sekci Sportovn\u00ed sety s kr\u00e1tk\u00fdmi leg\u00ednami. (Vzor je z pevn\u011bj\u0161\u00ed tkaniny)  <\/p>\n<ul>\n<li>Zvedaj\u00ed, vytvaruj\u00ed, zakr\u00fdvaj\u00ed probl\u00e9mov\u00e9 oblasti<\/li>\n<li>M\u00edrn\u00fd broskvov\u00fd efekt<\/li>\n<li>Bez \u0161vu vp\u0159edu<\/li>\n<li>Tepeln\u00fd potisk loga Peach Pump na zadn\u00ed stran\u011b leg\u00edn<\/li>\n<li>Technologie odv\u00e1d\u011bn\u00ed vlhkosti z t\u011bla<\/li>\n<\/ul>\n<p> Slo\u017een\u00ed: 80 % polyester 20 % elastan Leg\u00edny lze pr\u00e1t na 30 stup\u0148\u016f, neb\u011blit a ne\u010distit chemicky. Modelka na obr\u00e1zku je vysok\u00e1 178 cm, v\u00e1\u017e\u00ed 54 kg a p\u00f3zuje ve velikosti M Pro v\u00fdb\u011br p\u0159esn\u00e9 velikosti pou\u017eijte pros\u00edm tabulku velikost\u00ed.  \t\t<div id=\"sbi_mod_error\" >\n\t\t\t<span>This error message is only visible to WordPress admins<\/span><br\/>\n\t\t\t<p><strong>Error: No connected account.<\/strong>\n\t\t\t<p>Please go to the Instagram Feed settings page to connect an account.<\/p>\n\t\t<\/div>\n\t\t<\/p>\n","protected":false},"excerpt":{"rendered":"<p>D\u00e1msk\u00e9 kr\u00e1tk\u00e9 sportovn\u00ed leg\u00edny z pevn\u00e9ho , prody\u0161n\u00e9ho materi\u00e1lu v modr\u00e9 barv\u011b. Tento model je ide\u00e1ln\u00ed na hork\u00e9 letn\u00ed dny, je vykrojen\u011bj\u0161\u00ed, l\u00e1tka odv\u00e1d\u00ed vlhkost od t\u011bla. Vyzna\u010duj\u00ed se m\u00edrn\u00fdm broskvov\u00fdm efektem vzadu a kr\u00e1sn\u011b postavu tvaruj\u00ed. Lze kombinovat s podprsenkou stejn\u00e9ho vzoru, viz sekci Sportovn\u00ed sety s kr\u00e1tk\u00fdmi leg\u00ednami. (Vzor je z pevn\u011bj\u0161\u00ed tkaniny) [&hellip;]<\/p>\n","protected":false},"featured_media":45414,"comment_status":"open","ping_status":"closed","template":"","meta":[],"product_brand":[],"product_cat":[137,197],"product_tag":[],"class_list":{"0":"post-46380","1":"product","2":"type-product","3":"status-publish","4":"has-post-thumbnail","6":"product_cat-damske-sportovni-leginy","7":"product_cat-kratke-leginy","8":"pa_cviat-modra","9":"pa_razmer-m-cs","10":"pa_razmer-s-cs-2","11":"inventories-world","12":"inventories-uk","14":"first","15":"instock","16":"sale","17":"taxable","18":"shipping-taxable","19":"purchasable","20":"product-type-variable"},"_links":{"self":[{"href":"https:\/\/staging5.peach-pump.com\/cs\/wp-json\/wp\/v2\/product\/46380","targetHints":{"allow":["GET"]}}],"collection":[{"href":"https:\/\/staging5.peach-pump.com\/cs\/wp-json\/wp\/v2\/product"}],"about":[{"href":"https:\/\/staging5.peach-pump.com\/cs\/wp-json\/wp\/v2\/types\/product"}],"replies":[{"embeddable":true,"href":"https:\/\/staging5.peach-pump.com\/cs\/wp-json\/wp\/v2\/comments?post=46380"}],"version-history":[{"count":0,"href":"https:\/\/staging5.peach-pump.com\/cs\/wp-json\/wp\/v2\/product\/46380\/revisions"}],"wp:featuredmedia":[{"embeddable":true,"href":"https:\/\/staging5.peach-pump.com\/cs\/wp-json\/wp\/v2\/media\/45414"}],"wp:attachment":[{"href":"https:\/\/staging5.peach-pump.com\/cs\/wp-json\/wp\/v2\/media?parent=46380"}],"wp:term":[{"taxonomy":"product_brand","embeddable":true,"href":"https:\/\/staging5.peach-pump.com\/cs\/wp-json\/wp\/v2\/product_brand?post=46380"},{"taxonomy":"product_cat","embeddable":true,"href":"https:\/\/staging5.peach-pump.com\/cs\/wp-json\/wp\/v2\/product_cat?post=46380"},{"taxonomy":"product_tag","embeddable":true,"href":"https:\/\/staging5.peach-pump.com\/cs\/wp-json\/wp\/v2\/product_tag?post=46380"}],"curies":[{"name":"wp","href":"https:\/\/api.w.org\/{rel}","templated":true}]}}