{"id":40470,"date":"2023-04-11T09:03:28","date_gmt":"2023-04-11T07:03:28","guid":{"rendered":"https:\/\/staging5.peach-pump.com\/products\/bezesvy-sportovni-set-z-pevne-zebrovane-tkaniny-ruzove-barvy\/"},"modified":"2024-12-02T15:43:40","modified_gmt":"2024-12-02T13:43:40","slug":"bezesva-sportovni-souprava-ruzova","status":"publish","type":"product","link":"https:\/\/staging5.peach-pump.com\/cs\/products\/bezesva-sportovni-souprava-ruzova\/","title":{"rendered":"R\u016f\u017eov\u00e1 beze\u0161v\u00e1 sportovn\u00ed souprava z pevn\u00e9 \u017eebrovan\u00e9 tkaniny"},"content":{"rendered":"<p>R\u016f\u017eov\u00e1 beze\u0161v\u00e1 sportovn\u00ed souprava, leg\u00edny a sportovn\u00ed top s dlouh\u00fdm ruk\u00e1vem z pevn\u00e9 beze\u0161v\u00e9 \u017eebrovan\u00e9 tkaniny vhodn\u00e9 do posilovny. Top je vyroben ze \u017eebrovan\u00e9ho materi\u00e1lu, kr\u00e1sn\u011b p\u0159il\u00e9h\u00e1 k t\u011blu a m\u00e1 hlubok\u00fd v\u00fdst\u0159ih. Top je vhodn\u00fd na chladn\u011bj\u0161\u00ed podzimn\u00ed\/zimn\u00ed po\u010das\u00ed, zamilujete se do jeho hebkosti a zp\u016fsobu, jak\u00fdm pohlad\u00ed va\u0161e t\u011blo. Leg\u00edny jsou vytvo\u0159eny z pevn\u00e9, pru\u017en\u00e9 tkaniny. Tyto leg\u00edny jsou vybaveny vysok\u00fdm pasem, jsou z pevn\u011bj\u0161\u00edho materi\u00e1lu, ide\u00e1ln\u00ed na chladn\u00e9 podzimn\u00ed a zimn\u00ed dny. Leg\u00edny maj\u00ed \u0161irok\u00fd p\u00e1s, zvedaj\u00edc\u00ed a tvaruj\u00edc\u00ed efekt, kter\u00fd na\u0161e zna\u010dka miluje. Tyto leg\u00edny v\u00e1s ohrom\u00ed svou m\u011bkkost\u00ed, teplem a zp\u016fsobem, jak\u00fdm va\u0161i postavu vytvaruj\u00ed. Model lze kombinovat s topem nebo podprsenkou, prohl\u00e9dn\u011bte si na\u0161e n\u00e1vrhy. pro halenku:  <\/p>\n<ul>\n<li>\u017debrovan\u00fd materi\u00e1l<\/li>\n<li>Tepeln\u00fd potisk &#8220;Peach Pump&#8221; na rameni<\/li>\n<li>Velk\u00e1 pru\u017enost<\/li>\n<li> Beze\u0161v\u00fd \u017eebrovan\u00fd materi\u00e1l<\/li>\n<\/ul>\n<p>  pro spole\u010dnost Cline:  <\/p>\n<ul>\n<li> Zvedaj\u00ed, vytvaruj\u00ed, zakr\u00fdvaj\u00ed probl\u00e9mov\u00e9 oblasti<\/li>\n<li> Pevn\u011bj\u0161\u00ed<\/li>\n<li> \u017debrovan\u00fd d\u00edl obep\u00ednaj\u00edc\u00ed pas<\/li>\n<li> Broskvov\u00fd efekt<\/li>\n<li> Bez \u0161vu vp\u0159edu<\/li>\n<li> Tepeln\u00fd potisk loga Peach Pump na zadn\u00ed stran\u011b leg\u00edn<\/li>\n<li> Materi\u00e1l odv\u00e1d\u011bj\u00edc\u00ed vlhkost<\/li>\n<li> Zaj\u00edmav\u00fd design<\/li>\n<li> Vysok\u00fd pas<\/li>\n<\/ul>\n<p>  Slo\u017een\u00ed: 80% polyester 20% spandex Modelka na obr\u00e1zku je vysok\u00e1 178 cm, v\u00e1\u017e\u00ed 54 kg a p\u00f3zuje ve velikosti M pro halenku a kl\u00edn Kl\u00edn a halenku lze pr\u00e1t na max. 30 stup\u0148\u016f , pros\u00edm neb\u011blit a ne\u010distit chemicky.  &nbsp;<\/p>\n<p>&nbsp;<\/p>\n","protected":false},"excerpt":{"rendered":"<p>R\u016f\u017eov\u00e1 beze\u0161v\u00e1 sportovn\u00ed souprava, leg\u00edny a sportovn\u00ed top s dlouh\u00fdm ruk\u00e1vem z pevn\u00e9 beze\u0161v\u00e9 \u017eebrovan\u00e9 tkaniny vhodn\u00e9 do posilovny. Top je vyroben ze \u017eebrovan\u00e9ho materi\u00e1lu, kr\u00e1sn\u011b p\u0159il\u00e9h\u00e1 k t\u011blu a m\u00e1 hlubok\u00fd v\u00fdst\u0159ih. Top je vhodn\u00fd na chladn\u011bj\u0161\u00ed podzimn\u00ed\/zimn\u00ed po\u010das\u00ed, zamilujete se do jeho hebkosti a zp\u016fsobu, jak\u00fdm pohlad\u00ed va\u0161e t\u011blo. Leg\u00edny jsou vytvo\u0159eny z [&hellip;]<\/p>\n","protected":false},"featured_media":26345,"comment_status":"open","ping_status":"closed","template":"","meta":[],"product_brand":[],"product_cat":[347,349],"product_tag":[],"class_list":{"0":"post-40470","1":"product","2":"type-product","3":"status-publish","4":"has-post-thumbnail","6":"product_cat-damske-sportovni-outfity","7":"product_cat-sportovni-outfity-s-leginami","8":"pa_cviat-ruzovy","9":"pa_razmer-l-cs","10":"pa_razmer-m-cs","11":"pa_razmer-s-cs-2","12":"inventories-world","13":"inventories-uk","15":"first","16":"instock","17":"virtual","18":"taxable","19":"purchasable","20":"product-type-yith_bundle"},"_links":{"self":[{"href":"https:\/\/staging5.peach-pump.com\/cs\/wp-json\/wp\/v2\/product\/40470","targetHints":{"allow":["GET"]}}],"collection":[{"href":"https:\/\/staging5.peach-pump.com\/cs\/wp-json\/wp\/v2\/product"}],"about":[{"href":"https:\/\/staging5.peach-pump.com\/cs\/wp-json\/wp\/v2\/types\/product"}],"replies":[{"embeddable":true,"href":"https:\/\/staging5.peach-pump.com\/cs\/wp-json\/wp\/v2\/comments?post=40470"}],"version-history":[{"count":0,"href":"https:\/\/staging5.peach-pump.com\/cs\/wp-json\/wp\/v2\/product\/40470\/revisions"}],"wp:featuredmedia":[{"embeddable":true,"href":"https:\/\/staging5.peach-pump.com\/cs\/wp-json\/wp\/v2\/media\/26345"}],"wp:attachment":[{"href":"https:\/\/staging5.peach-pump.com\/cs\/wp-json\/wp\/v2\/media?parent=40470"}],"wp:term":[{"taxonomy":"product_brand","embeddable":true,"href":"https:\/\/staging5.peach-pump.com\/cs\/wp-json\/wp\/v2\/product_brand?post=40470"},{"taxonomy":"product_cat","embeddable":true,"href":"https:\/\/staging5.peach-pump.com\/cs\/wp-json\/wp\/v2\/product_cat?post=40470"},{"taxonomy":"product_tag","embeddable":true,"href":"https:\/\/staging5.peach-pump.com\/cs\/wp-json\/wp\/v2\/product_tag?post=40470"}],"curies":[{"name":"wp","href":"https:\/\/api.w.org\/{rel}","templated":true}]}}