{"id":40374,"date":"2023-05-20T18:41:53","date_gmt":"2023-05-20T16:41:53","guid":{"rendered":"https:\/\/staging5.peach-pump.com\/products\/dvoudilny-set-bezove-barvy-na-prochazku-i-sport\/"},"modified":"2025-06-25T12:45:04","modified_gmt":"2025-06-25T10:45:04","slug":"bezova-souprava-dvoudelna-leginy-typu-charlston","status":"publish","type":"product","link":"https:\/\/staging5.peach-pump.com\/cs\/products\/bezova-souprava-dvoudelna-leginy-typu-charlston\/","title":{"rendered":"B\u00e9\u017eov\u00e1 dvoud\u00edln\u00e1 souprava, leg\u00edny typu charleston a podprsenka"},"content":{"rendered":"<p>B\u00e9\u017eov\u00e1 dvoud\u00edln\u00e1 souprava s leg\u00ednami typu charleston beze \u0161vu vp\u0159edu, kter\u00e9 postavu tvaruj\u00ed a siluetu modeluj\u00ed efektem del\u0161\u00edch nohou a ze\u0161t\u00edhlen\u00ed pasu. Velmi m\u00f3dn\u00ed a efektn\u00ed na tuto sez\u00f3nu. Lze kombinovat s podprsenkou stejn\u00e9ho vzoru. Nyn\u00ed lze vybrat ze dvou variant: na jedno ram\u00ednko nebo s nastaviteln\u00fdm \u0161n\u011brov\u00e1n\u00edm vzadu. A\u0165 u\u017e si vyberete kteroukoli z t\u011bchto variant, nez\u016fstanete bez pov\u0161imnut\u00ed. Tkanina sportovn\u00edho setu je jemn\u00e9 \u017eebrovan\u00e1, velmi pru\u017en\u00e1 a prody\u0161n\u00e1, potla\u010duje pocen\u00ed. V tomto setu budete m\u00edt naprostou volnost pohybu. Bustier:  <\/p>\n<ul>\n<li>\u017debrovan\u00fd materi\u00e1l<\/li>\n<li>Tepeln\u00fd potisk loga Peach Pump na boku podprsenky<\/li>\n<li>Velk\u00e1 pru\u017enost<\/li>\n<li>Beze\u0161v\u00e1 \u017eebrovan\u00e1 tkanina<\/li>\n<li>Vycp\u00e1vky, vyj\u00edmateln\u00e9<\/li>\n<li>Jedno ram\u00ednko<\/li>\n<li>Dvojit\u00e1 guma vzadu<\/li>\n<\/ul>\n<p>  Cline:  <\/p>\n<ul>\n<li>\u0160irok\u00e9 nohavice typu charleston s rozparky na konci<\/li>\n<li>Bez \u0161vu vp\u0159edu<\/li>\n<li>Tvaruj\u00ed a zakr\u00fdvaj\u00ed probl\u00e9mov\u00e9 oblasti<\/li>\n<li>Pru\u017en\u00e1 tkanina<\/li>\n<li>Bez broskvov\u00e9ho efektu<\/li>\n<li>Tepeln\u00fd potisk loga Peach Pump na zadn\u00ed stran\u011b leg\u00edn<\/li>\n<li>Materi\u00e1l odv\u00e1d\u011bj\u00edc\u00ed vlhkost od t\u011bla<\/li>\n<li>Zaj\u00edmav\u00fd design<\/li>\n<li>Vysok\u00fd pas<\/li>\n<\/ul>\n<p>  Slo\u017een\u00ed: 80% polyester 20% spandex Modelka na obr\u00e1zku je vysok\u00e1 178 cm, v\u00e1\u017e\u00ed 54 kg a p\u00f3zuje ve velikosti M pro bustier a kl\u00edn Kl\u00edny a bustier lze pr\u00e1t na 30 stup\u0148\u016f , pros\u00edm, neb\u011blit a ne\u010distit chemicky.<\/p>\n","protected":false},"excerpt":{"rendered":"<p>B\u00e9\u017eov\u00e1 dvoud\u00edln\u00e1 souprava s leg\u00ednami typu charleston beze \u0161vu vp\u0159edu, kter\u00e9 postavu tvaruj\u00ed a siluetu modeluj\u00ed efektem del\u0161\u00edch nohou a ze\u0161t\u00edhlen\u00ed pasu. Velmi m\u00f3dn\u00ed a efektn\u00ed na tuto sez\u00f3nu. Lze kombinovat s podprsenkou stejn\u00e9ho vzoru. Nyn\u00ed lze vybrat ze dvou variant: na jedno ram\u00ednko nebo s nastaviteln\u00fdm \u0161n\u011brov\u00e1n\u00edm vzadu. A\u0165 u\u017e si vyberete kteroukoli z [&hellip;]<\/p>\n","protected":false},"featured_media":39292,"comment_status":"open","ping_status":"closed","template":"","meta":[],"product_brand":[],"product_cat":[347,349],"product_tag":[],"class_list":{"0":"post-40374","1":"product","2":"type-product","3":"status-publish","4":"has-post-thumbnail","6":"product_cat-damske-sportovni-outfity","7":"product_cat-sportovni-outfity-s-leginami","8":"pa_cviat-bezove","9":"pa_razmer-m-cs","10":"pa_razmer-s-cs-2","11":"inventories-world","12":"inventories-uk","14":"first","15":"instock","16":"sale","17":"virtual","18":"taxable","19":"purchasable","20":"product-type-yith_bundle"},"_links":{"self":[{"href":"https:\/\/staging5.peach-pump.com\/cs\/wp-json\/wp\/v2\/product\/40374","targetHints":{"allow":["GET"]}}],"collection":[{"href":"https:\/\/staging5.peach-pump.com\/cs\/wp-json\/wp\/v2\/product"}],"about":[{"href":"https:\/\/staging5.peach-pump.com\/cs\/wp-json\/wp\/v2\/types\/product"}],"replies":[{"embeddable":true,"href":"https:\/\/staging5.peach-pump.com\/cs\/wp-json\/wp\/v2\/comments?post=40374"}],"version-history":[{"count":0,"href":"https:\/\/staging5.peach-pump.com\/cs\/wp-json\/wp\/v2\/product\/40374\/revisions"}],"wp:featuredmedia":[{"embeddable":true,"href":"https:\/\/staging5.peach-pump.com\/cs\/wp-json\/wp\/v2\/media\/39292"}],"wp:attachment":[{"href":"https:\/\/staging5.peach-pump.com\/cs\/wp-json\/wp\/v2\/media?parent=40374"}],"wp:term":[{"taxonomy":"product_brand","embeddable":true,"href":"https:\/\/staging5.peach-pump.com\/cs\/wp-json\/wp\/v2\/product_brand?post=40374"},{"taxonomy":"product_cat","embeddable":true,"href":"https:\/\/staging5.peach-pump.com\/cs\/wp-json\/wp\/v2\/product_cat?post=40374"},{"taxonomy":"product_tag","embeddable":true,"href":"https:\/\/staging5.peach-pump.com\/cs\/wp-json\/wp\/v2\/product_tag?post=40374"}],"curies":[{"name":"wp","href":"https:\/\/api.w.org\/{rel}","templated":true}]}}