{"id":40324,"date":"2023-05-20T22:33:59","date_gmt":"2023-05-20T20:33:59","guid":{"rendered":"https:\/\/staging5.peach-pump.com\/products\/velkolepa-podprsenka-na-jedno-raminko-bezove-barvy\/"},"modified":"2025-07-30T03:50:29","modified_gmt":"2025-07-30T01:50:29","slug":"podprsenka-na-jedno-raminko-v-bezove-barve","status":"publish","type":"product","link":"https:\/\/staging5.peach-pump.com\/cs\/products\/podprsenka-na-jedno-raminko-v-bezove-barve\/","title":{"rendered":"Sportovn\u00ed podprsenka na jedno ram\u00ednko v b\u00e9\u017eov\u00e9 barv\u011b"},"content":{"rendered":"<p>Sportovn\u00ed podprsenka b\u00e9\u017eov\u00e9 barvy. Model na jedno ram\u00ednko je vyroben z jemn\u00e9 \u017eebrovan\u00e9 tkaniny, je vybaven vycp\u00e1vkami, kter\u00e9 lze vyjmout. Podprsenka je z prody\u0161n\u00e9 l\u00e1tky, kter\u00e1 odv\u00e1d\u00ed vlhkost od t\u011bla. Lze sladit s leg\u00ednami stejn\u00e9 barvy a l\u00e1tky, viz sekci Sportovn\u00ed sety s leg\u00ednami.<\/p>\n<ul>\n<li>\u017debrovan\u00fd materi\u00e1l<\/li>\n<li>Tepeln\u00fd potisk loga Peach Pump na boku podprsenky<\/li>\n<li>Velk\u00e1 pru\u017enost<\/li>\n<li>Beze\u0161v\u00e1 \u017eebrovan\u00e1 tkanina<\/li>\n<li>Vycp\u00e1vky, vyj\u00edmateln\u00e9<\/li>\n<li>Jedno ram\u00ednko<\/li>\n<li>Dvojit\u00e1 guma vzadu<\/li>\n<\/ul>\n<p>Slo\u017een\u00ed: 80 % polyester, 20 % elastan.<\/p>\n<p>Modelka na obr\u00e1zku m\u011b\u0159\u00ed 178 cm, v\u00e1\u017e\u00ed 54 kg a m\u00e1 na sob\u011b velikost M.<\/p>\n<p>Podprsenku lze pr\u00e1t na 30 stup\u0148\u016f, nepou\u017e\u00edvat b\u011blidla a ne\u010distit chemicky.<\/p>\n","protected":false},"excerpt":{"rendered":"<p>Sportovn\u00ed podprsenka b\u00e9\u017eov\u00e9 barvy. Model na jedno ram\u00ednko je vyroben z jemn\u00e9 \u017eebrovan\u00e9 tkaniny, je vybaven vycp\u00e1vkami, kter\u00e9 lze vyjmout. Podprsenka je z prody\u0161n\u00e9 l\u00e1tky, kter\u00e1 odv\u00e1d\u00ed vlhkost od t\u011bla. Lze sladit s leg\u00ednami stejn\u00e9 barvy a l\u00e1tky, viz sekci Sportovn\u00ed sety s leg\u00ednami. \u017debrovan\u00fd materi\u00e1l Tepeln\u00fd potisk loga Peach Pump na boku podprsenky Velk\u00e1 [&hellip;]<\/p>\n","protected":false},"featured_media":39711,"comment_status":"open","ping_status":"closed","template":"","meta":[],"product_brand":[],"product_cat":[346],"product_tag":[],"class_list":{"0":"post-40324","1":"product","2":"type-product","3":"status-publish","4":"has-post-thumbnail","6":"product_cat-damske-podprsenky-sportovni-fitness","7":"pa_cviat-bezove","8":"pa_razmer-l-cs","9":"pa_razmer-m-cs","10":"pa_razmer-s-cs-2","11":"inventories-world","12":"inventories-uk","14":"first","15":"instock","16":"sale","17":"taxable","18":"shipping-taxable","19":"purchasable","20":"product-type-variable"},"_links":{"self":[{"href":"https:\/\/staging5.peach-pump.com\/cs\/wp-json\/wp\/v2\/product\/40324","targetHints":{"allow":["GET"]}}],"collection":[{"href":"https:\/\/staging5.peach-pump.com\/cs\/wp-json\/wp\/v2\/product"}],"about":[{"href":"https:\/\/staging5.peach-pump.com\/cs\/wp-json\/wp\/v2\/types\/product"}],"replies":[{"embeddable":true,"href":"https:\/\/staging5.peach-pump.com\/cs\/wp-json\/wp\/v2\/comments?post=40324"}],"version-history":[{"count":0,"href":"https:\/\/staging5.peach-pump.com\/cs\/wp-json\/wp\/v2\/product\/40324\/revisions"}],"wp:featuredmedia":[{"embeddable":true,"href":"https:\/\/staging5.peach-pump.com\/cs\/wp-json\/wp\/v2\/media\/39711"}],"wp:attachment":[{"href":"https:\/\/staging5.peach-pump.com\/cs\/wp-json\/wp\/v2\/media?parent=40324"}],"wp:term":[{"taxonomy":"product_brand","embeddable":true,"href":"https:\/\/staging5.peach-pump.com\/cs\/wp-json\/wp\/v2\/product_brand?post=40324"},{"taxonomy":"product_cat","embeddable":true,"href":"https:\/\/staging5.peach-pump.com\/cs\/wp-json\/wp\/v2\/product_cat?post=40324"},{"taxonomy":"product_tag","embeddable":true,"href":"https:\/\/staging5.peach-pump.com\/cs\/wp-json\/wp\/v2\/product_tag?post=40324"}],"curies":[{"name":"wp","href":"https:\/\/api.w.org\/{rel}","templated":true}]}}