{"id":35895,"date":"2023-01-13T13:24:53","date_gmt":"2023-01-13T11:24:53","guid":{"rendered":"https:\/\/staging5.peach-pump.com\/products\/ruzove-bezesve-leginy-s-tvarujicim-efektem\/"},"modified":"2025-02-22T19:00:22","modified_gmt":"2025-02-22T17:00:22","slug":"ruzove-bezesve-leginy-s-tvarujicim-efektem-2","status":"publish","type":"product","link":"https:\/\/staging5.peach-pump.com\/cs\/products\/ruzove-bezesve-leginy-s-tvarujicim-efektem-2\/","title":{"rendered":"R\u016f\u017eov\u00e9 beze\u0161v\u00e9 leg\u00edny s tvaruj\u00edc\u00edm efektem"},"content":{"rendered":"<p>R\u016f\u017eov\u00e9 beze\u0161v\u00e9 leg\u00edny z pevn\u00e9ho elastick\u00e9ho materi\u00e1lu. Tyto leg\u00edny jsou vybaveny vysok\u00fdm pasem, jsou z pevn\u011bj\u0161\u00edho materi\u00e1lu, ide\u00e1ln\u00ed na chladn\u00e9 podzimn\u00ed a zimn\u00ed dny. Leg\u00edny maj\u00ed \u0161irok\u00fd p\u00e1s, zvedaj\u00edc\u00ed a tvaruj\u00edc\u00ed efekt, kter\u00fd na\u0161e zna\u010dka miluje. Tyto leg\u00edny v\u00e1s ohrom\u00ed svou m\u011bkkost\u00ed, teplem a zp\u016fsobem, jak\u00fdm va\u0161i postavu vytvaruj\u00ed. Model lze kombinovat s halenkou nebo bustierem, pod\u00edvejte se na na\u0161e n\u00e1vrhy.  <\/p>\n<ul>\n<li> Vysok\u00fd pas<\/li>\n<li> Beze\u0161v\u00fd \u017eebrovan\u00fd materi\u00e1l<\/li>\n<li> Zvedaj\u00ed, vytvaruj\u00ed, zakr\u00fdvaj\u00ed probl\u00e9mov\u00e9 oblasti<\/li>\n<li> Pevn\u011bj\u0161\u00ed<\/li>\n<li> \u017debrovan\u00fd d\u00edl obep\u00ednaj\u00edc\u00ed pas<\/li>\n<li> Broskvov\u00fd efekt<\/li>\n<li> Bez \u0161vu vp\u0159edu<\/li>\n<li> Tepeln\u00fd potisk loga Peach Pump na zadn\u00ed stran\u011b leg\u00edn<\/li>\n<li> Materi\u00e1l odv\u00e1d\u011bj\u00edc\u00ed vlhkost<\/li>\n<\/ul>\n<p> Slo\u017een\u00ed: 80 % polyester, 20 % elastan. Leg\u00edny lze pr\u00e1t na 30 stup\u0148\u016f, nepou\u017e\u00edvat b\u011blidla a ne\u010distit chemicky. Modelka na obr\u00e1zku je vysok\u00e1 178 cm, v\u00e1\u017e\u00ed 54 kg a m\u00e1 na sob\u011b velikost M. Pro v\u00fdb\u011br p\u0159esn\u00e9 velikosti se pros\u00edm \u0159i\u010fte tabulkami.<\/p>\n","protected":false},"excerpt":{"rendered":"<p>R\u016f\u017eov\u00e9 beze\u0161v\u00e9 leg\u00edny z pevn\u00e9ho elastick\u00e9ho materi\u00e1lu. Tyto leg\u00edny jsou vybaveny vysok\u00fdm pasem, jsou z pevn\u011bj\u0161\u00edho materi\u00e1lu, ide\u00e1ln\u00ed na chladn\u00e9 podzimn\u00ed a zimn\u00ed dny. Leg\u00edny maj\u00ed \u0161irok\u00fd p\u00e1s, zvedaj\u00edc\u00ed a tvaruj\u00edc\u00ed efekt, kter\u00fd na\u0161e zna\u010dka miluje. Tyto leg\u00edny v\u00e1s ohrom\u00ed svou m\u011bkkost\u00ed, teplem a zp\u016fsobem, jak\u00fdm va\u0161i postavu vytvaruj\u00ed. Model lze kombinovat s halenkou nebo [&hellip;]<\/p>\n","protected":false},"featured_media":26315,"comment_status":"open","ping_status":"closed","template":"","meta":[],"product_brand":[],"product_cat":[137,296],"product_tag":[],"class_list":{"0":"post-35895","1":"product","2":"type-product","3":"status-publish","4":"has-post-thumbnail","6":"product_cat-damske-sportovni-leginy","7":"product_cat-damske-leginy-dlouhe","8":"pa_cviat-ruzovy","9":"pa_razmer-l-cs","10":"pa_razmer-m-cs","11":"pa_razmer-s-cs-2","12":"inventories-world","13":"inventories-uk","15":"first","16":"instock","17":"taxable","18":"shipping-taxable","19":"purchasable","20":"product-type-variable"},"_links":{"self":[{"href":"https:\/\/staging5.peach-pump.com\/cs\/wp-json\/wp\/v2\/product\/35895","targetHints":{"allow":["GET"]}}],"collection":[{"href":"https:\/\/staging5.peach-pump.com\/cs\/wp-json\/wp\/v2\/product"}],"about":[{"href":"https:\/\/staging5.peach-pump.com\/cs\/wp-json\/wp\/v2\/types\/product"}],"replies":[{"embeddable":true,"href":"https:\/\/staging5.peach-pump.com\/cs\/wp-json\/wp\/v2\/comments?post=35895"}],"version-history":[{"count":0,"href":"https:\/\/staging5.peach-pump.com\/cs\/wp-json\/wp\/v2\/product\/35895\/revisions"}],"wp:featuredmedia":[{"embeddable":true,"href":"https:\/\/staging5.peach-pump.com\/cs\/wp-json\/wp\/v2\/media\/26315"}],"wp:attachment":[{"href":"https:\/\/staging5.peach-pump.com\/cs\/wp-json\/wp\/v2\/media?parent=35895"}],"wp:term":[{"taxonomy":"product_brand","embeddable":true,"href":"https:\/\/staging5.peach-pump.com\/cs\/wp-json\/wp\/v2\/product_brand?post=35895"},{"taxonomy":"product_cat","embeddable":true,"href":"https:\/\/staging5.peach-pump.com\/cs\/wp-json\/wp\/v2\/product_cat?post=35895"},{"taxonomy":"product_tag","embeddable":true,"href":"https:\/\/staging5.peach-pump.com\/cs\/wp-json\/wp\/v2\/product_tag?post=35895"}],"curies":[{"name":"wp","href":"https:\/\/api.w.org\/{rel}","templated":true}]}}