{"id":35770,"date":"2022-06-19T09:01:06","date_gmt":"2022-06-19T07:01:06","guid":{"rendered":"https:\/\/staging5.peach-pump.com\/products\/kratke-bile-leginy-na-fitness-a-behani-zebrovana-latka\/"},"modified":"2025-07-31T10:14:06","modified_gmt":"2025-07-31T08:14:06","slug":"kratke-bile-leginy-na-fitness-zebrovane","status":"publish","type":"product","link":"https:\/\/staging5.peach-pump.com\/cs\/products\/kratke-bile-leginy-na-fitness-zebrovane\/","title":{"rendered":"Kr\u00e1tk\u00e9 b\u00edl\u00e9 leg\u00edny na fitness a b\u011bh\u00e1n\u00ed \u017eebrovan\u00e1 l\u00e1tka"},"content":{"rendered":"<p>Kr\u00e1tk\u00e9 b\u00edl\u00e9 leg\u00edny na fitness a jin\u00e9 sporty ze \u017eebrovan\u00e9 tkaniny. Leg\u00edny jsou vykrojen\u011bj\u0161\u00ed, l\u00e1tka je pevn\u00e1, nepr\u016fhledn\u00e1, kr\u00e1sn\u011b stoj\u00ed na t\u011ble. Model m\u00e1 vysok\u00fd pas a lze jej kombinovat s b\u00edl\u00fdm topem nebo s podprsenkou na jedno ram\u00ednko, kter\u00e9 jsou vyrobeny ze stejn\u00e9 l\u00e1tky, m\u016f\u017eete si je prohl\u00e9dnout na na\u0161\u00ed str\u00e1nce v sekci topy a podprsenky.<\/p>\n<ul>\n<li>Vysok\u00fd pas<\/li>\n<li>\u017debrovan\u00fd materi\u00e1l<\/li>\n<li>\u017debrovan\u00fd d\u00edl v pase, kter\u00fd pas obep\u00edn\u00e1<\/li>\n<li>Bez \u0161vu v p\u0159edn\u00ed \u010d\u00e1sti<\/li>\n<li>Tepeln\u00fd potisk loga Peach Pump na zadn\u00ed stran\u011b leg\u00edn<\/li>\n<\/ul>\n<p>Slo\u017een\u00ed: 80 % polyester, 20 % elastan<\/p>\n<p>Leg\u00edny lze pr\u00e1t na 30 stup\u0148\u016f, neb\u011blit a ne\u010distit chemicky.<\/p>\n<p>Modelka na obr\u00e1zku je vysok\u00e1 178 cm, v\u00e1\u017e\u00ed 54 kg a m\u00e1 na sob\u011b velikost S.<\/p>\n<p>Pro v\u00fdb\u011br p\u0159esn\u00e9 velikosti pros\u00edm pou\u017eijte tabulek.<\/p>\n","protected":false},"excerpt":{"rendered":"<p>Kr\u00e1tk\u00e9 b\u00edl\u00e9 leg\u00edny na fitness a jin\u00e9 sporty ze \u017eebrovan\u00e9 tkaniny. Leg\u00edny jsou vykrojen\u011bj\u0161\u00ed, l\u00e1tka je pevn\u00e1, nepr\u016fhledn\u00e1, kr\u00e1sn\u011b stoj\u00ed na t\u011ble. Model m\u00e1 vysok\u00fd pas a lze jej kombinovat s b\u00edl\u00fdm topem nebo s podprsenkou na jedno ram\u00ednko, kter\u00e9 jsou vyrobeny ze stejn\u00e9 l\u00e1tky, m\u016f\u017eete si je prohl\u00e9dnout na na\u0161\u00ed str\u00e1nce v sekci topy [&hellip;]<\/p>\n","protected":false},"featured_media":12935,"comment_status":"open","ping_status":"closed","template":"","meta":[],"product_brand":[],"product_cat":[137,197],"product_tag":[],"class_list":{"0":"post-35770","1":"product","2":"type-product","3":"status-publish","4":"has-post-thumbnail","6":"product_cat-damske-sportovni-leginy","7":"product_cat-kratke-leginy","8":"pa_cviat-bily-cs","9":"pa_razmer-m-cs","10":"pa_razmer-s-cs-2","11":"inventories-world","13":"first","14":"instock","15":"sale","16":"taxable","17":"shipping-taxable","18":"purchasable","19":"product-type-variable"},"_links":{"self":[{"href":"https:\/\/staging5.peach-pump.com\/cs\/wp-json\/wp\/v2\/product\/35770","targetHints":{"allow":["GET"]}}],"collection":[{"href":"https:\/\/staging5.peach-pump.com\/cs\/wp-json\/wp\/v2\/product"}],"about":[{"href":"https:\/\/staging5.peach-pump.com\/cs\/wp-json\/wp\/v2\/types\/product"}],"replies":[{"embeddable":true,"href":"https:\/\/staging5.peach-pump.com\/cs\/wp-json\/wp\/v2\/comments?post=35770"}],"version-history":[{"count":0,"href":"https:\/\/staging5.peach-pump.com\/cs\/wp-json\/wp\/v2\/product\/35770\/revisions"}],"wp:featuredmedia":[{"embeddable":true,"href":"https:\/\/staging5.peach-pump.com\/cs\/wp-json\/wp\/v2\/media\/12935"}],"wp:attachment":[{"href":"https:\/\/staging5.peach-pump.com\/cs\/wp-json\/wp\/v2\/media?parent=35770"}],"wp:term":[{"taxonomy":"product_brand","embeddable":true,"href":"https:\/\/staging5.peach-pump.com\/cs\/wp-json\/wp\/v2\/product_brand?post=35770"},{"taxonomy":"product_cat","embeddable":true,"href":"https:\/\/staging5.peach-pump.com\/cs\/wp-json\/wp\/v2\/product_cat?post=35770"},{"taxonomy":"product_tag","embeddable":true,"href":"https:\/\/staging5.peach-pump.com\/cs\/wp-json\/wp\/v2\/product_tag?post=35770"}],"curies":[{"name":"wp","href":"https:\/\/api.w.org\/{rel}","templated":true}]}}