{"id":35733,"date":"2022-06-29T15:21:25","date_gmt":"2022-06-29T13:21:25","guid":{"rendered":"https:\/\/staging5.peach-pump.com\/products\/bezesve-sportovni-leginy-v-gradientni-modre-barve\/"},"modified":"2025-12-07T11:31:43","modified_gmt":"2025-12-07T09:31:43","slug":"bezesve-sportovni-legin-gradientni-modre","status":"publish","type":"product","link":"https:\/\/staging5.peach-pump.com\/cs\/products\/bezesve-sportovni-legin-gradientni-modre\/","title":{"rendered":"Beze\u0161v\u00e9 sportovn\u00ed leg\u00edny v gradientn\u00ed modr\u00e9 barv\u011b"},"content":{"rendered":"<p>D\u00e1msk\u00e9 beze\u0161v\u00e9 sportovn\u00ed leg\u00edny v gradientn\u00ed modr\u00e9 barv\u011b. Leg\u00edny je vytvo\u0159en z beze\u0161v\u00e9 tkaniny, laserem zten\u010den\u00fdch prvk\u016f, kter\u00e9 zabra\u0148uj\u00ed pocen\u00ed p\u0159i tr\u00e9ninku nebo b\u011bhu. Leg\u00edny maj\u00ed kr\u00e1sn\u00fd efekt Peach Pump a barvy jsou jemn\u011b p\u0159el\u00e9vaj\u00edc\u00ed, model se vyzna\u010duje vysok\u00fdm pasem a pevn\u00fdm p\u00e1skem, kter\u00fd stahuje a vytvaruje. P\u0159i v\u00fdb\u011bru velikosti m\u011bjte pros\u00edm na mysli, \u017ee leg\u00edny jsou vyrobeny z pevn\u011bj\u0161\u00ed tkaniny, na\u0161e modelka m\u00e1 na sob\u011b velikost M.<\/p>\n<ul>\n<li>Vysok\u00fd pas<\/li>\n<li>Beze\u0161v\u00e1 tkanina<\/li>\n<li>Zved\u00e1 a vytvaruje<\/li>\n<li>\u017debrovan\u00fd d\u00edl v pase, kter\u00fd p\u00e1s obep\u00edn\u00e1<\/li>\n<li>Broskvov\u00fd efekt<\/li>\n<li>Beze \u0161vu vp\u0159edu<\/li>\n<li>Tepeln\u00fd potisk loga Peach Pump na zadn\u00ed stran\u011b leg\u00edn<\/li>\n<li>Technologie odv\u00e1d\u011bn\u00ed vlhkosti<\/li>\n<\/ul>\n<p>Slo\u017een\u00ed: 80 % polyester, 20 % elastan<\/p>\n<p>Leg\u00edny lze pr\u00e1t na 30 stup\u0148\u016f, nepou\u017e\u00edvat b\u011blidla a ne\u010distit chemicky.<\/p>\n<p>Modelka na obr\u00e1zku m\u011b\u0159\u00ed 178 cm, v\u00e1\u017e\u00ed 54 kg a m\u00e1 na sob\u011b velikost M (Leg\u00edny jsou z pevn\u011bj\u0161\u00ed l\u00e1tky).<\/p>\n<p>Pro v\u00fdb\u011br p\u0159esn\u00e9 velikosti pros\u00edm pou\u017eijte tabulek.<\/p>\n","protected":false},"excerpt":{"rendered":"<p>D\u00e1msk\u00e9 beze\u0161v\u00e9 sportovn\u00ed leg\u00edny v gradientn\u00ed modr\u00e9 barv\u011b. Leg\u00edny je vytvo\u0159en z beze\u0161v\u00e9 tkaniny, laserem zten\u010den\u00fdch prvk\u016f, kter\u00e9 zabra\u0148uj\u00ed pocen\u00ed p\u0159i tr\u00e9ninku nebo b\u011bhu. Leg\u00edny maj\u00ed kr\u00e1sn\u00fd efekt Peach Pump a barvy jsou jemn\u011b p\u0159el\u00e9vaj\u00edc\u00ed, model se vyzna\u010duje vysok\u00fdm pasem a pevn\u00fdm p\u00e1skem, kter\u00fd stahuje a vytvaruje. P\u0159i v\u00fdb\u011bru velikosti m\u011bjte pros\u00edm na mysli, \u017ee [&hellip;]<\/p>\n","protected":false},"featured_media":17825,"comment_status":"open","ping_status":"closed","template":"","meta":[],"product_brand":[],"product_cat":[137,296],"product_tag":[],"class_list":{"0":"post-35733","1":"product","2":"type-product","3":"status-publish","4":"has-post-thumbnail","6":"product_cat-damske-sportovni-leginy","7":"product_cat-damske-leginy-dlouhe","8":"pa_cviat-modra","9":"pa_razmer-l-cs","10":"pa_razmer-m-cs","11":"pa_razmer-s-cs-2","12":"inventories-world","13":"inventories-uk","15":"first","16":"instock","17":"sale","18":"taxable","19":"shipping-taxable","20":"purchasable","21":"product-type-variable"},"_links":{"self":[{"href":"https:\/\/staging5.peach-pump.com\/cs\/wp-json\/wp\/v2\/product\/35733","targetHints":{"allow":["GET"]}}],"collection":[{"href":"https:\/\/staging5.peach-pump.com\/cs\/wp-json\/wp\/v2\/product"}],"about":[{"href":"https:\/\/staging5.peach-pump.com\/cs\/wp-json\/wp\/v2\/types\/product"}],"replies":[{"embeddable":true,"href":"https:\/\/staging5.peach-pump.com\/cs\/wp-json\/wp\/v2\/comments?post=35733"}],"version-history":[{"count":0,"href":"https:\/\/staging5.peach-pump.com\/cs\/wp-json\/wp\/v2\/product\/35733\/revisions"}],"wp:featuredmedia":[{"embeddable":true,"href":"https:\/\/staging5.peach-pump.com\/cs\/wp-json\/wp\/v2\/media\/17825"}],"wp:attachment":[{"href":"https:\/\/staging5.peach-pump.com\/cs\/wp-json\/wp\/v2\/media?parent=35733"}],"wp:term":[{"taxonomy":"product_brand","embeddable":true,"href":"https:\/\/staging5.peach-pump.com\/cs\/wp-json\/wp\/v2\/product_brand?post=35733"},{"taxonomy":"product_cat","embeddable":true,"href":"https:\/\/staging5.peach-pump.com\/cs\/wp-json\/wp\/v2\/product_cat?post=35733"},{"taxonomy":"product_tag","embeddable":true,"href":"https:\/\/staging5.peach-pump.com\/cs\/wp-json\/wp\/v2\/product_tag?post=35733"}],"curies":[{"name":"wp","href":"https:\/\/api.w.org\/{rel}","templated":true}]}}