{"id":35520,"date":"2022-07-04T18:32:56","date_gmt":"2022-07-04T16:32:56","guid":{"rendered":"https:\/\/staging5.peach-pump.com\/products\/ruzovy-sportovni-top-se-zipem-na-fitness\/"},"modified":"2025-07-19T05:39:54","modified_gmt":"2025-07-19T03:39:54","slug":"ruzovy-sportovni-top-na-zip-na-fitness","status":"publish","type":"product","link":"https:\/\/staging5.peach-pump.com\/cs\/products\/ruzovy-sportovni-top-na-zip-na-fitness\/","title":{"rendered":"R\u016f\u017eov\u00fd sportovn\u00ed top na zip na fitness"},"content":{"rendered":"<p>D\u00e1msk\u00fd r\u016f\u017eov\u00fd sportovn\u00ed top na zip na fitness a sport z m\u011bkk\u00e9 \u017eebrovan\u00e9 tkaniny. Top je vybaven dvoucestn\u00fdm zipem, kter\u00fd mu p\u0159id\u00e1 zaj\u00edmav\u00fd a odli\u0161n\u00fd vzhled. Skv\u011bl\u00fd na fitness, j\u00f3gu, tenis i proch\u00e1zky. Tkanina, ze kter\u00e9 je vyroben, je prody\u0161n\u00e1 a nezanech\u00e1v\u00e1 stopy potu, v tomto modelu se budete c\u00edtit pohodln\u011b a sebev\u011bdom\u011b.<\/p>\n<ul>\n<li>\u017debrovan\u00e1 tkanina<\/li>\n<li>Dvoucestn\u00fd zip<\/li>\n<li>Velk\u00e1 pru\u017enost<\/li>\n<li>Tepeln\u00fd potisk loga Peach Pump v p\u0159edn\u00ed \u010d\u00e1sti topu<\/li>\n<li>Technologie odv\u00e1d\u011bn\u00ed vlhkosti<\/li>\n<\/ul>\n<p>Slo\u017een\u00ed: 80 % polyester, 20 % elastan<\/p>\n<p>Top lze pr\u00e1t na 30 stup\u0148\u016f, nepou\u017e\u00edvat b\u011blidla a ne\u010distit chemicky.<\/p>\n<p>Modelka na fotografii m\u011b\u0159\u00ed 178 cm, v\u00e1\u017e\u00ed 54 kg a m\u00e1 na sob\u011b velikost M.<\/p>\n<p>Pro v\u00fdb\u011br p\u0159esn\u00e9 velikosti pros\u00edm pou\u017eijte tabulek.<\/p>\n","protected":false},"excerpt":{"rendered":"<p>D\u00e1msk\u00fd r\u016f\u017eov\u00fd sportovn\u00ed top na zip na fitness a sport z m\u011bkk\u00e9 \u017eebrovan\u00e9 tkaniny. Top je vybaven dvoucestn\u00fdm zipem, kter\u00fd mu p\u0159id\u00e1 zaj\u00edmav\u00fd a odli\u0161n\u00fd vzhled. Skv\u011bl\u00fd na fitness, j\u00f3gu, tenis i proch\u00e1zky. Tkanina, ze kter\u00e9 je vyroben, je prody\u0161n\u00e1 a nezanech\u00e1v\u00e1 stopy potu, v tomto modelu se budete c\u00edtit pohodln\u011b a sebev\u011bdom\u011b. \u017debrovan\u00e1 tkanina [&hellip;]<\/p>\n","protected":false},"featured_media":18512,"comment_status":"open","ping_status":"closed","template":"","meta":[],"product_brand":[],"product_cat":[345],"product_tag":[],"class_list":{"0":"post-35520","1":"product","2":"type-product","3":"status-publish","4":"has-post-thumbnail","6":"product_cat-damske-sportovni-topy-tilko","7":"pa_cviat-ruzovy","8":"pa_razmer-m-cs","9":"pa_razmer-s-cs-2","10":"inventories-world","11":"inventories-uk","13":"first","14":"instock","15":"sale","16":"taxable","17":"shipping-taxable","18":"purchasable","19":"product-type-variable"},"_links":{"self":[{"href":"https:\/\/staging5.peach-pump.com\/cs\/wp-json\/wp\/v2\/product\/35520","targetHints":{"allow":["GET"]}}],"collection":[{"href":"https:\/\/staging5.peach-pump.com\/cs\/wp-json\/wp\/v2\/product"}],"about":[{"href":"https:\/\/staging5.peach-pump.com\/cs\/wp-json\/wp\/v2\/types\/product"}],"replies":[{"embeddable":true,"href":"https:\/\/staging5.peach-pump.com\/cs\/wp-json\/wp\/v2\/comments?post=35520"}],"version-history":[{"count":0,"href":"https:\/\/staging5.peach-pump.com\/cs\/wp-json\/wp\/v2\/product\/35520\/revisions"}],"wp:featuredmedia":[{"embeddable":true,"href":"https:\/\/staging5.peach-pump.com\/cs\/wp-json\/wp\/v2\/media\/18512"}],"wp:attachment":[{"href":"https:\/\/staging5.peach-pump.com\/cs\/wp-json\/wp\/v2\/media?parent=35520"}],"wp:term":[{"taxonomy":"product_brand","embeddable":true,"href":"https:\/\/staging5.peach-pump.com\/cs\/wp-json\/wp\/v2\/product_brand?post=35520"},{"taxonomy":"product_cat","embeddable":true,"href":"https:\/\/staging5.peach-pump.com\/cs\/wp-json\/wp\/v2\/product_cat?post=35520"},{"taxonomy":"product_tag","embeddable":true,"href":"https:\/\/staging5.peach-pump.com\/cs\/wp-json\/wp\/v2\/product_tag?post=35520"}],"curies":[{"name":"wp","href":"https:\/\/api.w.org\/{rel}","templated":true}]}}