{"id":33934,"date":"2022-09-24T15:26:21","date_gmt":"2022-09-24T13:26:21","guid":{"rendered":"https:\/\/staging5.peach-pump.com\/products\/svetle-zelene-leginy-s-vysokym-pasem-bezesve-a-tvarujici\/"},"modified":"2025-07-25T14:46:35","modified_gmt":"2025-07-25T12:46:35","slug":"svetle-zelene-leginy-bezesve-tvarujici","status":"publish","type":"product","link":"https:\/\/staging5.peach-pump.com\/cs\/products\/svetle-zelene-leginy-bezesve-tvarujici\/","title":{"rendered":"Sv\u011btle zelen\u00e9 leg\u00edny s vysok\u00fdm pasem, beze\u0161v\u00e9 a tvaruj\u00edc\u00ed"},"content":{"rendered":"<p>Sv\u011btle zelen\u00e9 leg\u00edny m\u00e1tov\u00e9 barvy s obl\u00edben\u00fdm efektem Peach Pump, kter\u00fd dokonale tvaruje a vytv\u00e1\u0159\u00ed pocit lehkosti a pohodl\u00ed. Leg\u00edny jsou vyrobeny z beze\u0161v\u00e9 tkaniny, maj\u00ed vysok\u00fd pas a \u017eebrovan\u00fd p\u00e1sek, kter\u00fd pas jemn\u011b stahuje a vytvaruje. Model se hod\u00ed na posilov\u00e1n\u00ed , j\u00f3gu nebo kardio , v n\u011bm vyniknete a ka\u017ed\u00e9ho ohrom\u00edte. Tento model lze kombinovat s podprsenkou stejn\u00e9ho vzoru nebo si m\u016f\u017eete prohl\u00e9dnout dal\u0161\u00ed na\u0161e barvy v sekci &#8220;Sportovn\u00ed sety&#8221;. Kl\u00ednek je vyroben z pevn\u011bj\u0161\u00edho materi\u00e1lu, na\u0161e modelka m\u00e1 na sob\u011b velikost M.  <\/p>\n<ul>\n<li>Vysok\u00fd pas<\/li>\n<li>Beze\u0161v\u00e1 tkanina<\/li>\n<li>Zved\u00e1, vytvaruje, zakr\u00fdv\u00e1 probl\u00e9mov\u00e9 oblasti<\/li>\n<li>\u017debrovan\u00fd d\u00edl v pase, kter\u00fd p\u00e1s obep\u00edn\u00e1<\/li>\n<li>Broskvov\u00fd efekt<\/li>\n<li>Bez \u0161vu v p\u0159edn\u00ed \u010d\u00e1sti<\/li>\n<li>Tepeln\u00fd potisk loga Peach Pump na zadn\u00ed stran\u011b leg\u00edn<\/li>\n<li>Technologie odv\u00e1d\u011bn\u00ed vlhkosti<\/li>\n<\/ul>\n<p> Slo\u017een\u00ed: 80 % polyester, 20 % elastan. Leg\u00edny lze pr\u00e1t na 30 stup\u0148\u016f, nepou\u017e\u00edvat b\u011blidla a ne\u010distit chemicky. Modelka na obr\u00e1zku je vysok\u00e1 178 cm, v\u00e1\u017e\u00ed 54 kg a m\u00e1 na sob\u011b velikost M. Leg\u00edny jsou z pevn\u011bj\u0161\u00ed l\u00e1tky. Pro v\u00fdb\u011br p\u0159esn\u00e9 velikosti pros\u00edm pou\u017eijte tabulek.<\/p>\n","protected":false},"excerpt":{"rendered":"<p>Sv\u011btle zelen\u00e9 leg\u00edny m\u00e1tov\u00e9 barvy s obl\u00edben\u00fdm efektem Peach Pump, kter\u00fd dokonale tvaruje a vytv\u00e1\u0159\u00ed pocit lehkosti a pohodl\u00ed. Leg\u00edny jsou vyrobeny z beze\u0161v\u00e9 tkaniny, maj\u00ed vysok\u00fd pas a \u017eebrovan\u00fd p\u00e1sek, kter\u00fd pas jemn\u011b stahuje a vytvaruje. Model se hod\u00ed na posilov\u00e1n\u00ed , j\u00f3gu nebo kardio , v n\u011bm vyniknete a ka\u017ed\u00e9ho ohrom\u00edte. Tento model [&hellip;]<\/p>\n","protected":false},"featured_media":20451,"comment_status":"open","ping_status":"closed","template":"","meta":[],"product_brand":[],"product_cat":[137,296],"product_tag":[],"class_list":{"0":"post-33934","1":"product","2":"type-product","3":"status-publish","4":"has-post-thumbnail","6":"product_cat-damske-sportovni-leginy","7":"product_cat-damske-leginy-dlouhe","8":"pa_cviat-zelena-cs","9":"pa_razmer-l-cs","10":"pa_razmer-m-cs","11":"pa_razmer-s-cs-2","12":"inventories-world","13":"inventories-uk","15":"first","16":"instock","17":"taxable","18":"shipping-taxable","19":"purchasable","20":"product-type-variable"},"_links":{"self":[{"href":"https:\/\/staging5.peach-pump.com\/cs\/wp-json\/wp\/v2\/product\/33934","targetHints":{"allow":["GET"]}}],"collection":[{"href":"https:\/\/staging5.peach-pump.com\/cs\/wp-json\/wp\/v2\/product"}],"about":[{"href":"https:\/\/staging5.peach-pump.com\/cs\/wp-json\/wp\/v2\/types\/product"}],"replies":[{"embeddable":true,"href":"https:\/\/staging5.peach-pump.com\/cs\/wp-json\/wp\/v2\/comments?post=33934"}],"version-history":[{"count":0,"href":"https:\/\/staging5.peach-pump.com\/cs\/wp-json\/wp\/v2\/product\/33934\/revisions"}],"wp:featuredmedia":[{"embeddable":true,"href":"https:\/\/staging5.peach-pump.com\/cs\/wp-json\/wp\/v2\/media\/20451"}],"wp:attachment":[{"href":"https:\/\/staging5.peach-pump.com\/cs\/wp-json\/wp\/v2\/media?parent=33934"}],"wp:term":[{"taxonomy":"product_brand","embeddable":true,"href":"https:\/\/staging5.peach-pump.com\/cs\/wp-json\/wp\/v2\/product_brand?post=33934"},{"taxonomy":"product_cat","embeddable":true,"href":"https:\/\/staging5.peach-pump.com\/cs\/wp-json\/wp\/v2\/product_cat?post=33934"},{"taxonomy":"product_tag","embeddable":true,"href":"https:\/\/staging5.peach-pump.com\/cs\/wp-json\/wp\/v2\/product_tag?post=33934"}],"curies":[{"name":"wp","href":"https:\/\/api.w.org\/{rel}","templated":true}]}}